{"id":128,"date":"2023-01-19T17:59:13","date_gmt":"2023-01-19T15:59:13","guid":{"rendered":"https:\/\/porvoonurheilijat.fi\/jvoimistelu\/?page_id=128"},"modified":"2025-08-14T20:28:02","modified_gmt":"2025-08-14T17:28:02","slug":"valmennus","status":"publish","type":"page","link":"https:\/\/porvoonurheilijat.fi\/jvoimistelu\/valmennus\/","title":{"rendered":"Valmennus"},"content":{"rendered":"\n<p>Syksyll\u00e4 2025 joukkueita valmentavat Laura Sandberg, Saija Turunen, Julia Laaksonen ja Enni Toivonen. Lis\u00e4ksi apuvalmentajina toimivat Ellen Bremer, Kiira Saario, Milla Perikangas, Elea Etel\u00e4niemi ja Elsa Nordlund.<\/p>\n\n\n\n<p><strong>Eloisa<\/strong> &#8211; <em>valmentajat:<\/em> Laura Sandberg &amp; Julia Laaksonen, <em>koreografia:<\/em> Heini Tuovinen, Milla Ruokolainen<br><strong>Unica<\/strong> &#8211; <em>valmentajat<\/em>: Laura Sandberg &amp; Saija Turunen, <em>koreografia:<\/em> Mira Syrj\u00e4l\u00e4<br><strong>Fianna<\/strong> &#8211; <em>valmentajat:<\/em> Saija Turunen &amp; Julia Laaksonen, <em>koreografia:<\/em> Mira Syrj\u00e4l\u00e4<br><strong>Neoni<\/strong> &#8211; <em>valmentajat:<\/em> Enni Toivonen, Elea Etel\u00e4niemi &amp; Milla Perikangas, <em>apuvalmentaja:<\/em> Elsa Nordlund, <em>koreografia:<\/em> Enni Toivonen<br><strong>Minit<\/strong> &#8211; <em>valmentaja: <\/em>Julia Laaksonen, <em>apuvalmentajat:<\/em> Kiira Saario &amp; Ellen Bremer, <em>koreografia:<\/em> Julia Laaksonen<\/p>\n\n\n\n<p><strong>Lis\u00e4tiedot ja yhteydenotot joukkuevoimisteluun liittyen:<\/strong>&nbsp;laura.sandberg30@gmail.com<\/p>\n\n\n\n<p><\/p>\n","protected":false},"excerpt":{"rendered":"<p>Syksyll\u00e4 2025 joukkueita valmentavat Laura Sandberg, Saija Turunen, Julia Laaksonen ja Enni Toivonen. Lis\u00e4ksi apuvalmentajina toimivat Ellen Bremer, Kiira Saario, Milla Perikangas, Elea Etel\u00e4niemi ja Elsa Nordlund. Eloisa &#8211; valmentajat: Laura Sandberg &amp; Julia Laaksonen, koreografia: Heini Tuovinen, Milla RuokolainenUnica &#8211; valmentajat: Laura Sandberg &amp; Saija Turunen, koreografia: Mira Syrj\u00e4l\u00e4Fianna &#8211; valmentajat: Saija Turunen &amp; [&hellip;]<\/p>\n","protected":false},"author":11,"featured_media":0,"parent":0,"menu_order":0,"comment_status":"closed","ping_status":"closed","template":"","meta":{"footnotes":""},"class_list":["post-128","page","type-page","status-publish","hentry"],"_links":{"self":[{"href":"https:\/\/porvoonurheilijat.fi\/jvoimistelu\/wp-json\/wp\/v2\/pages\/128","targetHints":{"allow":["GET"]}}],"collection":[{"href":"https:\/\/porvoonurheilijat.fi\/jvoimistelu\/wp-json\/wp\/v2\/pages"}],"about":[{"href":"https:\/\/porvoonurheilijat.fi\/jvoimistelu\/wp-json\/wp\/v2\/types\/page"}],"author":[{"embeddable":true,"href":"https:\/\/porvoonurheilijat.fi\/jvoimistelu\/wp-json\/wp\/v2\/users\/11"}],"replies":[{"embeddable":true,"href":"https:\/\/porvoonurheilijat.fi\/jvoimistelu\/wp-json\/wp\/v2\/comments?post=128"}],"version-history":[{"count":11,"href":"https:\/\/porvoonurheilijat.fi\/jvoimistelu\/wp-json\/wp\/v2\/pages\/128\/revisions"}],"predecessor-version":[{"id":745,"href":"https:\/\/porvoonurheilijat.fi\/jvoimistelu\/wp-json\/wp\/v2\/pages\/128\/revisions\/745"}],"wp:attachment":[{"href":"https:\/\/porvoonurheilijat.fi\/jvoimistelu\/wp-json\/wp\/v2\/media?parent=128"}],"curies":[{"name":"wp","href":"https:\/\/api.w.org\/{rel}","templated":true}]}}