{"id":183,"date":"2023-01-20T16:51:58","date_gmt":"2023-01-20T14:51:58","guid":{"rendered":"https:\/\/porvoonurheilijat.fi\/jvoimistelu\/?page_id=183"},"modified":"2025-05-17T20:42:35","modified_gmt":"2025-05-17T17:42:35","slug":"edina","status":"publish","type":"page","link":"https:\/\/porvoonurheilijat.fi\/jvoimistelu\/edina\/","title":{"rendered":"Edina"},"content":{"rendered":"\n<figure class=\"wp-block-image size-large is-style-rounded\"><img loading=\"lazy\" decoding=\"async\" width=\"768\" height=\"1024\" src=\"https:\/\/porvoonurheilijat.fi\/jvoimistelu\/wp-content\/uploads\/sites\/5\/2024\/11\/Edina-syksy-2024-768x1024.jpg\" alt=\"\" class=\"wp-image-678\" srcset=\"https:\/\/porvoonurheilijat.fi\/jvoimistelu\/wp-content\/uploads\/sites\/5\/2024\/11\/Edina-syksy-2024-768x1024.jpg 768w, https:\/\/porvoonurheilijat.fi\/jvoimistelu\/wp-content\/uploads\/sites\/5\/2024\/11\/Edina-syksy-2024-225x300.jpg 225w, https:\/\/porvoonurheilijat.fi\/jvoimistelu\/wp-content\/uploads\/sites\/5\/2024\/11\/Edina-syksy-2024-1152x1536.jpg 1152w, https:\/\/porvoonurheilijat.fi\/jvoimistelu\/wp-content\/uploads\/sites\/5\/2024\/11\/Edina-syksy-2024.jpg 1440w\" sizes=\"auto, (max-width: 768px) 100vw, 768px\" \/><figcaption class=\"wp-element-caption\">Edina kokoonpano syksy 2024<\/figcaption><\/figure>\n\n\n\n<p class=\"has-small-font-size\">Edina kilpailee 14-16-vuotiaiden harrastesarjoissa kev\u00e4\u00e4ll\u00e4 2025 vapaaohjelmalla. Joukkueeseen kuuluu t\u00e4ll\u00e4 hetkell\u00e4 11 tytt\u00f6\u00e4 (synt. 2009-2011) ja he harjoittelevat 3x \/ viikko 3-4h kerrallaan. Joukkueen vastuuvalmentajana toimii Laura Sandberg ja toisena valmentajana Saija Turunen. Kev\u00e4\u00e4ll\u00e4 2025 joukkueen koreografian on tehnyt Mira Syrj\u00e4l\u00e4.<\/p>\n\n\n\n<p>Joukkueen arkea pystyy seuraamaan Instagramista k\u00e4ytt\u00e4j\u00e4tilin @edina_agg alta.<\/p>\n\n\n\n<p class=\"has-small-font-size\"><a href=\"https:\/\/porvoonurheilijat.fi\/jvoimistelu\/edina-kilpailutuloksia\/\" data-type=\"URL\" data-id=\"https:\/\/porvoonurheilijat.fi\/jvoimistelu\/edina-kilpailutuloksia\/\" target=\"_blank\" rel=\"noreferrer noopener\">Edina kilpailutuloksia<\/a><\/p>\n","protected":false},"excerpt":{"rendered":"<p>Edina kilpailee 14-16-vuotiaiden harrastesarjoissa kev\u00e4\u00e4ll\u00e4 2025 vapaaohjelmalla. Joukkueeseen kuuluu t\u00e4ll\u00e4 hetkell\u00e4 11 tytt\u00f6\u00e4 (synt. 2009-2011) ja he harjoittelevat 3x \/ viikko 3-4h kerrallaan. Joukkueen vastuuvalmentajana toimii Laura Sandberg ja toisena valmentajana Saija Turunen. Kev\u00e4\u00e4ll\u00e4 2025 joukkueen koreografian on tehnyt Mira Syrj\u00e4l\u00e4. Joukkueen arkea pystyy seuraamaan Instagramista k\u00e4ytt\u00e4j\u00e4tilin @edina_agg alta. Edina kilpailutuloksia<\/p>\n","protected":false},"author":11,"featured_media":0,"parent":0,"menu_order":0,"comment_status":"closed","ping_status":"closed","template":"","meta":{"footnotes":""},"class_list":["post-183","page","type-page","status-publish","hentry"],"_links":{"self":[{"href":"https:\/\/porvoonurheilijat.fi\/jvoimistelu\/wp-json\/wp\/v2\/pages\/183","targetHints":{"allow":["GET"]}}],"collection":[{"href":"https:\/\/porvoonurheilijat.fi\/jvoimistelu\/wp-json\/wp\/v2\/pages"}],"about":[{"href":"https:\/\/porvoonurheilijat.fi\/jvoimistelu\/wp-json\/wp\/v2\/types\/page"}],"author":[{"embeddable":true,"href":"https:\/\/porvoonurheilijat.fi\/jvoimistelu\/wp-json\/wp\/v2\/users\/11"}],"replies":[{"embeddable":true,"href":"https:\/\/porvoonurheilijat.fi\/jvoimistelu\/wp-json\/wp\/v2\/comments?post=183"}],"version-history":[{"count":14,"href":"https:\/\/porvoonurheilijat.fi\/jvoimistelu\/wp-json\/wp\/v2\/pages\/183\/revisions"}],"predecessor-version":[{"id":697,"href":"https:\/\/porvoonurheilijat.fi\/jvoimistelu\/wp-json\/wp\/v2\/pages\/183\/revisions\/697"}],"wp:attachment":[{"href":"https:\/\/porvoonurheilijat.fi\/jvoimistelu\/wp-json\/wp\/v2\/media?parent=183"}],"curies":[{"name":"wp","href":"https:\/\/api.w.org\/{rel}","templated":true}]}}