{"id":196,"date":"2023-01-20T17:08:20","date_gmt":"2023-01-20T15:08:20","guid":{"rendered":"https:\/\/porvoonurheilijat.fi\/jvoimistelu\/?page_id=196"},"modified":"2025-08-14T20:06:19","modified_gmt":"2025-08-14T17:06:19","slug":"unica","status":"publish","type":"page","link":"https:\/\/porvoonurheilijat.fi\/jvoimistelu\/unica\/","title":{"rendered":"Unica"},"content":{"rendered":"\n<figure class=\"wp-block-image alignleft size-large\"><img loading=\"lazy\" decoding=\"async\" width=\"1024\" height=\"768\" src=\"https:\/\/porvoonurheilijat.fi\/jvoimistelu\/wp-content\/uploads\/sites\/5\/2024\/11\/Unica-syksy-2024-1024x768.jpg\" alt=\"\" class=\"wp-image-675\" srcset=\"https:\/\/porvoonurheilijat.fi\/jvoimistelu\/wp-content\/uploads\/sites\/5\/2024\/11\/Unica-syksy-2024-1024x768.jpg 1024w, https:\/\/porvoonurheilijat.fi\/jvoimistelu\/wp-content\/uploads\/sites\/5\/2024\/11\/Unica-syksy-2024-300x225.jpg 300w, https:\/\/porvoonurheilijat.fi\/jvoimistelu\/wp-content\/uploads\/sites\/5\/2024\/11\/Unica-syksy-2024-768x576.jpg 768w, https:\/\/porvoonurheilijat.fi\/jvoimistelu\/wp-content\/uploads\/sites\/5\/2024\/11\/Unica-syksy-2024-1536x1152.jpg 1536w, https:\/\/porvoonurheilijat.fi\/jvoimistelu\/wp-content\/uploads\/sites\/5\/2024\/11\/Unica-syksy-2024.jpg 1600w\" sizes=\"auto, (max-width: 1024px) 100vw, 1024px\" \/><figcaption class=\"wp-element-caption\">Unica syksyll\u00e4 2024<\/figcaption><\/figure>\n\n\n\n<p>Unica kilpailee 12-14-vuotiaiden kilpasarjassa syksyll\u00e4 2025. Joukkueeseen kuuluu t\u00e4ll\u00e4 hetkell\u00e4 13 tytt\u00f6\u00e4 (synt. 2010-2013) ja he harjoittelevat 3x \/ viikko 3h kerrallaan. Joukkueen vastuuvalmentajana toimii Laura Sandberg ja toisena valmentajana Saija Turunen. Joukkueen vanneohjelman koreografian syksylle 2025 on tehnyt Mira Syrj\u00e4l\u00e4.<\/p>\n\n\n\n<p>Joukkueen arkea pystyy seuraamaan Instagramista k\u00e4ytt\u00e4j\u00e4tilin @unica_agg alta.<\/p>\n\n\n\n<p class=\"has-small-font-size\"><em><a href=\"https:\/\/porvoonurheilijat.fi\/jvoimistelu\/unica-kilpailutuloksia\/\">Aiempien kausien kilpailutuloksia<\/a><\/em><\/p>\n","protected":false},"excerpt":{"rendered":"<p>Unica kilpailee 12-14-vuotiaiden kilpasarjassa syksyll\u00e4 2025. Joukkueeseen kuuluu t\u00e4ll\u00e4 hetkell\u00e4 13 tytt\u00f6\u00e4 (synt. 2010-2013) ja he harjoittelevat 3x \/ viikko 3h kerrallaan. Joukkueen vastuuvalmentajana toimii Laura Sandberg ja toisena valmentajana Saija Turunen. Joukkueen vanneohjelman koreografian syksylle 2025 on tehnyt Mira Syrj\u00e4l\u00e4. Joukkueen arkea pystyy seuraamaan Instagramista k\u00e4ytt\u00e4j\u00e4tilin @unica_agg alta. Aiempien kausien kilpailutuloksia<\/p>\n","protected":false},"author":11,"featured_media":0,"parent":0,"menu_order":0,"comment_status":"closed","ping_status":"closed","template":"","meta":{"footnotes":""},"class_list":["post-196","page","type-page","status-publish","hentry"],"_links":{"self":[{"href":"https:\/\/porvoonurheilijat.fi\/jvoimistelu\/wp-json\/wp\/v2\/pages\/196","targetHints":{"allow":["GET"]}}],"collection":[{"href":"https:\/\/porvoonurheilijat.fi\/jvoimistelu\/wp-json\/wp\/v2\/pages"}],"about":[{"href":"https:\/\/porvoonurheilijat.fi\/jvoimistelu\/wp-json\/wp\/v2\/types\/page"}],"author":[{"embeddable":true,"href":"https:\/\/porvoonurheilijat.fi\/jvoimistelu\/wp-json\/wp\/v2\/users\/11"}],"replies":[{"embeddable":true,"href":"https:\/\/porvoonurheilijat.fi\/jvoimistelu\/wp-json\/wp\/v2\/comments?post=196"}],"version-history":[{"count":13,"href":"https:\/\/porvoonurheilijat.fi\/jvoimistelu\/wp-json\/wp\/v2\/pages\/196\/revisions"}],"predecessor-version":[{"id":734,"href":"https:\/\/porvoonurheilijat.fi\/jvoimistelu\/wp-json\/wp\/v2\/pages\/196\/revisions\/734"}],"wp:attachment":[{"href":"https:\/\/porvoonurheilijat.fi\/jvoimistelu\/wp-json\/wp\/v2\/media?parent=196"}],"curies":[{"name":"wp","href":"https:\/\/api.w.org\/{rel}","templated":true}]}}