{"id":204,"date":"2023-01-20T17:12:40","date_gmt":"2023-01-20T15:12:40","guid":{"rendered":"https:\/\/porvoonurheilijat.fi\/jvoimistelu\/?page_id=204"},"modified":"2025-05-17T21:05:29","modified_gmt":"2025-05-17T18:05:29","slug":"unica-kilpailutuloksia","status":"publish","type":"page","link":"https:\/\/porvoonurheilijat.fi\/jvoimistelu\/unica-kilpailutuloksia\/","title":{"rendered":"Unica kilpailutuloksia"},"content":{"rendered":"\n<h5 class=\"wp-block-heading\">AIEMPIEN KAUSIEN KILPAILUTULOKSIA<\/h5>\n\n\n\n<p class=\"has-small-font-size\"><br><em>Syksy 2018 \u2013 Stara kilpailut vapaaohjelma<\/em><br><br><em>Kev\u00e4t 2019 \u2013 Stara kilpailut vapaaohjelma<\/em><br><br><em>Syksy 2019 \u2013 8-10-vuotiaiden sarja naruohjelma<\/em><br>\u2013 PNV Cup, Helsinki \u2013 kategoria 8<br>\u2013 Kerava Cup \u2013 kategoria 7<br>\u2013 Vantaa Cup \u2013 kategoria 4<\/p>\n\n\n\n<p class=\"has-small-font-size\"><em>Kev\u00e4t 2020 \u2013 koronan takia kev\u00e4\u00e4n kisat siirtyiv\u00e4t syksylle<\/em><\/p>\n\n\n\n<p class=\"has-small-font-size\"><br><em>Syksy 2020 \u2013 Kilpa-Pantterit, 10-12-vuotiaiden sarja vapaaohjelma<\/em><br>\u2013 SyysCup, Hyvink\u00e4\u00e4 \u2013 kategoria 4<br>\u2013 Elise Cup, Helsinki \u2013 kategoria 7<br>\u2013 Espoo Cup, Espoo \u2013 kategoria 5<br>\u2013 Attitude Cup, Vantaa \u2013 kategoria 6 sis. -0,1 pukuv\u00e4hennys<\/p>\n\n\n\n<p class=\"has-small-font-size\"><em>Kev\u00e4t 2021 \u2013 Maijat, 10-12-vuotiaiden sarja vapaaohjelma ONLINE-kisat<\/em><br>\u2013 Aktia Cup \u2013 kategoria 8<br>\u2013 Kello Cup \u2013 kategoria 6<br>\u2013 Hyvink\u00e4\u00e4 Cup \u2013 kategoria 6<br>\u2013 HJM Cup \u2013 kategoria 5<br>\u2013 Mustan Kissan Cup \u2013 kategoria 6<\/p>\n\n\n\n<p class=\"has-small-font-size\"><em>Syksy 2021 \u2013 Mirel, 10-12-vuotiaiden sarja pallo-ohjelma<\/em><br>\u2013 Attitude Cup \u2013 kategoria 7<br>\u2013 Espoo Cup \u2013 kategoria 5<br>\u2013 Vantaa Cup \u2013 kategoria 5<br><br><em>Kev\u00e4t 2022 \u2013 Unica, 10-12-vuotiaiden sarja vapaaohjelma<\/em><br>\u2013 PNV Cup \u2013 kategoria 3<br>\u2013 OVO Cup \u2013 kategoria 4<br>\u2013 Vantaa Cup \u2013 kategoria 4<br>\u2013 Attitude Cup \u2013 kategoria 2, pisteet 15,917, sija 6\/18 joukkuetta<\/p>\n\n\n\n<p class=\"has-small-font-size\"><em><strong>Syksy 2022 &#8211; Unica, 10-12-vuotiaiden sarja naruohjelma<\/strong><\/em><br>&#8211; Kerava Cup &#8211; kategoria 3<br>&#8211; SyysCup &#8211; kategoria 4, -0,2 rajanylitys, -0,2 puku<br>&#8211; Riihim\u00e4ki Cup &#8211; kategoria 4<br>&#8211; Espoo Cup &#8211; kategoria 4, -0,1 puku<\/p>\n\n\n\n<p class=\"has-small-font-size\"><em><strong>Kev\u00e4t 2023 &#8211; Unica, 10-12-vuotiaiden sarja vapaaohjelma<\/strong><\/em><br>&#8211; Mustan Kissan Cup &#8211; kategoria 3<br>&#8211; SC Vantaa Cup &#8211; kategoria 4<br>&#8211; PNV Cup &#8211; kategoria 2, pisteet 15,650<br>&#8211; Kotka Sport Cup &#8211; kategoria 3<br>&#8211; OVO Cup &#8211; kategoria 3<\/p>\n\n\n\n<p class=\"has-small-font-size\"><em><strong>Syksy 2023 &#8211; Unica, 10-12-vuotiaiden sarja pallo-ohjelma<\/strong><\/em><br>&#8211; SyysCup &#8211; kategoria 2, pisteet 15,817, sija 5\/27<br>&#8211; Tapiola Cup &#8211; kategoria 3<br>&#8211; H\u00e4meenlinna Cup, kategoria 3<br>&#8211; Espoo Cup &#8211; kategoria 2, pisteet 15,850, sija 10\/28<\/p>\n\n\n\n<p class=\"has-small-font-size\"><em><strong>Kev\u00e4t 2024 &#8211; Unica, 12-14-vuotiaiden kilpasarja vapaaohjelma<\/strong><\/em><br>&#8211; HJF Cup &#8211; kategoria 3, 15,250, sija 7\/24<br>&#8211; Kotka Sport Cup &#8211; kategoria 2, 16,267, sija 2\/12<br>&#8211; Vantaa Cup &#8211; kategoria 3, 15,400, sija 4\/13<br>&#8211; OVO Kev\u00e4t Cup &#8211; kategoria 4, 14,100<br>&#8211; Voimistelup\u00e4iv\u00e4t, Kuopio (12-14-vuotiaiden kilpasarjan mestaruuskilpailut)<br>   &#8211; alkukilpailu kategoria 2, 15,850, sija jaettu 17\/32 joukkuetta<\/p>\n\n\n\n<p class=\"has-small-font-size\"><em><strong>Syksy 2024 &#8211; Unica, 12-14-vuotiaiden kilpasarja vanneohjelma<\/strong><\/em><br>&#8211; Kerava Cup &#8211; kategoria 3, 14,500, sija 7\/13<br>&#8211; H\u00e4meenlinna Cup &#8211; kategoria 2, 15,567, sija 3\/6<br>&#8211; Riihim\u00e4ki Cup &#8211; kategoria 2, 15,533, sija 2\/7<br>&#8211; TTNV Cup &#8211; kategoria 1, 17,083, sija 1\/14 (harrastesarja)<br>&#8211; V\u00e4linemestikset, Tampere<br>  -alkukilpailu kategoria 3, pisteet 15,100 &#8211; finaali kategoria 2, pisteet 15,650, yhteispisteet 30,750, sija 13.\/34 joukkuetta<\/p>\n\n\n\n<p class=\"has-small-font-size\"><strong><em>Kev\u00e4t 2025 &#8211; Unica, 12-14-vuotiaiden kilpasarja vapaaohjelma<\/em><\/strong><br>&#8211; Elise Cup, Helsinki &#8211; kategoria 2, pisteet 15,800, sija 3.\/11<br>&#8211; Kotka Sport Cup &#8211; kategoria 2, pisteet 16,467, sija 1.\/10<br>&#8211; H\u00e4mpton Cup, H\u00e4meenlinna &#8211; kategoria <br>&#8211; Voimistelup\u00e4iv\u00e4t, Tampere (12-14-vuotiaiden kilpasarjan mestaruuskilpailut)<br>   &#8211; alkukilpailu<\/p>\n","protected":false},"excerpt":{"rendered":"<p>AIEMPIEN KAUSIEN KILPAILUTULOKSIA Syksy 2018 \u2013 Stara kilpailut vapaaohjelma Kev\u00e4t 2019 \u2013 Stara kilpailut vapaaohjelma Syksy 2019 \u2013 8-10-vuotiaiden sarja naruohjelma\u2013 PNV Cup, Helsinki \u2013 kategoria 8\u2013 Kerava Cup \u2013 kategoria 7\u2013 Vantaa Cup \u2013 kategoria 4 Kev\u00e4t 2020 \u2013 koronan takia kev\u00e4\u00e4n kisat siirtyiv\u00e4t syksylle Syksy 2020 \u2013 Kilpa-Pantterit, 10-12-vuotiaiden sarja vapaaohjelma\u2013 SyysCup, Hyvink\u00e4\u00e4 [&hellip;]<\/p>\n","protected":false},"author":11,"featured_media":0,"parent":0,"menu_order":0,"comment_status":"closed","ping_status":"closed","template":"","meta":{"footnotes":""},"class_list":["post-204","page","type-page","status-publish","hentry"],"_links":{"self":[{"href":"https:\/\/porvoonurheilijat.fi\/jvoimistelu\/wp-json\/wp\/v2\/pages\/204","targetHints":{"allow":["GET"]}}],"collection":[{"href":"https:\/\/porvoonurheilijat.fi\/jvoimistelu\/wp-json\/wp\/v2\/pages"}],"about":[{"href":"https:\/\/porvoonurheilijat.fi\/jvoimistelu\/wp-json\/wp\/v2\/types\/page"}],"author":[{"embeddable":true,"href":"https:\/\/porvoonurheilijat.fi\/jvoimistelu\/wp-json\/wp\/v2\/users\/11"}],"replies":[{"embeddable":true,"href":"https:\/\/porvoonurheilijat.fi\/jvoimistelu\/wp-json\/wp\/v2\/comments?post=204"}],"version-history":[{"count":9,"href":"https:\/\/porvoonurheilijat.fi\/jvoimistelu\/wp-json\/wp\/v2\/pages\/204\/revisions"}],"predecessor-version":[{"id":703,"href":"https:\/\/porvoonurheilijat.fi\/jvoimistelu\/wp-json\/wp\/v2\/pages\/204\/revisions\/703"}],"wp:attachment":[{"href":"https:\/\/porvoonurheilijat.fi\/jvoimistelu\/wp-json\/wp\/v2\/media?parent=204"}],"curies":[{"name":"wp","href":"https:\/\/api.w.org\/{rel}","templated":true}]}}