{"id":234,"date":"2023-01-20T17:44:09","date_gmt":"2023-01-20T15:44:09","guid":{"rendered":"https:\/\/porvoonurheilijat.fi\/jvoimistelu\/?page_id=234"},"modified":"2025-08-14T20:23:26","modified_gmt":"2025-08-14T17:23:26","slug":"minit","status":"publish","type":"page","link":"https:\/\/porvoonurheilijat.fi\/jvoimistelu\/minit\/","title":{"rendered":"Minit"},"content":{"rendered":"\n<p class=\"has-small-font-size\">Syksylle 2025 Minit -joukkueesta muodostetaan kaksi Minit joukkuetta; Minit Medeka ja Minit Melika. Molemmat joukkueet osallistuvat syksyll\u00e4 Stara-tapahtumiin Uudenmaan alueella. Treeneiss\u00e4 joukkue harjoittelee perusvoimistelutaitoja, kisaohjelmaa, akrobatiaa sek\u00e4 leikkej\u00e4.<\/p>\n\n\n\n<p class=\"has-small-font-size\"><strong>Minit Medeka -joukkue<\/strong> vuosina 2018-2019 syntyneille lapsille. Joukkueeseen kuuluu 15 voimistelijaa.<br>&#8211; Joukkue harjoittelee 2x 1-1,5h \/ viikko<br>&#8211; Treenit torstaisin klo 17:30-18:30 ja sunnuntaisin klo 10-11:30 Tolkkisten monitoimitalolla<br>&#8211; Minit Medeka -joukkueen kuukausihinta 65\u20ac\/kk<\/p>\n\n\n\n<p class=\"has-small-font-size\"><strong>Minit Melika -joukkue<\/strong> vuosina 2017-2018 syntyneille lapsille. Joukkueeseen kuuluu 12 voimistelijaa<br>&#8211; Joukkue harjoittelee 2x 1,5h\/viikko<br>&#8211; Treenit torstaisin klo 16-17:30 ja sunnuntaisin klo 11:30-13 Tolkkisten monitoimitalolla<br>&#8211; Minit Melika -joukkueen kuukausihinta 80\u20ac\/kk<\/p>\n\n\n\n<p class=\"has-small-font-size\">Minien vakiotreenit Tolkkisten monitoimitalolla. Minit joukkue harjoittelee kauden aikana esitysohjelmaa 2-3 Stara-tapahtumaan sek\u00e4 seuran joulun\u00e4yt\u00f6kseen.<br>Joukkuetta valmentaa Julia Laaksonen ja apuvalmentajat Ellen Bremer ja Kiira Saario.<\/p>\n\n\n\n<p class=\"has-small-font-size\">Lis\u00e4tiedot ja kyselyt joukkueeseen p\u00e4\u00e4semisest\u00e4 s\u00e4hk\u00f6postilla Julia Laaksoselle osoitteeseen: julia.laaksonen04(at)outlook.com<\/p>\n\n\n\n<figure class=\"wp-block-image size-large\"><img loading=\"lazy\" decoding=\"async\" width=\"1024\" height=\"768\" src=\"https:\/\/porvoonurheilijat.fi\/jvoimistelu\/wp-content\/uploads\/sites\/5\/2024\/08\/Minit-kevat-2024-1024x768.jpg\" alt=\"\" class=\"wp-image-587\" srcset=\"https:\/\/porvoonurheilijat.fi\/jvoimistelu\/wp-content\/uploads\/sites\/5\/2024\/08\/Minit-kevat-2024-1024x768.jpg 1024w, https:\/\/porvoonurheilijat.fi\/jvoimistelu\/wp-content\/uploads\/sites\/5\/2024\/08\/Minit-kevat-2024-300x225.jpg 300w, https:\/\/porvoonurheilijat.fi\/jvoimistelu\/wp-content\/uploads\/sites\/5\/2024\/08\/Minit-kevat-2024-768x576.jpg 768w, https:\/\/porvoonurheilijat.fi\/jvoimistelu\/wp-content\/uploads\/sites\/5\/2024\/08\/Minit-kevat-2024.jpg 1440w\" sizes=\"auto, (max-width: 1024px) 100vw, 1024px\" \/><figcaption class=\"wp-element-caption\">Minit kev\u00e4\u00e4ll\u00e4 2024 <\/figcaption><\/figure>\n","protected":false},"excerpt":{"rendered":"<p>Syksylle 2025 Minit -joukkueesta muodostetaan kaksi Minit joukkuetta; Minit Medeka ja Minit Melika. Molemmat joukkueet osallistuvat syksyll\u00e4 Stara-tapahtumiin Uudenmaan alueella. Treeneiss\u00e4 joukkue harjoittelee perusvoimistelutaitoja, kisaohjelmaa, akrobatiaa sek\u00e4 leikkej\u00e4. Minit Medeka -joukkue vuosina 2018-2019 syntyneille lapsille. Joukkueeseen kuuluu 15 voimistelijaa.&#8211; Joukkue harjoittelee 2x 1-1,5h \/ viikko&#8211; Treenit torstaisin klo 17:30-18:30 ja sunnuntaisin klo 10-11:30 Tolkkisten monitoimitalolla&#8211; [&hellip;]<\/p>\n","protected":false},"author":11,"featured_media":0,"parent":0,"menu_order":0,"comment_status":"closed","ping_status":"closed","template":"","meta":{"footnotes":""},"class_list":["post-234","page","type-page","status-publish","hentry"],"_links":{"self":[{"href":"https:\/\/porvoonurheilijat.fi\/jvoimistelu\/wp-json\/wp\/v2\/pages\/234","targetHints":{"allow":["GET"]}}],"collection":[{"href":"https:\/\/porvoonurheilijat.fi\/jvoimistelu\/wp-json\/wp\/v2\/pages"}],"about":[{"href":"https:\/\/porvoonurheilijat.fi\/jvoimistelu\/wp-json\/wp\/v2\/types\/page"}],"author":[{"embeddable":true,"href":"https:\/\/porvoonurheilijat.fi\/jvoimistelu\/wp-json\/wp\/v2\/users\/11"}],"replies":[{"embeddable":true,"href":"https:\/\/porvoonurheilijat.fi\/jvoimistelu\/wp-json\/wp\/v2\/comments?post=234"}],"version-history":[{"count":15,"href":"https:\/\/porvoonurheilijat.fi\/jvoimistelu\/wp-json\/wp\/v2\/pages\/234\/revisions"}],"predecessor-version":[{"id":741,"href":"https:\/\/porvoonurheilijat.fi\/jvoimistelu\/wp-json\/wp\/v2\/pages\/234\/revisions\/741"}],"wp:attachment":[{"href":"https:\/\/porvoonurheilijat.fi\/jvoimistelu\/wp-json\/wp\/v2\/media?parent=234"}],"curies":[{"name":"wp","href":"https:\/\/api.w.org\/{rel}","templated":true}]}}