{"id":355,"date":"2023-01-23T12:56:46","date_gmt":"2023-01-23T10:56:46","guid":{"rendered":"https:\/\/porvoonurheilijat.fi\/jvoimistelu\/?page_id=355"},"modified":"2025-05-17T20:55:28","modified_gmt":"2025-05-17T17:55:28","slug":"edina-kilpailutuloksia","status":"publish","type":"page","link":"https:\/\/porvoonurheilijat.fi\/jvoimistelu\/edina-kilpailutuloksia\/","title":{"rendered":"Edina kilpailutuloksia"},"content":{"rendered":"\n<h5 class=\"wp-block-heading\">Aiempien kausien kilpailutuloksia<\/h5>\n\n\n\n<p class=\"has-small-font-size\"><br><em>Syksy 2018 \u2013 Stara kilpailut vapaaohjelma<\/em><br><br><em>Kev\u00e4t 2019 \u2013 Stara kilpailut vapaaohjelma<\/em><br><br><em>Syksy 2019 \u2013 8-10-vuotiaiden sarja naruohjelma<\/em><br>\u2013 PNV Cup, Helsinki \u2013 kategoria 8<br>\u2013 Kerava Cup \u2013 kategoria 7<br>\u2013 Vantaa Cup \u2013 kategoria 4<\/p>\n\n\n\n<p class=\"has-small-font-size\"><em>Kev\u00e4t 2020 \u2013 koronan takia kev\u00e4\u00e4n kisat siirtyiv\u00e4t syksylle<\/em><\/p>\n\n\n\n<p class=\"has-small-font-size\"><br><em>Syksy 2020 \u2013 10-12-vuotiaiden sarja vapaaohjelma<\/em><br>\u2013 SyysCup, Hyvink\u00e4\u00e4 \u2013 kategoria 4<br>\u2013 Elise Cup, Helsinki \u2013 kategoria 7<br>\u2013 Espoo Cup, Espoo \u2013 kategoria 5<br>\u2013 Attitude Cup, Vantaa \u2013 kategoria 6 sis. -0,1 pukuv\u00e4hennys<\/p>\n\n\n\n<p class=\"has-small-font-size\"><em>Kev\u00e4t 2021 \u2013 Linnut, 10-12-vuotiaiden sarja vapaaohjelma ONLINE-kisat<\/em><br>\u2013 Aktia Cup \u2013 kategoria 5, pronssia<br>\u2013 Kello Cup \u2013 kategoria 3, pronssia<br>\u2013 Hyvink\u00e4\u00e4 Cup \u2013 kategoria 3<br>\u2013 HJM Cup \u2013 kategoria 2, pisteet 15,733<br>\u2013 Mustan Kissan Cup \u2013 kategoria 2, pisteet 15,817<\/p>\n\n\n\n<p class=\"has-small-font-size\"><em>Syksy 2021 \u2013 Edina, 10-12-vuotiaiden sarja pallo-ohjelma<\/em><br>\u2013 Elise Cup \u2013 kategoria 4<br>\u2013 Espoo Cup \u2013 kategoria 3<br>\u2013 Vantaa Cup \u2013 kategoria 4<\/p>\n\n\n\n<p class=\"has-small-font-size\"><em>Kev\u00e4t 2022 \u2013 Edina, 12-14-vuotiaiden kilpasarja vapaaohjelma<\/em><br>\u2013 PNV Cup \u2013 kategoria 3<br>\u2013 Lovent Cup \u2013 kategoria 2, pisteet 15,517<br>\u2013 Vantaa Cup \u2013 kategoria 4<br>\u2013 SC Vantaa Cup \u2013 kategoria 3<br>\u2013 Kilpasarjojen mestaruuskilpailut, Tampere \u2013 alkukilpailu kat. 2, pisteet 15,550, sija 14\/32 \u2013 finaali pisteet 15,200, sija 12\/15<\/p>\n\n\n\n<p class=\"has-small-font-size\"><em>Syksy 2022 &#8211; Edina, 12-14-vuotiaiden kilpasarja vanneohjelma<\/em><br>&#8211; SyysCup &#8211; kategoria 4<br>&#8211; PNV Cup &#8211; kategoria 5<br>&#8211; Espoo Cup &#8211; kategoria 3<br>&#8211; V\u00e4linemestaruuskilpailut, Vantaa &#8211; alkukilpailu kategoria 4, sija 20-34.\/48 joukkuetta<\/p>\n\n\n\n<p class=\"has-small-font-size\"><em><strong>K<\/strong>ev\u00e4t 2023 &#8211; Edina, 12-14-vuotiaiden kilpa- ja harrastesarja vapaaohjelma<\/em><br>&#8211; Tapiola Cup (kilpa) &#8211; kategoria 2, pisteet 16,116, sija 6\/18<br>&#8211; Kotka Sport Cup (kilpa) &#8211; kategoria 3, sija 4-8\/14<br>&#8211; Elise Cup (harraste) &#8211; kategoria 2, pisteet 16,367, sija 1\/12<br>&#8211; OVO Cup (kilpa) &#8211; kategoria 2, pisteet 16,000, sija 5\/12<br>&#8211; Kilpasarjan mestaruuskilpailut, Vantaa &#8211; alkukilpailu kategoria 2, pisteet 15,600, sija 20\/48 joukkuetta<br>&#8211; KirkU Cup (harraste) &#8211; kategoria 1, pisteet 16,900, sija 1\/13<\/p>\n\n\n\n<p class=\"has-small-font-size\"><em><strong>Syksy 2023 &#8211; Edina, 12-14-vuotiaiden kilpa- ja harrastesarja vanneohjelma<\/strong><\/em><br>&#8211; PNV Cup (kilpa) &#8211; kategoria 3, pisteet 14,633<br>&#8211; Tapiola Cup (harraste) &#8211; kategoria 2, pisteet 16,467, sija 1\/15<br>&#8211; H\u00e4meenlinna Cup (kilpa) &#8211; kategoria 2, pisteet 15,533<br>&#8211; Espoo Cup (harraste) &#8211; kategoria 1, pisteet 16,683, sija 1\/18<br>&#8211; Kilpasarjan v\u00e4linemestaruuskilpailut, Sein\u00e4joki &#8211; alkukilpailu kategoria 4, pisteet 14,450<\/p>\n\n\n\n<p class=\"has-small-font-size\"><em><strong>Kev\u00e4t 2024 &#8211; Edina, 12-14-vuotiaiden kilpa- ja harrastesarja vapaaohjelma<\/strong><\/em><br>&#8211; HJF Cup (kilpa) &#8211; kategoria 3, 14,950, sija 9\/24<br>&#8211; Tapiola Cup (harraste) &#8211; kategoria 1, 16,567, sija 1\/18<br>&#8211; Vantaa Cup (kilpa) &#8211; kategoria 3, 15,200, sija 7\/13<br>&#8211; Manse Cup (harraste) &#8211; kategoria 2, 16,250, sija 2\/12<br>&#8211; Tapanila Cup (harraste) &#8211; kategoria 2, 16,200, sija 1\/13<br>&#8211; Forssa Cup (kilpa) &#8211; kategoria 3, 15,333<br>&#8211; Voimistelup\u00e4iv\u00e4t, Kuopio (12-14v kilpasarjan mestaruuskilpailut)<br>   -alkukilpailu kat. 2, pisteet 16,100 (sija jaettu 13.\/32)<br>   -finaali pisteet 15,750, yhteispisteet 31,850 (sija 15.\/16 finaalissa)<\/p>\n\n\n\n<p class=\"has-small-font-size\"><em><strong>Syk<\/strong><\/em><strong><em>sy 2024 &#8211; Edina, 14-16-vuotiaiden harrastesarja pallo-ohjelm<\/em>a<\/strong><br>&#8211; H\u00e4meenlinna Cup &#8211; pisteet 16,050, sija 1.\/7<br>&#8211; SyysCup, Hyvink\u00e4\u00e4 &#8211; pisteet 16,350, sija 1.\/10<br>&#8211; TTNV Cup, Tampere &#8211; pisteet 16,250, sija 2.\/8<br>&#8211; PNV Cup, Helsinki &#8211; pisteet 16,450, sija 3.\/12<br>&#8211; TUL V\u00e4linemestikset, Tampere (harrastesarjan mestaruuskilpailut)<br>   -alkukilpailu pisteet 16,000 &#8211; finaali pisteet 16,200, yhteispisteet 32,200, sija 2.\/14<\/p>\n\n\n\n<p class=\"has-small-font-size\">K<strong><em>ev\u00e4t 2025 &#8211; Edina, 14-16-vuotiaiden harrastesarja vapaaohjelma<\/em><\/strong><br>&#8211; Vantaa Cup &#8211; pisteet 15,600, sija 2.\/4<br>&#8211; Elise Cup, Helsinki &#8211; pisteet 16,450, sija 4.\/11<br>&#8211; Elixiria Cup, Lemp\u00e4\u00e4l\u00e4 &#8211; pisteet 16,500, sija 1.\/9<br>&#8211; TUL Mestikset, Turku (harrastesarjan mestaruuskilpailut)<br>   &#8211; alkukilpailu pisteet 16,550 &#8211; finaali pisteet 16,550, yhteispisteet 33,100, sija 3.\/16<br><br><\/p>\n","protected":false},"excerpt":{"rendered":"<p>Aiempien kausien kilpailutuloksia Syksy 2018 \u2013 Stara kilpailut vapaaohjelma Kev\u00e4t 2019 \u2013 Stara kilpailut vapaaohjelma Syksy 2019 \u2013 8-10-vuotiaiden sarja naruohjelma\u2013 PNV Cup, Helsinki \u2013 kategoria 8\u2013 Kerava Cup \u2013 kategoria 7\u2013 Vantaa Cup \u2013 kategoria 4 Kev\u00e4t 2020 \u2013 koronan takia kev\u00e4\u00e4n kisat siirtyiv\u00e4t syksylle Syksy 2020 \u2013 10-12-vuotiaiden sarja vapaaohjelma\u2013 SyysCup, Hyvink\u00e4\u00e4 \u2013 [&hellip;]<\/p>\n","protected":false},"author":12,"featured_media":0,"parent":0,"menu_order":0,"comment_status":"closed","ping_status":"closed","template":"","meta":{"footnotes":""},"class_list":["post-355","page","type-page","status-publish","hentry"],"_links":{"self":[{"href":"https:\/\/porvoonurheilijat.fi\/jvoimistelu\/wp-json\/wp\/v2\/pages\/355","targetHints":{"allow":["GET"]}}],"collection":[{"href":"https:\/\/porvoonurheilijat.fi\/jvoimistelu\/wp-json\/wp\/v2\/pages"}],"about":[{"href":"https:\/\/porvoonurheilijat.fi\/jvoimistelu\/wp-json\/wp\/v2\/types\/page"}],"author":[{"embeddable":true,"href":"https:\/\/porvoonurheilijat.fi\/jvoimistelu\/wp-json\/wp\/v2\/users\/12"}],"replies":[{"embeddable":true,"href":"https:\/\/porvoonurheilijat.fi\/jvoimistelu\/wp-json\/wp\/v2\/comments?post=355"}],"version-history":[{"count":12,"href":"https:\/\/porvoonurheilijat.fi\/jvoimistelu\/wp-json\/wp\/v2\/pages\/355\/revisions"}],"predecessor-version":[{"id":699,"href":"https:\/\/porvoonurheilijat.fi\/jvoimistelu\/wp-json\/wp\/v2\/pages\/355\/revisions\/699"}],"wp:attachment":[{"href":"https:\/\/porvoonurheilijat.fi\/jvoimistelu\/wp-json\/wp\/v2\/media?parent=355"}],"curies":[{"name":"wp","href":"https:\/\/api.w.org\/{rel}","templated":true}]}}