{"id":409,"date":"2023-01-23T16:51:53","date_gmt":"2023-01-23T14:51:53","guid":{"rendered":"https:\/\/porvoonurheilijat.fi\/jvoimistelu\/?page_id=409"},"modified":"2025-08-14T20:25:15","modified_gmt":"2025-08-14T17:25:15","slug":"maksut","status":"publish","type":"page","link":"https:\/\/porvoonurheilijat.fi\/jvoimistelu\/maksut\/","title":{"rendered":"Maksut"},"content":{"rendered":"\n<p><strong>Joukkuevoimistelun&nbsp;maksut, kysy&nbsp;lis\u00e4tietoa s\u00e4hk\u00f6postilla pu.agg@hotmail.com<\/strong><\/p>\n\n\n\n<p>Joukkueen kuukausimaksu sis\u00e4lt\u00e4\u00e4 valmennuksen palkan, salivuokran, kisoissa valmentajan sek\u00e4 tuomarin p\u00e4iv\u00e4rahat sek\u00e4 matkakulut.<\/p>\n\n\n\n<p>Erikseen laskutetaan mm. kisojen osallistumismaksut, kilpailupuku, v\u00e4lineet (syksyisin), kilpailutossut, lis\u00e4treenit, pidemm\u00e4t kisamatkat joihin matkataan bussilla, yms. Laskujen l\u00e4hetykseen k\u00e4yt\u00e4mme Hoika-j\u00e4rjestelm\u00e4\u00e4.<\/p>\n\n\n\n<p>Kerran vuodessa (elokuussa) maksuihin sis\u00e4ltyy seuran, Porvoon Urheilijoiden, j\u00e4senmaksu 20\u20ac.<\/p>\n\n\n\n<p>Kilpailulisenssi hankitaan kerran vuodessa, lisenssin hinta m\u00e4\u00e4r\u00e4ytyy joukkueen kilpailusarjan mukaan. Voimisteluliitto m\u00e4\u00e4r\u00e4\u00e4 lisenssien hinnat. Lisenssin yhteyteen voi halutessaan ottaa Voimisteluliiton tapaturmavakuutuksen ellei sit\u00e4 l\u00f6ydy lapselta jo muuta kautta. Tapaturmavakuutus maksaa erikseen lisenssin lis\u00e4ksi. Lisenssin ja mahdollisen liiton vakuutuksen pystyy ostamaan SuomiSportista.<\/p>\n\n\n\n<p>Lisensseist\u00e4 lis\u00e4tietoa <a href=\"https:\/\/www.voimistelu.fi\/kilpavoimistelu\/lisenssit-vakuutukset\/#ukk\" target=\"_blank\" rel=\"noreferrer noopener\">t\u00e4\u00e4lt\u00e4.<\/a><\/p>\n","protected":false},"excerpt":{"rendered":"<p>Joukkuevoimistelun&nbsp;maksut, kysy&nbsp;lis\u00e4tietoa s\u00e4hk\u00f6postilla pu.agg@hotmail.com Joukkueen kuukausimaksu sis\u00e4lt\u00e4\u00e4 valmennuksen palkan, salivuokran, kisoissa valmentajan sek\u00e4 tuomarin p\u00e4iv\u00e4rahat sek\u00e4 matkakulut. Erikseen laskutetaan mm. kisojen osallistumismaksut, kilpailupuku, v\u00e4lineet (syksyisin), kilpailutossut, lis\u00e4treenit, pidemm\u00e4t kisamatkat joihin matkataan bussilla, yms. Laskujen l\u00e4hetykseen k\u00e4yt\u00e4mme Hoika-j\u00e4rjestelm\u00e4\u00e4. Kerran vuodessa (elokuussa) maksuihin sis\u00e4ltyy seuran, Porvoon Urheilijoiden, j\u00e4senmaksu 20\u20ac. Kilpailulisenssi hankitaan kerran vuodessa, lisenssin hinta m\u00e4\u00e4r\u00e4ytyy joukkueen [&hellip;]<\/p>\n","protected":false},"author":11,"featured_media":0,"parent":0,"menu_order":0,"comment_status":"closed","ping_status":"closed","template":"","meta":{"footnotes":""},"class_list":["post-409","page","type-page","status-publish","hentry"],"_links":{"self":[{"href":"https:\/\/porvoonurheilijat.fi\/jvoimistelu\/wp-json\/wp\/v2\/pages\/409","targetHints":{"allow":["GET"]}}],"collection":[{"href":"https:\/\/porvoonurheilijat.fi\/jvoimistelu\/wp-json\/wp\/v2\/pages"}],"about":[{"href":"https:\/\/porvoonurheilijat.fi\/jvoimistelu\/wp-json\/wp\/v2\/types\/page"}],"author":[{"embeddable":true,"href":"https:\/\/porvoonurheilijat.fi\/jvoimistelu\/wp-json\/wp\/v2\/users\/11"}],"replies":[{"embeddable":true,"href":"https:\/\/porvoonurheilijat.fi\/jvoimistelu\/wp-json\/wp\/v2\/comments?post=409"}],"version-history":[{"count":14,"href":"https:\/\/porvoonurheilijat.fi\/jvoimistelu\/wp-json\/wp\/v2\/pages\/409\/revisions"}],"predecessor-version":[{"id":743,"href":"https:\/\/porvoonurheilijat.fi\/jvoimistelu\/wp-json\/wp\/v2\/pages\/409\/revisions\/743"}],"wp:attachment":[{"href":"https:\/\/porvoonurheilijat.fi\/jvoimistelu\/wp-json\/wp\/v2\/media?parent=409"}],"curies":[{"name":"wp","href":"https:\/\/api.w.org\/{rel}","templated":true}]}}