{"id":592,"date":"2024-08-03T17:04:46","date_gmt":"2024-08-03T14:04:46","guid":{"rendered":"https:\/\/porvoonurheilijat.fi\/jvoimistelu\/?page_id=592"},"modified":"2025-05-17T21:52:15","modified_gmt":"2025-05-17T18:52:15","slug":"brianna","status":"publish","type":"page","link":"https:\/\/porvoonurheilijat.fi\/jvoimistelu\/brianna\/","title":{"rendered":"Brianna"},"content":{"rendered":"\n<figure class=\"wp-block-image size-large\"><img loading=\"lazy\" decoding=\"async\" width=\"1024\" height=\"768\" src=\"https:\/\/porvoonurheilijat.fi\/jvoimistelu\/wp-content\/uploads\/sites\/5\/2024\/11\/Brianna-syksy-2024-1024x768.jpg\" alt=\"\" class=\"wp-image-656\" srcset=\"https:\/\/porvoonurheilijat.fi\/jvoimistelu\/wp-content\/uploads\/sites\/5\/2024\/11\/Brianna-syksy-2024-1024x768.jpg 1024w, https:\/\/porvoonurheilijat.fi\/jvoimistelu\/wp-content\/uploads\/sites\/5\/2024\/11\/Brianna-syksy-2024-300x225.jpg 300w, https:\/\/porvoonurheilijat.fi\/jvoimistelu\/wp-content\/uploads\/sites\/5\/2024\/11\/Brianna-syksy-2024-768x576.jpg 768w, https:\/\/porvoonurheilijat.fi\/jvoimistelu\/wp-content\/uploads\/sites\/5\/2024\/11\/Brianna-syksy-2024-1536x1152.jpg 1536w, https:\/\/porvoonurheilijat.fi\/jvoimistelu\/wp-content\/uploads\/sites\/5\/2024\/11\/Brianna-syksy-2024.jpg 1600w\" sizes=\"auto, (max-width: 1024px) 100vw, 1024px\" \/><figcaption class=\"wp-element-caption\">Brianna syksyll\u00e4 2024<\/figcaption><\/figure>\n\n\n\n<p class=\"has-small-font-size\">Brianna kilpailee kev\u00e4\u00e4ll\u00e4 2025 vapaaohjelmalla 8-10-vuotiaiden sarjassa. Joukkueessa voimistelee 11 tytt\u00f6\u00e4 (synt. 2014-2016). Brianna harjoittelee 3 x 2h viikossa. Joukkueen vastuuvalmentajana toimii Julia Laaksonen ja muina valmentajina Enni Toivonen, Elea Etel\u00e4niemi ja Milla Perikangas. Joukkueen kev\u00e4\u00e4n 2025 vapaaohjelman koreografian on tehnyt Enni Toivonen ja Julia Laaksonen. Brianna muodostettiin kolmesta seuran kev\u00e4\u00e4n 2024 joukkueista ja joukkue nousi syksyll\u00e4 2024 kilpailemaan 8-10v sarjaan.<\/p>\n\n\n\n<p class=\"has-small-font-size\"><em><a href=\"https:\/\/porvoonurheilijat.fi\/jvoimistelu\/brianna-kilpailutuloksia\/\" target=\"_blank\" rel=\"noreferrer noopener\">Brianna kilpailutuloksia<\/a><\/em><\/p>\n","protected":false},"excerpt":{"rendered":"<p>Brianna kilpailee kev\u00e4\u00e4ll\u00e4 2025 vapaaohjelmalla 8-10-vuotiaiden sarjassa. Joukkueessa voimistelee 11 tytt\u00f6\u00e4 (synt. 2014-2016). Brianna harjoittelee 3 x 2h viikossa. Joukkueen vastuuvalmentajana toimii Julia Laaksonen ja muina valmentajina Enni Toivonen, Elea Etel\u00e4niemi ja Milla Perikangas. Joukkueen kev\u00e4\u00e4n 2025 vapaaohjelman koreografian on tehnyt Enni Toivonen ja Julia Laaksonen. Brianna muodostettiin kolmesta seuran kev\u00e4\u00e4n 2024 joukkueista ja joukkue [&hellip;]<\/p>\n","protected":false},"author":12,"featured_media":0,"parent":0,"menu_order":0,"comment_status":"closed","ping_status":"closed","template":"","meta":{"footnotes":""},"class_list":["post-592","page","type-page","status-publish","hentry"],"_links":{"self":[{"href":"https:\/\/porvoonurheilijat.fi\/jvoimistelu\/wp-json\/wp\/v2\/pages\/592","targetHints":{"allow":["GET"]}}],"collection":[{"href":"https:\/\/porvoonurheilijat.fi\/jvoimistelu\/wp-json\/wp\/v2\/pages"}],"about":[{"href":"https:\/\/porvoonurheilijat.fi\/jvoimistelu\/wp-json\/wp\/v2\/types\/page"}],"author":[{"embeddable":true,"href":"https:\/\/porvoonurheilijat.fi\/jvoimistelu\/wp-json\/wp\/v2\/users\/12"}],"replies":[{"embeddable":true,"href":"https:\/\/porvoonurheilijat.fi\/jvoimistelu\/wp-json\/wp\/v2\/comments?post=592"}],"version-history":[{"count":6,"href":"https:\/\/porvoonurheilijat.fi\/jvoimistelu\/wp-json\/wp\/v2\/pages\/592\/revisions"}],"predecessor-version":[{"id":715,"href":"https:\/\/porvoonurheilijat.fi\/jvoimistelu\/wp-json\/wp\/v2\/pages\/592\/revisions\/715"}],"wp:attachment":[{"href":"https:\/\/porvoonurheilijat.fi\/jvoimistelu\/wp-json\/wp\/v2\/media?parent=592"}],"curies":[{"name":"wp","href":"https:\/\/api.w.org\/{rel}","templated":true}]}}