{"id":595,"date":"2024-08-03T17:09:14","date_gmt":"2024-08-03T14:09:14","guid":{"rendered":"https:\/\/porvoonurheilijat.fi\/jvoimistelu\/?page_id=595"},"modified":"2025-05-17T21:59:53","modified_gmt":"2025-05-17T18:59:53","slug":"brianna-kilpailutuloksia","status":"publish","type":"page","link":"https:\/\/porvoonurheilijat.fi\/jvoimistelu\/brianna-kilpailutuloksia\/","title":{"rendered":"Brianna kilpailutuloksia"},"content":{"rendered":"\n<p class=\"has-small-font-size\">Kev\u00e4t 2023 &#8211; Midit &#8211; Stara-kilpailut<\/p>\n\n\n\n<p class=\"has-small-font-size\">Syksy 2023 &#8211; Neonit &#8211; Stara-kilpailut<\/p>\n\n\n\n<p class=\"has-small-font-size\">Kev\u00e4t 2024 &#8211; Neonit &#8211; Stara-kilpailut<\/p>\n\n\n\n<p class=\"has-medium-font-size\"><em><strong>Syksy 2024 &#8211; Brianna &#8211; 8-10-vuotiaiden sarja naruohjelma<\/strong><\/em><br>&#8211; H\u00e4meenlinna Cup &#8211; kategoria 4, sija 6.-9.\/14 + kunniamaininta<br>&#8211; Riihim\u00e4ki Cup &#8211; kategoria 5, sija 7.-11.\/19<br>&#8211; Espoo Cup &#8211; kategoria 4, sija 12.-16\/33 <br>&#8211; PNV Cup, Helsinki &#8211; kategoria 4, sija 6.-7.\/15 + kunniamaininta<\/p>\n\n\n\n<p class=\"has-medium-font-size\"><strong><em>Kev\u00e4t 2025 &#8211; Brianna &#8211; 8-10-vuotiaiden sarja vapaaohjelma<\/em><\/strong><br>&#8211; Elise Cup, Helsinki &#8211; kategoria 3 + kunniamaininta, sija 3.-5.\/14<br>&#8211; Mustan Kissan Cup, M\u00e4nts\u00e4l\u00e4 &#8211; kategoria 3, sija 4.-7.\/18<br>&#8211; Kotka Sport Cup, Kotka &#8211; kategoria 2 + kunniamaininta, sija 1.-3.\/10<br>&#8211; Tapiola Cup, Espoo &#8211; kategoria 3 + kunniamaininta, sija 2.-3.\/14<\/p>\n","protected":false},"excerpt":{"rendered":"<p>Kev\u00e4t 2023 &#8211; Midit &#8211; Stara-kilpailut Syksy 2023 &#8211; Neonit &#8211; Stara-kilpailut Kev\u00e4t 2024 &#8211; Neonit &#8211; Stara-kilpailut Syksy 2024 &#8211; Brianna &#8211; 8-10-vuotiaiden sarja naruohjelma&#8211; H\u00e4meenlinna Cup &#8211; kategoria 4, sija 6.-9.\/14 + kunniamaininta&#8211; Riihim\u00e4ki Cup &#8211; kategoria 5, sija 7.-11.\/19&#8211; Espoo Cup &#8211; kategoria 4, sija 12.-16\/33 &#8211; PNV Cup, Helsinki &#8211; kategoria [&hellip;]<\/p>\n","protected":false},"author":12,"featured_media":0,"parent":0,"menu_order":0,"comment_status":"closed","ping_status":"closed","template":"","meta":{"footnotes":""},"class_list":["post-595","page","type-page","status-publish","hentry"],"_links":{"self":[{"href":"https:\/\/porvoonurheilijat.fi\/jvoimistelu\/wp-json\/wp\/v2\/pages\/595","targetHints":{"allow":["GET"]}}],"collection":[{"href":"https:\/\/porvoonurheilijat.fi\/jvoimistelu\/wp-json\/wp\/v2\/pages"}],"about":[{"href":"https:\/\/porvoonurheilijat.fi\/jvoimistelu\/wp-json\/wp\/v2\/types\/page"}],"author":[{"embeddable":true,"href":"https:\/\/porvoonurheilijat.fi\/jvoimistelu\/wp-json\/wp\/v2\/users\/12"}],"replies":[{"embeddable":true,"href":"https:\/\/porvoonurheilijat.fi\/jvoimistelu\/wp-json\/wp\/v2\/comments?post=595"}],"version-history":[{"count":4,"href":"https:\/\/porvoonurheilijat.fi\/jvoimistelu\/wp-json\/wp\/v2\/pages\/595\/revisions"}],"predecessor-version":[{"id":717,"href":"https:\/\/porvoonurheilijat.fi\/jvoimistelu\/wp-json\/wp\/v2\/pages\/595\/revisions\/717"}],"wp:attachment":[{"href":"https:\/\/porvoonurheilijat.fi\/jvoimistelu\/wp-json\/wp\/v2\/media?parent=595"}],"curies":[{"name":"wp","href":"https:\/\/api.w.org\/{rel}","templated":true}]}}