{"id":600,"date":"2024-08-03T17:15:18","date_gmt":"2024-08-03T14:15:18","guid":{"rendered":"https:\/\/porvoonurheilijat.fi\/jvoimistelu\/?page_id=600"},"modified":"2025-08-14T20:16:41","modified_gmt":"2025-08-14T17:16:41","slug":"neoni","status":"publish","type":"page","link":"https:\/\/porvoonurheilijat.fi\/jvoimistelu\/neoni\/","title":{"rendered":"Neoni"},"content":{"rendered":"\n<p class=\"has-small-font-size\">Syksyll\u00e4 2025 Neoni -joukkue osallistuu naruohjelmalla 8-12-vuotiaiden harrastesarjan kilpailuihin. Treeneiss\u00e4 joukkue harjoittelee perusvoimistelutaitoja, venytyksi\u00e4, kisaohjelmaa, v\u00e4linetaitoja, akrobatiaa sek\u00e4 leikkej\u00e4. Joukkueessa voimistelee 10 tytt\u00f6\u00e4 (synt. 2015-2017), mutta<strong> mukaan otetaan viel\u00e4 pari uutta voimistelijaa.<\/strong><\/p>\n\n\n\n<p class=\"has-small-font-size\"><strong>Neoni -joukkue<\/strong> <strong>vuosina 2015-2017 syntyneille lapsille.<\/strong><br>&#8211; Harjoitukset 2x 2h \/ viikko<br>&#8211; Treenit torstaisin klo 16-18 ja sunnuntaisin klo 11:30-13:30 Tolkkisten monitoimitalolla<br>&#8211; Neoni -joukkueen kuukausihinta 90\u20ac\/kk<\/p>\n\n\n\n<p class=\"has-small-font-size\">Neoni -joukkueen vakiotreenit Tolkkisten monitoimitalolla. Neoni -joukkue harjoittelee kauden aikana kilpailuohjelmaa kolmeen kilpailuun Uudenmaan alueella sek\u00e4 seuran joulun\u00e4yt\u00f6kseen.<br>Joukkuetta valmentavat Enni Toivonen, Elea Etel\u00e4niemi ja Milla Perikangas.<\/p>\n\n\n\n<p class=\"has-small-font-size\"><strong>Lis\u00e4tiedot ja kyselyt joukkueeseen p\u00e4\u00e4semisest\u00e4 s\u00e4hk\u00f6postilla Enni Toivoselle osoitteeseen\u00a0enni.toivonen00@hotmail.com<\/strong><\/p>\n\n\n\n<figure class=\"wp-block-image size-large\"><img loading=\"lazy\" decoding=\"async\" width=\"1024\" height=\"768\" src=\"https:\/\/porvoonurheilijat.fi\/jvoimistelu\/wp-content\/uploads\/sites\/5\/2024\/11\/Neoni-syksy-2024-1024x768.jpg\" alt=\"\" class=\"wp-image-683\" srcset=\"https:\/\/porvoonurheilijat.fi\/jvoimistelu\/wp-content\/uploads\/sites\/5\/2024\/11\/Neoni-syksy-2024-1024x768.jpg 1024w, https:\/\/porvoonurheilijat.fi\/jvoimistelu\/wp-content\/uploads\/sites\/5\/2024\/11\/Neoni-syksy-2024-300x225.jpg 300w, https:\/\/porvoonurheilijat.fi\/jvoimistelu\/wp-content\/uploads\/sites\/5\/2024\/11\/Neoni-syksy-2024-768x576.jpg 768w, https:\/\/porvoonurheilijat.fi\/jvoimistelu\/wp-content\/uploads\/sites\/5\/2024\/11\/Neoni-syksy-2024-1536x1152.jpg 1536w, https:\/\/porvoonurheilijat.fi\/jvoimistelu\/wp-content\/uploads\/sites\/5\/2024\/11\/Neoni-syksy-2024.jpg 2048w\" sizes=\"auto, (max-width: 1024px) 100vw, 1024px\" \/><figcaption class=\"wp-element-caption\">Neoni syksyll\u00e4 2024<\/figcaption><\/figure>\n\n\n\n<p><\/p>\n","protected":false},"excerpt":{"rendered":"<p>Syksyll\u00e4 2025 Neoni -joukkue osallistuu naruohjelmalla 8-12-vuotiaiden harrastesarjan kilpailuihin. Treeneiss\u00e4 joukkue harjoittelee perusvoimistelutaitoja, venytyksi\u00e4, kisaohjelmaa, v\u00e4linetaitoja, akrobatiaa sek\u00e4 leikkej\u00e4. Joukkueessa voimistelee 10 tytt\u00f6\u00e4 (synt. 2015-2017), mutta mukaan otetaan viel\u00e4 pari uutta voimistelijaa. Neoni -joukkue vuosina 2015-2017 syntyneille lapsille.&#8211; Harjoitukset 2x 2h \/ viikko&#8211; Treenit torstaisin klo 16-18 ja sunnuntaisin klo 11:30-13:30 Tolkkisten monitoimitalolla&#8211; Neoni -joukkueen [&hellip;]<\/p>\n","protected":false},"author":12,"featured_media":0,"parent":0,"menu_order":0,"comment_status":"closed","ping_status":"closed","template":"","meta":{"footnotes":""},"class_list":["post-600","page","type-page","status-publish","hentry"],"_links":{"self":[{"href":"https:\/\/porvoonurheilijat.fi\/jvoimistelu\/wp-json\/wp\/v2\/pages\/600","targetHints":{"allow":["GET"]}}],"collection":[{"href":"https:\/\/porvoonurheilijat.fi\/jvoimistelu\/wp-json\/wp\/v2\/pages"}],"about":[{"href":"https:\/\/porvoonurheilijat.fi\/jvoimistelu\/wp-json\/wp\/v2\/types\/page"}],"author":[{"embeddable":true,"href":"https:\/\/porvoonurheilijat.fi\/jvoimistelu\/wp-json\/wp\/v2\/users\/12"}],"replies":[{"embeddable":true,"href":"https:\/\/porvoonurheilijat.fi\/jvoimistelu\/wp-json\/wp\/v2\/comments?post=600"}],"version-history":[{"count":9,"href":"https:\/\/porvoonurheilijat.fi\/jvoimistelu\/wp-json\/wp\/v2\/pages\/600\/revisions"}],"predecessor-version":[{"id":739,"href":"https:\/\/porvoonurheilijat.fi\/jvoimistelu\/wp-json\/wp\/v2\/pages\/600\/revisions\/739"}],"wp:attachment":[{"href":"https:\/\/porvoonurheilijat.fi\/jvoimistelu\/wp-json\/wp\/v2\/media?parent=600"}],"curies":[{"name":"wp","href":"https:\/\/api.w.org\/{rel}","templated":true}]}}