{"id":72,"date":"2023-01-19T15:37:04","date_gmt":"2023-01-19T13:37:04","guid":{"rendered":"https:\/\/porvoonurheilijat.fi\/jvoimistelu\/?page_id=72"},"modified":"2025-08-14T20:04:59","modified_gmt":"2025-08-14T17:04:59","slug":"eloisa","status":"publish","type":"page","link":"https:\/\/porvoonurheilijat.fi\/jvoimistelu\/eloisa\/","title":{"rendered":"Eloisa"},"content":{"rendered":"\n<figure class=\"wp-block-image aligncenter size-large is-style-default\"><img loading=\"lazy\" decoding=\"async\" width=\"768\" height=\"1024\" src=\"https:\/\/porvoonurheilijat.fi\/jvoimistelu\/wp-content\/uploads\/sites\/5\/2024\/11\/Eloisa-syksy-2024-768x1024.jpg\" alt=\"\" class=\"wp-image-672\" srcset=\"https:\/\/porvoonurheilijat.fi\/jvoimistelu\/wp-content\/uploads\/sites\/5\/2024\/11\/Eloisa-syksy-2024-768x1024.jpg 768w, https:\/\/porvoonurheilijat.fi\/jvoimistelu\/wp-content\/uploads\/sites\/5\/2024\/11\/Eloisa-syksy-2024-225x300.jpg 225w, https:\/\/porvoonurheilijat.fi\/jvoimistelu\/wp-content\/uploads\/sites\/5\/2024\/11\/Eloisa-syksy-2024-1152x1536.jpg 1152w, https:\/\/porvoonurheilijat.fi\/jvoimistelu\/wp-content\/uploads\/sites\/5\/2024\/11\/Eloisa-syksy-2024.jpg 1200w\" sizes=\"auto, (max-width: 768px) 100vw, 768px\" \/><figcaption class=\"wp-element-caption\"><em>Eloisa syksyll\u00e4 2024<\/em><\/figcaption><\/figure>\n\n\n\n<p class=\"has-small-font-size\">Eloisa kilpailee 16-18-vuotiaiden harrastesarjassa syksyll\u00e4 2025. Joukkueeseen kuuluu 9 tytt\u00f6\u00e4 (synt. 2007-2011) ja he harjoittelevat 3 x 3h \/ viikko. Joukkueen vastuuvalmentajana toimii Laura Sandberg ja toisena valmentajana Julia Laaksonen. Joukkueen vanneohjelman koreografian syksylle 2025 ovat tehneet Heini Tuovinen ja Milla Ruokolainen.<br><strong>Joukkueen arkea pystyy seuraamaan Instagramista k\u00e4ytt\u00e4j\u00e4tilin @eloisa_pu alta<\/strong><\/p>\n\n\n\n<h4 class=\"wp-block-heading\">Joukkueen historiaa<\/h4>\n\n\n\n<p class=\"has-small-font-size\">Eloisa perustettiin syksyll\u00e4 2016, jonka aikana he harjoittelivat ja opettelivat joukkuevoimistelulle ominaisia lajitaitoja. Kev\u00e4\u00e4ll\u00e4 2017 joukkue osallistui vapaaohjelmalla Stara-kilpailuihin, joista haettiin esiintymiskokemusta varsinaisia kisoja varten. Stara-kilpailuissa joukkueita ei laiteta paremmuusj\u00e4rjestykseen, vaan Starat toimivat oikeiden kilpailuiden esikilpailuina ja oikean kilpailutilanteen harjoittelumahdollisuutena, josta jokainen esiintyj\u00e4 palkitaan mitalein oman suorituksen j\u00e4lkeen.&nbsp; Arvostelijat eli arvit antavat kuitenkin joukkueille kirjallisen palautteen suorituksesta ja perusvoimistelutaidoista. Stara-kilpailuissa voi esiinty\u00e4 sek\u00e4 vapaa- ett\u00e4 v\u00e4lineohjelmalla mill\u00e4 kaudella tahansa.<\/p>\n\n\n\n<p class=\"has-small-font-size\">Syksyll\u00e4 2017 Eloisa kilpaili pallo-ohjelmalla 10-12-vuotiaiden sarjassa parantaen aina suorituksiaan kisakauden edetess\u00e4. Kev\u00e4\u00e4ll\u00e4 2018 Eloisa siirtyi 12-14-vuotiaiden kilpasarjaan vapaaohjelmalla, ja teki my\u00f6s t\u00e4ll\u00e4 kaudella tasaisen varmoja ja vahvoja kilpailusuorituksia. Syksyll\u00e4 2018 Eloisa kilpaili ensimm\u00e4ist\u00e4 kertaa vanneohjelmalla 12-14-vuotiaiden kilpasarjassa saaden tasaisen varmoja tuloksia. Kev\u00e4t 2019 oli Eloisan parhain kausi siihen menness\u00e4. Joukkue kisasi vapaaohjelmalla ja paransi kisasuorituksia kauden edetess\u00e4. Kauden huipennus tapahtui kuitenkin 12-14-vuotiaiden kilpasarjan mestaruuskisoissa, joissa Eloisa p\u00e4\u00e4si sarjan finaaliin (15 alkukilpailun parasta joukkuetta) ja sijoittui finaalissa sijalle 14. Syksyll\u00e4 2019 Eloisa kilpaili toista kertaa vanneohjelmalla jatkaen viel\u00e4 12-14-vuotiaiden kilpasarjassa. Samaisena syksyn\u00e4 Eloisa sai koreografikseen Elina Lindforsin, jonka suunnittelema ohjelma antoi tyt\u00f6ille uudenlaista haastetta ja hyv\u00e4\u00e4 palautetta tuomareilta. Kev\u00e4\u00e4ll\u00e4 2020 Eloisan oli tarkoitus kisata viimeist\u00e4 kertaa vapaaohjelmalla 12-14v kilpasarjassa, mutta koronatilanteen takia yht\u00e4k\u00e4\u00e4n kilpailua ei keretty pit\u00e4m\u00e4\u00e4n, joten vapaaohjelmilla kisataan syksyll\u00e4 2020. Syksyn kisakausi oli oikein onnistunut, sill\u00e4 Eloisa toi mitalin kotiin jokaisesta kauden kuudesta kisasta!<\/p>\n\n\n\n<p class=\"has-small-font-size\">Syksyll\u00e4 2020 Voimisteluliitto palkitsi jokaisesta voimistelulajista (yht. 9 lajia) vuoden kehittyj\u00e4n sek\u00e4 vuoden lasten ja nuorten valmentajan. Eloisan ja valmentajien suureksi yll\u00e4tykseksi Porvoon Urheilijoiden Eloisa palkittiin joukkuevoimistelun Vuoden Kehittyj\u00e4 palkinnolla!! Voimisteluliiton perustelut palkinnolle kuuluivat n\u00e4in: \u201dEloisa on saanut Vuoden Kehittyj\u00e4 palkinnon sen takia, ett\u00e4 ovat valtavalla vauhdilla menneet eteenp\u00e4in. Valmentajat aloittivat joukkuevoimistelun seurassa vasta pari vuotta sitten (kes\u00e4ll\u00e4 2016), ja nyt t\u00e4m\u00e4 12-14-vuotiaiden kilpasarjassa voimisteleva Eloisa on saanut jo yli 17 pistett\u00e4 kilpailuissa. Onnea teille, joukkueelle, valmentajille, tyt\u00f6ille. Ja erityisesti tsemppi\u00e4 jatkotreeneihin!\u201d<br>T\u00e4m\u00e4 oli kyll\u00e4 yksi kauden kohokohdista!&nbsp;<\/p>\n\n\n\n<p class=\"has-small-font-size\">Kev\u00e4\u00e4ll\u00e4 2021 joukkue kilpaili Online kisoissa Ajan tempo -teemaisella ohjelmalla ensimm\u00e4ist\u00e4 kertaa 14-16-vuotiaiden kilpasarjassa. Eloisa paransi suorituksiaan kauden edetess\u00e4 vaikka koronan takia online kisat eiv\u00e4t olleet kaikista motivoivampia.<\/p>\n\n\n\n<figure class=\"wp-block-image alignright size-medium is-resized is-style-rounded\"><img loading=\"lazy\" decoding=\"async\" width=\"225\" height=\"300\" src=\"https:\/\/porvoonurheilijat.fi\/jvoimistelu\/wp-content\/uploads\/sites\/5\/2023\/07\/Eloisa-kevat-2023-225x300.jpeg\" alt=\"\" class=\"wp-image-482\" style=\"width:275px;height:367px\" srcset=\"https:\/\/porvoonurheilijat.fi\/jvoimistelu\/wp-content\/uploads\/sites\/5\/2023\/07\/Eloisa-kevat-2023-225x300.jpeg 225w, https:\/\/porvoonurheilijat.fi\/jvoimistelu\/wp-content\/uploads\/sites\/5\/2023\/07\/Eloisa-kevat-2023-768x1024.jpeg 768w, https:\/\/porvoonurheilijat.fi\/jvoimistelu\/wp-content\/uploads\/sites\/5\/2023\/07\/Eloisa-kevat-2023-1152x1536.jpeg 1152w, https:\/\/porvoonurheilijat.fi\/jvoimistelu\/wp-content\/uploads\/sites\/5\/2023\/07\/Eloisa-kevat-2023.jpeg 1200w\" sizes=\"auto, (max-width: 225px) 100vw, 225px\" \/><figcaption class=\"wp-element-caption\"><em>Eloisa kev\u00e4\u00e4ll\u00e4 2023<\/em><\/figcaption><\/figure>\n\n\n\n<p class=\"has-small-font-size\">Syksyll\u00e4 2021 kisattiin kahden vuoden tauon j\u00e4lkeen v\u00e4lineohjelmilla. Eloisa valitsi v\u00e4lineeksi pallon ja olikin 14-16v kilpasarjassa ainoa joukkue jolla oli pallo v\u00e4lineen\u00e4. T\u00e4ss\u00e4 sarjassa v\u00e4lineen saa valita seuraavista; naru, vanne, nauha, keilat tai pallo. Suurimmalla osalla sarjan muista joukkueista v\u00e4linein\u00e4 oli vanne tai keilat. Kaunis p\u00e4iv\u00e4 -niminen ohjelma sai paljon kehuja ja joukkueen kauteen mahtui sek\u00e4 onnistumisia ett\u00e4 alam\u00e4ki\u00e4\/ep\u00e4onnistumisia. Kauden isoin saavutus oli kuitenkin p\u00e4\u00e4seminen kilpasarjan mestaruuskilpailuiden finaaliin, jonne p\u00e4\u00e4si vain 15 sarjan parasta joukkuetta 31 joukkueesta.<\/p>\n\n\n\n<p class=\"has-small-font-size\">Kev\u00e4\u00e4ll\u00e4 2022 joukkueen vapaaohjelman teemana oli Madonna. Menev\u00e4 ja ilmaisullinen ohjelma oli joukkueen mieleen, mutta harmittavasti kisojen osalta kausi ei mennyt niin kuin oli suunniteltu. Yksi kisa jouduttiin perumaan kun puolet joukkueesta oli sairaana. Muutamissa kisoissa sattui my\u00f6s harmittavia t\u00f6rm\u00e4yksi\u00e4 ja muita k\u00f6mm\u00e4hdyksi\u00e4. Kauden j\u00e4lkeen joukkueen koko pieneni 9:st\u00e4 seitsem\u00e4\u00e4n voimistelijaan, kun kaksi tytt\u00f6\u00e4 lopettivat voimistelu-uransa.<\/p>\n\n\n\n<p class=\"has-small-font-size\">Syksyll\u00e4 2022 joukkue kisaa ensimm\u00e4ist\u00e4 kertaa keiloilla v\u00e4linekaudella. Eloisa osallistui kaudella kolmeen kilpasarjan kisaan sek\u00e4 yhteen harrastesarjan kilpailuun. Rakkaus teemainen ohjelma oli joukkueen mieleen ja kauden aikana kisoista saatiin rakentavaa palautetta ohjelman parantamiseksi. Kausi oli nousujohteinen ja v\u00e4linemestaruuskilpailuissa Eloisa p\u00e4\u00e4si alkukilpailun j\u00e4lkeen kisaamaan viel\u00e4 finaaliin, josta tuli 12. sija \/ 26 joukkuetta.<\/p>\n\n\n\n<p class=\"has-small-font-size\">Kev\u00e4\u00e4ll\u00e4 2023 joukkueen kokoonpano muuttui hiukan kun kolme tytt\u00f6\u00e4 Edinasta tuli mukaan Eloisaan. T\u00e4ll\u00e4 kaudella joukkueen koreografian ovat tehneet Jenni Merra ja Mira Syrj\u00e4l\u00e4. Eloisa osallistuu kaudella t\u00e4ll\u00e4 kaudella 14-16v kilpasarjaan ja 16-20v harrastesarjaan joukkueen ik\u00e4jakauman vuoksi. Joukkueen kausi oli nousujohteinen ja Eloisa onnistui p\u00e4\u00e4sem\u00e4\u00e4n kilpasarjan mestaruuskilpailujen finaaliin, jossa he pystyiv\u00e4t tekem\u00e4\u00e4n kauden parhaan suorituksen.<\/p>\n\n\n\n<p class=\"has-small-font-size\">Syksyll\u00e4 2023 joukkue kisasi toista kertaa keiloilla Mira Syrj\u00e4l\u00e4n koreografioimalla ohjelmalla. Kausi oli hyvin nousujohteinen ja joukkue pystyi kisaamaan kaikki kisansa koko joukkueen voimin ilman sairastumisia tai loukkaantumisia, mik\u00e4 oli hyv\u00e4 juttu! Joukkue osallistui sek\u00e4 14-16v kilpa- ett\u00e4 harrastesarjoihin. Harrastesarjan kisoista tultiin mitalit kaulassa kotiin ja kilpasarjan puolella onnistuttiin p\u00e4\u00e4sem\u00e4\u00e4n mukaan v\u00e4linemestisten finaaliin, jossa joukkue sai tehty\u00e4 ehj\u00e4n suorituksen. Onnistunut kausi kokonaisuudessaan.<\/p>\n\n\n\n<p class=\"has-small-font-size\">Kev\u00e4\u00e4ll\u00e4 2024 joukkue nousi kilpailemaan 16-18-vuotiaiden harrastesarjaan. Lis\u00e4ksi joukkueeseen tuli mukaan kaksi tytt\u00f6\u00e4 Edina-joukkueesta. Joukkueen koreografina toimi edelleen Mira Syrj\u00e4l\u00e4. Kauden aikana ei tullut juurikaan sairastumisia, vaan kausi pystyttiin vet\u00e4m\u00e4\u00e4n l\u00e4pi yhdess\u00e4 onnistuen. Joukkueen kausi oli menestyksek\u00e4s ja nousujohteinen, sill\u00e4 joukkue tuli kisoista kotiin joka kerta kultamitalit kaulassa. <\/p>\n\n\n\n<p class=\"has-small-font-size\">Syksyll\u00e4 2024 joukkue kisasi 16-18-vuotiaiden harrastesarjassa koskettavalla keilaohjelmalla, jonka olivat tehneet joukkueelle uudet koreografit Milla Ruokolainen ja Heini Tuovinen. Joukkueen v\u00e4linekausi oli menestyksek\u00e4s ja kisoista joihin joukkue osallistui palattiin kotiin kultaisten mitalien kanssa. Kauden p\u00e4\u00e4kisoista, TUL:in v\u00e4linemestaruuskisoista saatiin my\u00f6s kultaa ja mestaruus!<\/p>\n\n\n\n<p class=\"has-small-font-size\">Kev\u00e4\u00e4ll\u00e4 2025 joukkue kisasi 16-18-vuotiaiden harrastesarjassa uudella haastavammalla ohjelmalla, joka oli tehty uusiin s\u00e4\u00e4nt\u00f6ihin sopiviksi. Kausi oli hieman rikkonaisempi ja uudet ohjelman osat tuottivat v\u00e4lill\u00e4 hankaluuksia. Kausi oli p\u00e4\u00e4osin onnistunut vaikka sairastumisia tulikin kauden aikana. Joukkueen koreografeina jatkoivat t\u00e4ll\u00e4 kaudella Heini Tuovinen ja Milla Ruokolainen. Kisoissa joukkue oli joka kerta palkintopallilla, vaikka mitalin v\u00e4ri muuttuikin kisojen v\u00e4lill\u00e4. TUL:in mestaruuskisoista tuli kovassa kisassa pronssia.<\/p>\n\n\n\n<p class=\"has-small-font-size\"><a href=\"https:\/\/porvoonurheilijat.fi\/jvoimistelu\/eloisa-kilpailutuloksia\/\" target=\"_blank\" rel=\"noreferrer noopener\">Aiempien kausien kilpailutuloksia<\/a><\/p>\n\n\n\n<p class=\"has-small-font-size\"><em>Voit seurata Eloisa- joukkueen arkea my\u00f6s Instagramista<\/em><\/p>\n\n\n\n<ul class=\"wp-block-social-links is-layout-flex wp-block-social-links-is-layout-flex\"><li class=\"wp-social-link wp-social-link-instagram  wp-block-social-link\"><a href=\"https:\/\/www.instagram.com\/eloisa_agg\/?hl=fi\" class=\"wp-block-social-link-anchor\"><svg width=\"24\" height=\"24\" viewBox=\"0 0 24 24\" version=\"1.1\" xmlns=\"http:\/\/www.w3.org\/2000\/svg\" aria-hidden=\"true\" focusable=\"false\"><path d=\"M12,4.622c2.403,0,2.688,0.009,3.637,0.052c0.877,0.04,1.354,0.187,1.671,0.31c0.42,0.163,0.72,0.358,1.035,0.673 c0.315,0.315,0.51,0.615,0.673,1.035c0.123,0.317,0.27,0.794,0.31,1.671c0.043,0.949,0.052,1.234,0.052,3.637 s-0.009,2.688-0.052,3.637c-0.04,0.877-0.187,1.354-0.31,1.671c-0.163,0.42-0.358,0.72-0.673,1.035 c-0.315,0.315-0.615,0.51-1.035,0.673c-0.317,0.123-0.794,0.27-1.671,0.31c-0.949,0.043-1.233,0.052-3.637,0.052 s-2.688-0.009-3.637-0.052c-0.877-0.04-1.354-0.187-1.671-0.31c-0.42-0.163-0.72-0.358-1.035-0.673 c-0.315-0.315-0.51-0.615-0.673-1.035c-0.123-0.317-0.27-0.794-0.31-1.671C4.631,14.688,4.622,14.403,4.622,12 s0.009-2.688,0.052-3.637c0.04-0.877,0.187-1.354,0.31-1.671c0.163-0.42,0.358-0.72,0.673-1.035 c0.315-0.315,0.615-0.51,1.035-0.673c0.317-0.123,0.794-0.27,1.671-0.31C9.312,4.631,9.597,4.622,12,4.622 M12,3 C9.556,3,9.249,3.01,8.289,3.054C7.331,3.098,6.677,3.25,6.105,3.472C5.513,3.702,5.011,4.01,4.511,4.511 c-0.5,0.5-0.808,1.002-1.038,1.594C3.25,6.677,3.098,7.331,3.054,8.289C3.01,9.249,3,9.556,3,12c0,2.444,0.01,2.751,0.054,3.711 c0.044,0.958,0.196,1.612,0.418,2.185c0.23,0.592,0.538,1.094,1.038,1.594c0.5,0.5,1.002,0.808,1.594,1.038 c0.572,0.222,1.227,0.375,2.185,0.418C9.249,20.99,9.556,21,12,21s2.751-0.01,3.711-0.054c0.958-0.044,1.612-0.196,2.185-0.418 c0.592-0.23,1.094-0.538,1.594-1.038c0.5-0.5,0.808-1.002,1.038-1.594c0.222-0.572,0.375-1.227,0.418-2.185 C20.99,14.751,21,14.444,21,12s-0.01-2.751-0.054-3.711c-0.044-0.958-0.196-1.612-0.418-2.185c-0.23-0.592-0.538-1.094-1.038-1.594 c-0.5-0.5-1.002-0.808-1.594-1.038c-0.572-0.222-1.227-0.375-2.185-0.418C14.751,3.01,14.444,3,12,3L12,3z M12,7.378 c-2.552,0-4.622,2.069-4.622,4.622S9.448,16.622,12,16.622s4.622-2.069,4.622-4.622S14.552,7.378,12,7.378z M12,15 c-1.657,0-3-1.343-3-3s1.343-3,3-3s3,1.343,3,3S13.657,15,12,15z M16.804,6.116c-0.596,0-1.08,0.484-1.08,1.08 s0.484,1.08,1.08,1.08c0.596,0,1.08-0.484,1.08-1.08S17.401,6.116,16.804,6.116z\"><\/path><\/svg><span class=\"wp-block-social-link-label screen-reader-text\">Eloisa Instargamissa<\/span><\/a><\/li><\/ul>\n","protected":false},"excerpt":{"rendered":"<p>Eloisa kilpailee 16-18-vuotiaiden harrastesarjassa syksyll\u00e4 2025. Joukkueeseen kuuluu 9 tytt\u00f6\u00e4 (synt. 2007-2011) ja he harjoittelevat 3 x 3h \/ viikko. Joukkueen vastuuvalmentajana toimii Laura Sandberg ja toisena valmentajana Julia Laaksonen. Joukkueen vanneohjelman koreografian syksylle 2025 ovat tehneet Heini Tuovinen ja Milla Ruokolainen.Joukkueen arkea pystyy seuraamaan Instagramista k\u00e4ytt\u00e4j\u00e4tilin @eloisa_pu alta Joukkueen historiaa Eloisa perustettiin syksyll\u00e4 2016, [&hellip;]<\/p>\n","protected":false},"author":11,"featured_media":0,"parent":0,"menu_order":0,"comment_status":"closed","ping_status":"closed","template":"","meta":{"footnotes":""},"class_list":["post-72","page","type-page","status-publish","hentry"],"_links":{"self":[{"href":"https:\/\/porvoonurheilijat.fi\/jvoimistelu\/wp-json\/wp\/v2\/pages\/72","targetHints":{"allow":["GET"]}}],"collection":[{"href":"https:\/\/porvoonurheilijat.fi\/jvoimistelu\/wp-json\/wp\/v2\/pages"}],"about":[{"href":"https:\/\/porvoonurheilijat.fi\/jvoimistelu\/wp-json\/wp\/v2\/types\/page"}],"author":[{"embeddable":true,"href":"https:\/\/porvoonurheilijat.fi\/jvoimistelu\/wp-json\/wp\/v2\/users\/11"}],"replies":[{"embeddable":true,"href":"https:\/\/porvoonurheilijat.fi\/jvoimistelu\/wp-json\/wp\/v2\/comments?post=72"}],"version-history":[{"count":22,"href":"https:\/\/porvoonurheilijat.fi\/jvoimistelu\/wp-json\/wp\/v2\/pages\/72\/revisions"}],"predecessor-version":[{"id":732,"href":"https:\/\/porvoonurheilijat.fi\/jvoimistelu\/wp-json\/wp\/v2\/pages\/72\/revisions\/732"}],"wp:attachment":[{"href":"https:\/\/porvoonurheilijat.fi\/jvoimistelu\/wp-json\/wp\/v2\/media?parent=72"}],"curies":[{"name":"wp","href":"https:\/\/api.w.org\/{rel}","templated":true}]}}