{"id":134,"date":"2017-08-06T19:11:31","date_gmt":"2017-08-06T16:11:31","guid":{"rendered":"http:\/\/porvoonurheilijat.fi\/suunnistus\/?page_id=134"},"modified":"2023-01-10T20:42:47","modified_gmt":"2023-01-10T18:42:47","slug":"linkkeja","status":"publish","type":"page","link":"https:\/\/porvoonurheilijat.fi\/suunnistus\/linkkeja\/","title":{"rendered":"Linkkej\u00e4"},"content":{"rendered":"\n<h6 class=\"wp-block-heading\"><a href=\"https:\/\/www.facebook.com\/pu.suunnistus\/\"><strong>Suunnistusjaosto Facebookissa<\/strong><\/a><\/h6>\n\n\n\n<h6 class=\"wp-block-heading\"><strong>Suunnistuksen sivustoja ja Porvoon l\u00e4hiseudun seurojen sivustoja<\/strong><\/h6>\n\n\n\n<div class=\"wp-block-media-text alignwide is-stacked-on-mobile\"><figure class=\"wp-block-media-text__media\"><img loading=\"lazy\" decoding=\"async\" width=\"1024\" height=\"305\" src=\"https:\/\/porvoonurheilijat.fi\/suunnistus\/wp-content\/uploads\/sites\/2\/2023\/01\/Suunnistusliitto_logo_RGB-1024x305.png\" alt=\"\" class=\"wp-image-1254 size-full\" srcset=\"https:\/\/porvoonurheilijat.fi\/suunnistus\/wp-content\/uploads\/sites\/2\/2023\/01\/Suunnistusliitto_logo_RGB-1024x305.png 1024w, https:\/\/porvoonurheilijat.fi\/suunnistus\/wp-content\/uploads\/sites\/2\/2023\/01\/Suunnistusliitto_logo_RGB-300x89.png 300w, https:\/\/porvoonurheilijat.fi\/suunnistus\/wp-content\/uploads\/sites\/2\/2023\/01\/Suunnistusliitto_logo_RGB-768x228.png 768w, https:\/\/porvoonurheilijat.fi\/suunnistus\/wp-content\/uploads\/sites\/2\/2023\/01\/Suunnistusliitto_logo_RGB-1536x457.png 1536w, https:\/\/porvoonurheilijat.fi\/suunnistus\/wp-content\/uploads\/sites\/2\/2023\/01\/Suunnistusliitto_logo_RGB-2048x609.png 2048w\" sizes=\"auto, (max-width: 767px) 89vw, (max-width: 1000px) 54vw, (max-width: 1071px) 543px, 580px\" \/><\/figure><div class=\"wp-block-media-text__content\">\n<p><\/p>\n\n\n\n<figure class=\"wp-block-image size-full\"><a href=\"https:\/\/irma.suunnistusliitto.fi\/irma\/public\/competitioncalendar\/view\" target=\"_blank\" rel=\"noreferrer noopener\"><img loading=\"lazy\" decoding=\"async\" width=\"396\" height=\"67\" src=\"https:\/\/porvoonurheilijat.fi\/suunnistus\/wp-content\/uploads\/sites\/2\/2023\/01\/Irma.png\" alt=\"\" class=\"wp-image-1256\" srcset=\"https:\/\/porvoonurheilijat.fi\/suunnistus\/wp-content\/uploads\/sites\/2\/2023\/01\/Irma.png 396w, https:\/\/porvoonurheilijat.fi\/suunnistus\/wp-content\/uploads\/sites\/2\/2023\/01\/Irma-300x51.png 300w\" sizes=\"auto, (max-width: 396px) 100vw, 396px\" \/><\/a><\/figure>\n<\/div><\/div>\n\n\n<div class=\"wp-block-image\">\n<figure class=\"alignleft size-full\"><a href=\"https:\/\/www.suunnistavauusimaa.fi\/\" target=\"_blank\" rel=\"noreferrer noopener\"><img loading=\"lazy\" decoding=\"async\" width=\"77\" height=\"53\" src=\"https:\/\/porvoonurheilijat.fi\/suunnistus\/wp-content\/uploads\/sites\/2\/2023\/01\/su_uu1.gif\" alt=\"\" class=\"wp-image-1253\" \/><\/a><figcaption class=\"wp-element-caption\">Suunnistava Uusimaa<\/figcaption><\/figure><\/div>\n\n\n<figure class=\"wp-block-image size-full is-resized\"><a href=\"https:\/\/www.rastilippu.fi\/\" target=\"_blank\" rel=\"noreferrer noopener\"><img loading=\"lazy\" decoding=\"async\" src=\"https:\/\/porvoonurheilijat.fi\/suunnistus\/wp-content\/uploads\/sites\/2\/2019\/01\/Rastilippu-valkoiselle-2.png\" alt=\"\" class=\"wp-image-370\" width=\"144\" height=\"47\" \/><\/a><\/figure>\n\n\n\n<figure class=\"wp-block-image size-full is-resized\"><a href=\"https:\/\/jukola.com\/2023\/\" target=\"_blank\" rel=\"noreferrer noopener\"><img loading=\"lazy\" decoding=\"async\" src=\"https:\/\/porvoonurheilijat.fi\/suunnistus\/wp-content\/uploads\/sites\/2\/2023\/01\/PorvooJukola2023.png\" alt=\"\" class=\"wp-image-1259\" width=\"144\" height=\"79\" srcset=\"https:\/\/porvoonurheilijat.fi\/suunnistus\/wp-content\/uploads\/sites\/2\/2023\/01\/PorvooJukola2023.png 311w, https:\/\/porvoonurheilijat.fi\/suunnistus\/wp-content\/uploads\/sites\/2\/2023\/01\/PorvooJukola2023-300x164.png 300w\" sizes=\"auto, (max-width: 144px) 100vw, 144px\" \/><\/a><\/figure>\n\n\n\n\n\n<h6 class=\"wp-block-heading\"><strong>Porvoon ja l\u00e4hiseudun suunnistusseurojen sivuja:<br><\/strong>\u00a0<\/h6>\n\n\n\n\n<div class=\"wp-block-image\">\n<figure class=\"alignleft size-full is-resized\"><a href=\"https:\/\/www.asku.fi\/\" target=\"_blank\" rel=\"noreferrer noopener\"><img loading=\"lazy\" decoding=\"async\" src=\"https:\/\/porvoonurheilijat.fi\/suunnistus\/wp-content\/uploads\/sites\/2\/2023\/01\/AskU.png\" alt=\"\" class=\"wp-image-1263\" width=\"61\" height=\"83\" \/><\/a><figcaption class=\"wp-element-caption\">Askolan Urheilijat<\/figcaption><\/figure><\/div>\n\n\n<p><\/p>\n\n\n<div class=\"wp-block-image\">\n<figure class=\"alignleft size-full is-resized\"><a href=\"https:\/\/www.mantsalanurheilijat.fi\/jaostot\/suunnistus2\/\" target=\"_blank\" rel=\"noreferrer noopener\"><img loading=\"lazy\" decoding=\"async\" src=\"https:\/\/porvoonurheilijat.fi\/suunnistus\/wp-content\/uploads\/sites\/2\/2023\/01\/MU_logo23.jpeg\" alt=\"\" class=\"wp-image-1264\" width=\"80\" height=\"80\" srcset=\"https:\/\/porvoonurheilijat.fi\/suunnistus\/wp-content\/uploads\/sites\/2\/2023\/01\/MU_logo23.jpeg 115w, https:\/\/porvoonurheilijat.fi\/suunnistus\/wp-content\/uploads\/sites\/2\/2023\/01\/MU_logo23-100x100.jpeg 100w\" sizes=\"auto, (max-width: 80px) 100vw, 80px\" \/><\/a><figcaption class=\"wp-element-caption\">M\u00e4nts\u00e4l\u00e4n Urheilijat<\/figcaption><\/figure><\/div>\n\n\n<figure class=\"wp-block-image size-full is-resized\"><a href=\"https:\/\/oktrian.fi\/fi\/etusivu\/\" target=\"_blank\" rel=\"noreferrer noopener\"><img loading=\"lazy\" decoding=\"async\" src=\"https:\/\/porvoonurheilijat.fi\/suunnistus\/wp-content\/uploads\/sites\/2\/2023\/01\/OKtrian.png\" alt=\"\" class=\"wp-image-1260\" width=\"160\" height=\"44\" srcset=\"https:\/\/porvoonurheilijat.fi\/suunnistus\/wp-content\/uploads\/sites\/2\/2023\/01\/OKtrian.png 311w, https:\/\/porvoonurheilijat.fi\/suunnistus\/wp-content\/uploads\/sites\/2\/2023\/01\/OKtrian-300x83.png 300w\" sizes=\"auto, (max-width: 160px) 100vw, 160px\" \/><\/a><\/figure>\n","protected":false},"excerpt":{"rendered":"<p>Suunnistusjaosto Facebookissa Suunnistuksen sivustoja ja Porvoon l\u00e4hiseudun seurojen sivustoja Porvoon ja l\u00e4hiseudun suunnistusseurojen sivuja:\u00a0<\/p>\n","protected":false},"author":5,"featured_media":0,"parent":0,"menu_order":10,"comment_status":"closed","ping_status":"closed","template":"","meta":{"footnotes":""},"class_list":["post-134","page","type-page","status-publish","hentry"],"_links":{"self":[{"href":"https:\/\/porvoonurheilijat.fi\/suunnistus\/wp-json\/wp\/v2\/pages\/134","targetHints":{"allow":["GET"]}}],"collection":[{"href":"https:\/\/porvoonurheilijat.fi\/suunnistus\/wp-json\/wp\/v2\/pages"}],"about":[{"href":"https:\/\/porvoonurheilijat.fi\/suunnistus\/wp-json\/wp\/v2\/types\/page"}],"author":[{"embeddable":true,"href":"https:\/\/porvoonurheilijat.fi\/suunnistus\/wp-json\/wp\/v2\/users\/5"}],"replies":[{"embeddable":true,"href":"https:\/\/porvoonurheilijat.fi\/suunnistus\/wp-json\/wp\/v2\/comments?post=134"}],"version-history":[{"count":21,"href":"https:\/\/porvoonurheilijat.fi\/suunnistus\/wp-json\/wp\/v2\/pages\/134\/revisions"}],"predecessor-version":[{"id":1266,"href":"https:\/\/porvoonurheilijat.fi\/suunnistus\/wp-json\/wp\/v2\/pages\/134\/revisions\/1266"}],"wp:attachment":[{"href":"https:\/\/porvoonurheilijat.fi\/suunnistus\/wp-json\/wp\/v2\/media?parent=134"}],"curies":[{"name":"wp","href":"https:\/\/api.w.org\/{rel}","templated":true}]}}