{"id":1418,"date":"2023-03-05T16:50:26","date_gmt":"2023-03-05T14:50:26","guid":{"rendered":"https:\/\/porvoonurheilijat.fi\/suunnistus\/?page_id=1418"},"modified":"2023-05-21T16:16:51","modified_gmt":"2023-05-21T13:16:51","slug":"porvoon-koulusuunnistus-2023","status":"publish","type":"page","link":"https:\/\/porvoonurheilijat.fi\/suunnistus\/porvoon-koulusuunnistus-2023\/","title":{"rendered":"Porvoon koulusuunnistus 2023"},"content":{"rendered":"\n<h2 class=\"wp-block-heading\"><\/h2>\n\n\n\n<figure class=\"wp-block-image size-full\"><img loading=\"lazy\" decoding=\"async\" width=\"800\" height=\"299\" src=\"https:\/\/porvoonurheilijat.fi\/suunnistus\/wp-content\/uploads\/sites\/2\/2023\/03\/koulu_kartalla_logo_vaaka_1.jpg\" alt=\"\" class=\"wp-image-1478\" srcset=\"https:\/\/porvoonurheilijat.fi\/suunnistus\/wp-content\/uploads\/sites\/2\/2023\/03\/koulu_kartalla_logo_vaaka_1.jpg 800w, https:\/\/porvoonurheilijat.fi\/suunnistus\/wp-content\/uploads\/sites\/2\/2023\/03\/koulu_kartalla_logo_vaaka_1-300x112.jpg 300w, https:\/\/porvoonurheilijat.fi\/suunnistus\/wp-content\/uploads\/sites\/2\/2023\/03\/koulu_kartalla_logo_vaaka_1-768x287.jpg 768w\" sizes=\"auto, (max-width: 767px) 89vw, (max-width: 1000px) 54vw, (max-width: 1071px) 543px, 580px\" \/><\/figure>\n\n\n\n<figure class=\"wp-block-table is-style-stripes has-medium-font-size\"><table><thead><tr><th><strong><mark class=\"has-inline-color has-black-color\">JunnuJukola Porvoossa torstaina 11.5.2023<\/mark><\/strong><br><br><a href=\"https:\/\/porvoonurheilijat.fi\/suunnistus\/wp-content\/uploads\/sites\/2\/2023\/05\/t20230511.html\">Tulokset<\/a><br><br><a href=\"https:\/\/porvoonurheilijat.fi\/suunnistus\/wp-content\/uploads\/sites\/2\/2023\/05\/Kilpailuohjeet_koululaiskisat_Porvoo.pdf\">Kilpailuohjeet<\/a><br><br><br><br><\/th><th><strong>JunnuJukola i Borg\u00e5 p\u00e5 torsdagen 11.5.2023<\/strong><br><br><a href=\"https:\/\/porvoonurheilijat.fi\/suunnistus\/wp-content\/uploads\/sites\/2\/2023\/05\/v20230511.html\">Rastiv\u00e4liajat<\/a><br><br><a href=\"https:\/\/porvoonurheilijat.fi\/suunnistus\/wp-content\/uploads\/sites\/2\/2023\/05\/Tavlingsdirektiv_skolorientering_Borga.pdf\">T\u00e4vlingsdirektiv<\/a><br><br><br><br><\/th><\/tr><\/thead><\/table><\/figure>\n\n\n\n<p><br><\/p>\n","protected":false},"excerpt":{"rendered":"<p>JunnuJukola Porvoossa torstaina 11.5.2023 Tulokset Kilpailuohjeet JunnuJukola i Borg\u00e5 p\u00e5 torsdagen 11.5.2023 Rastiv\u00e4liajat T\u00e4vlingsdirektiv<\/p>\n","protected":false},"author":5,"featured_media":0,"parent":0,"menu_order":0,"comment_status":"closed","ping_status":"closed","template":"","meta":{"footnotes":""},"class_list":["post-1418","page","type-page","status-publish","hentry"],"_links":{"self":[{"href":"https:\/\/porvoonurheilijat.fi\/suunnistus\/wp-json\/wp\/v2\/pages\/1418","targetHints":{"allow":["GET"]}}],"collection":[{"href":"https:\/\/porvoonurheilijat.fi\/suunnistus\/wp-json\/wp\/v2\/pages"}],"about":[{"href":"https:\/\/porvoonurheilijat.fi\/suunnistus\/wp-json\/wp\/v2\/types\/page"}],"author":[{"embeddable":true,"href":"https:\/\/porvoonurheilijat.fi\/suunnistus\/wp-json\/wp\/v2\/users\/5"}],"replies":[{"embeddable":true,"href":"https:\/\/porvoonurheilijat.fi\/suunnistus\/wp-json\/wp\/v2\/comments?post=1418"}],"version-history":[{"count":25,"href":"https:\/\/porvoonurheilijat.fi\/suunnistus\/wp-json\/wp\/v2\/pages\/1418\/revisions"}],"predecessor-version":[{"id":1544,"href":"https:\/\/porvoonurheilijat.fi\/suunnistus\/wp-json\/wp\/v2\/pages\/1418\/revisions\/1544"}],"wp:attachment":[{"href":"https:\/\/porvoonurheilijat.fi\/suunnistus\/wp-json\/wp\/v2\/media?parent=1418"}],"curies":[{"name":"wp","href":"https:\/\/api.w.org\/{rel}","templated":true}]}}