{"id":1813,"date":"2024-03-20T16:37:20","date_gmt":"2024-03-20T14:37:20","guid":{"rendered":"https:\/\/porvoonurheilijat.fi\/suunnistus\/?page_id=1813"},"modified":"2026-03-24T16:02:56","modified_gmt":"2026-03-24T14:02:56","slug":"porvu-tietoseloste","status":"publish","type":"page","link":"https:\/\/porvoonurheilijat.fi\/suunnistus\/porvu-tietoseloste\/","title":{"rendered":"PorvU tietoseloste"},"content":{"rendered":"\n<h1 class=\"wp-block-heading\">PorvU kuntosuunnistustapahtumien rekisteri<\/h1>\n\n\n\n<p>Tietoseloste , muutos 2 p\u00e4ivitetty 24.3.2026<\/p>\n\n\n\n<h2 class=\"wp-block-heading\">1.&nbsp;&nbsp;&nbsp;&nbsp; Rekisterinpit\u00e4j\u00e4<\/h2>\n\n\n\n<p>Porvoon Urheilijat ry, suunnistusjaosto, Hansatie 6 A 1 06150 Porvoo, <a href=\"Porvoonurheilijat.fi\/suunnistus\">Porvoonurheilijat.fi\/suunnistus<\/a><\/p>\n\n\n\n<h2 class=\"wp-block-heading\">2.&nbsp;&nbsp;&nbsp;&nbsp; Henkil\u00f6tietojen k\u00e4sittelyn tarkoitukset ja k\u00e4sittelyn oikeusperuste<\/h2>\n\n\n\n<p>Tietoja k\u00e4ytet\u00e4\u00e4n kuntosuunnistustapahtumien ilmoittautumisten vastaanottamiseen, maaston l\u00e4hteneiden ja maastosta palanneiden seurantaan sek\u00e4 tulosten k\u00e4sittelyyn. Tietoja k\u00e4ytet\u00e4\u00e4n tulosten julkaisemiseen Rastilippu-palvelussa, rata-analyysiohjelmissa (LiveLox). Osallistujien sarjakohtaisia kokonaism\u00e4\u00e4ri\u00e4 k\u00e4ytet\u00e4\u00e4n tilastointiin ja raportointiin.<br>Tietoja k\u00e4ytet\u00e4\u00e4n tapahtuman yhteydess\u00e4 varmistamaan, ett\u00e4 kaikki maastoon l\u00e4hteneet ovat palanneet maastosta.<\/p>\n\n\n\n<p>Tulospalveluun tallennettavat kuntosuunnistustapahtumaan osallistuvan yksil\u00f6iv\u00e4t tiedot. N\u00e4ill\u00e4 varmistetaan tulospalveluohjelman kautta, ett\u00e4 kaikki maastoon l\u00e4hteneet ovat &nbsp;palanneet maaliin. Ja tarvittaessa j\u00e4rjest\u00e4\u00e4 loukkaantuneet henkil\u00f6n maastosta haku tai palaamatta j\u00e4\u00e4neen etsint\u00e4.<\/p>\n\n\n\n<p>Tulospalveluun tallennettavat kuntosuunnistustapahtumaan osallistuvan yksil\u00f6iv\u00e4t tiedot<\/p>\n\n\n\n<ul class=\"wp-block-list\">\n<li>Ilmoittautumistiedot, sis\u00e4lt\u00e4en:\n<ul class=\"wp-block-list\">\n<li>Suku- ja Etunimi (mik\u00e4li k\u00e4ytt\u00e4j\u00e4 sallii)<\/li>\n\n\n\n<li>Emitkortin numero, jos haluaa tulokset ajanotolla<\/li>\n\n\n\n<li>Ratatieto<\/li>\n<\/ul>\n<\/li>\n\n\n\n<li>Tiedot tuloksissa ratakohtaisesti\n<ul class=\"wp-block-list\">\n<li>Suku- ja etunimi (mik\u00e4li k\u00e4ytt\u00e4j\u00e4 sallii)<\/li>\n\n\n\n<li>Emitnumero<\/li>\n\n\n\n<li>Tulos sek\u00e4 rastiv\u00e4liajat<\/li>\n<\/ul>\n<\/li>\n<\/ul>\n\n\n\n<p>Tulospalveluohjelman rekisteri k\u00e4ytt\u00e4\u00e4 pohjana Suomen Suunnistusliiton Rastilipun suunnistajarekisteri\u00e4. Kuntosuunnistustapahtumassa rekisteriin t\u00e4ydennet\u00e4\u00e4n Rastilippu-palvelun kautta ilmoittautuneet sek\u00e4 paikanp\u00e4\u00e4ll\u00e4 ilmoittautuneiden tiedot. Tapahtumista muodostuu tulospalveluohjelmistoon tapahtumakohtainen rekisteri tapahtumaan osallistuneiden seurantaan (maastoon l\u00e4hteneet ja maastosta palanneet) sek\u00e4 tulosten muodostamista varten.<\/p>\n\n\n\n<p>Maksettaessa osallistuminen paikan p\u00e4\u00e4ll\u00e4 maksu suoritetaan j\u00e4rjest\u00e4j\u00e4n k\u00e4ytt\u00e4mill\u00e4 maksutapahtumina kortti-, l\u00e4hi-, mobiilimaksuna. Maksu voidaan suoritta my\u00f6s k\u00e4teisell\u00e4 tai liikuntaseteleill\u00e4.<\/p>\n\n\n\n<p>J\u00e4rjest\u00e4j\u00e4n k\u00e4yt\u00f6ss\u00e4 olevat kortti-, l\u00e4hi- ja mobiilimaksupalvelut ja niiden tietosuojaselosteet:<br>Paypal Pos (ent Zettle)&nbsp; <a href=\"https:\/\/www.zettle.com\/fi\/oikeudelliset\/yksityisyyden-suoja\">https:\/\/www.zettle.com\/fi\/oikeudelliset\/yksityisyyden-suoja<\/a><br>Edenred&nbsp;&nbsp;&nbsp;&nbsp;&nbsp;&nbsp;&nbsp;&nbsp;&nbsp;&nbsp;&nbsp;&nbsp;&nbsp;&nbsp;&nbsp;&nbsp;&nbsp;&nbsp;&nbsp;&nbsp;&nbsp;&nbsp; <a href=\"https:\/\/edenred.fi\/fi\/tietosuojakaytanto\">https:\/\/edenred.fi\/fi\/tietosuojakaytanto<\/a><br>Epassi&nbsp;&nbsp;&nbsp;&nbsp;&nbsp;&nbsp;&nbsp;&nbsp;&nbsp;&nbsp;&nbsp;&nbsp;&nbsp;&nbsp;&nbsp;&nbsp;&nbsp;&nbsp;&nbsp;&nbsp;&nbsp;&nbsp;&nbsp;&nbsp; <a href=\"https:\/\/www.epassi.fi\/privacy-policy\">https:\/\/www.epassi.fi\/privacy-policy<\/a><br>Mobilepay&nbsp;&nbsp;&nbsp;&nbsp;&nbsp;&nbsp;&nbsp;&nbsp;&nbsp;&nbsp;&nbsp;&nbsp;&nbsp;&nbsp;&nbsp;&nbsp;&nbsp;&nbsp; <a href=\"https:\/\/mobilepay.fi\/app\/legal\/privacy-notice\/fi\">https:\/\/mobilepay.fi\/app\/legal\/privacy-notice\/fi<\/a><\/p>\n\n\n\n<p>Maksettaessa ilmoittautuminen Rastilippu-palvelun kautta, maksutapahtuma suoritetaan Paytrail -maksupalvelussa.<br>Rastilippu-palvelun tietosuojaseloste: <a href=\"https:\/\/www.suunnistusliitto.fi\/system\/wp-content\/uploads\/2018\/05\/Rastilippu_tietoseloste.html\">https:\/\/www.suunnistusliitto.fi\/system\/wp-content\/uploads\/2018\/05\/Rastilippu_tietoseloste.html<\/a><\/p>\n\n\n\n<p>Paytrail -maksupalvelun tuotosuojaselosteet: <a href=\"https:\/\/www.paytrail.com\/tietosuojaselosteet\">https:\/\/www.paytrail.com\/tietosuojaselosteet<\/a><\/p>\n\n\n\n<h2 class=\"wp-block-heading\">3.&nbsp;&nbsp;&nbsp;&nbsp; Rekisterinpit\u00e4j\u00e4n ja kolmannen osapuolen oikeutettu etu<\/h2>\n\n\n\n<p>Kuntosuunnistustapahtuman j\u00e4rjest\u00e4j\u00e4n on k\u00e4sitelt\u00e4v\u00e4 osallistujien henkil\u00f6tietoja maastoon l\u00e4hteneist\u00e4 ja maastosta palanneista tapahtuman j\u00e4rjest\u00e4misvastuuseen liittyen.<br>Rekisterinpit\u00e4j\u00e4n ja kolmantena osapuolena toimivien maksupalvelutarjoajien on k\u00e4sitelt\u00e4v\u00e4 henkil\u00f6tietoja, jotta pystyt\u00e4\u00e4n oikeutetusti toteuttamaan tapahtuman maksujen seuranta. Kolmansien osapuolten, ks. kohta 2,&nbsp; tapauksissa henkil\u00f6tietoja k\u00e4sitell\u00e4\u00e4n kunkin osapuolen tietosuojalausekkeiden mukaisesti.<\/p>\n\n\n\n<h2 class=\"wp-block-heading\">4.&nbsp;&nbsp;&nbsp;&nbsp; Henkil\u00f6tietoryhm\u00e4t<\/h2>\n\n\n\n<p>Rekister\u00f6idyn itsens\u00e4 lis\u00e4ksi h\u00e4nen henkil\u00f6tietoja saadaan tapahtumaj\u00e4rjest\u00e4j\u00e4n tulospalveluohjemasta, tapahtuman maksupalveluj\u00e4rjestelmien maksutiedoista sek\u00e4 tapahtumaj\u00e4rjest\u00e4jien toimittamista tuloksista Rastilippu-palvelusta.<\/p>\n\n\n\n<h2 class=\"wp-block-heading\">5.&nbsp;&nbsp;&nbsp;&nbsp; Henkil\u00f6tietojen vastaanottajat ja vastaanottajaryhm\u00e4t<\/h2>\n\n\n\n<p>Henkil\u00f6tietojen vastaanottajaryhmin\u00e4 toimivat:<\/p>\n\n\n\n<ul class=\"wp-block-list\">\n<li>Rekisterinpit\u00e4j\u00e4n kuntosuunnistuksen tulospalvelusta vastaava. Tulospalvelun edustajien vaihtuvuuden takia heid\u00e4t on tarkoituksenmukaista ilmoittaa vastaanottajaryhm\u00e4n\u00e4 eik\u00e4 yksitt\u00e4isin\u00e4 vastaanottajina.<\/li>\n\n\n\n<li>Tapahtumaj\u00e4rjest\u00e4j\u00e4n k\u00e4ytt\u00e4m\u00e4t maksupalvelutoimijat kolmansina osapuolina.<\/li>\n<\/ul>\n\n\n\n<h2 class=\"wp-block-heading\">6.&nbsp;&nbsp;&nbsp;&nbsp; Henkil\u00f6tietojen s\u00e4ilytt\u00e4misaika<\/h2>\n\n\n\n<p>Henkil\u00f6tietoja s\u00e4ilytet\u00e4\u00e4n niin kauan, kun kohdassa 3 mainittujen oikeutettujen etujen toteuttamiseksi on tarpeellista.<\/p>\n\n\n\n<p>Henkil\u00f6tiedot poistetaan kuntosuunnistustapahtuman j\u00e4rjest\u00e4jien yksitt\u00e4isist\u00e4 rekistereist\u00e4 kuntosuunnistustapahtumittain kuitenkin viimeist\u00e4\u00e4n 5 vuoden kuluttua.<\/p>\n\n\n\n<p>Rastilippupalvelun tuloksien ja siten ko. tapahtuman henkil\u00f6tietojen poistosta vastaa SSL:n Rastilippu-palvelun yll\u00e4pit\u00e4j\u00e4 oman tietosuojak\u00e4yt\u00e4nn\u00f6n mukaisesti.<\/p>\n\n\n\n<h2 class=\"wp-block-heading\">7.&nbsp;&nbsp;&nbsp;&nbsp; Rekisterin suojausperiaatteet<\/h2>\n\n\n\n<p>Kuntosuunnistustapahtumien tulospalvelun henkil\u00f6rekisteri on tapauskohtaisesti ja yksityisesti muodostuva rekisteri tapahtuman j\u00e4rjest\u00e4miseksi ja tapahtumassa maastossa olevien ja palanneiden seurantaan sek\u00e4 tulosten tuottamista varten SSL:n Rastilippu-palveluun. Rastilippu-palvelu on SSL-suojattu internet-palvelu, johon jokaisella on henkil\u00f6kohtainen k\u00e4ytt\u00e4j\u00e4tunnus ja vaihtuva kirjautumiskoodi, joilla p\u00e4\u00e4see tarkastelemaan ja muuttamaan omia tietojaan.<br>Lis\u00e4ksi tapahtumaj\u00e4rjest\u00e4jien nime\u00e4mill\u00e4 p\u00e4\u00e4k\u00e4ytt\u00e4jill\u00e4 (seurak\u00e4ytt\u00e4jill\u00e4) on henkil\u00f6kohtainen salasana ja k\u00e4ytt\u00e4j\u00e4tunnus. Rastilippu-palvelussa on&nbsp; seurakohtainen tunnusavain, jolla sarjan tapahtuma linkitet\u00e4\u00e4n tulospalveluohjelmaan ilmoittautumisten ja tulosten v\u00e4litt\u00e4miseksi tulospalveluohjelmaan\/-ohjelmasta.<\/p>\n\n\n\n<h2 class=\"wp-block-heading\">8.&nbsp;&nbsp;&nbsp;&nbsp; Rekister\u00f6idyn oikeudet<\/h2>\n\n\n\n<p>Rekister\u00f6idyll\u00e4 on Euroopan Unionin tietosuoja-asetuksen L 119\/33 mukaisesti oikeus:<\/p>\n\n\n\n<ul class=\"wp-block-list\">\n<li>Saada rekisterinpit\u00e4j\u00e4lt\u00e4 tieto itse\u00e4\u00e4n koskevista henkil\u00f6tiedoista sek\u00e4 niiden k\u00e4sittelyn tarkoituksesta ja perusteista. Rekister\u00f6ity saa tiedot ottamalla yhteytt\u00e4 rekisterinpit\u00e4j\u00e4\u00e4n ja todistamalla aukottomasti henkil\u00f6llisyytens\u00e4.<\/li>\n\n\n\n<li>Oikaista rekister\u00f6ity\u00e4 koskevat ep\u00e4tarkat ja virheelliset henkil\u00f6tiedot ottamalla yhteytt\u00e4 rekisterinpit\u00e4j\u00e4\u00e4n.<\/li>\n\n\n\n<li>Vaatia tietojensa poistamista (oikeus tulla unohdetuksi) ottamalla yhteytt\u00e4 rekisterinpit\u00e4j\u00e4\u00e4n ja todistamalla aukottomasti henkil\u00f6llisyytens\u00e4.<\/li>\n\n\n\n<li>Rajoittaa henkil\u00f6tietojensa k\u00e4sittely\u00e4 ottamalla yhteytt\u00e4 rekisterinpit\u00e4j\u00e4\u00e4n ja todistamalla aukottomasti henkil\u00f6llisyytens\u00e4.<\/li>\n\n\n\n<li>Vastustaa henkil\u00f6tietojensa k\u00e4sittely\u00e4 ottamalla yhteytt\u00e4 rekisterinpit\u00e4j\u00e4\u00e4n ja todistamalla aukottomasti henkil\u00f6llisyytens\u00e4.<\/li>\n\n\n\n<li>Siirt\u00e4\u00e4 henkil\u00f6tietojansa j\u00e4rjestelm\u00e4st\u00e4 toiseen ottamalla yhteytt\u00e4 rekisterinpit\u00e4j\u00e4\u00e4n ja todistamalla aukottomasti henkil\u00f6llisyytens\u00e4.<\/li>\n<\/ul>\n\n\n\n<h2 class=\"wp-block-heading\">9.&nbsp;&nbsp;&nbsp;&nbsp; Oikeus peruuttaa annettu suostumus<\/h2>\n\n\n\n<p>Kuntosuunnistustapahtumaan ilmoittautuneella ja osallistujalla on milloin tahansa oikeus peruuttaa henkil\u00f6tietojen k\u00e4sittelyyn mahdollisesti annettu suostumus henkil\u00f6tiedon n\u00e4kyminen tuloksissa ilmoittamalla asiasta rekisterinpit\u00e4j\u00e4lle ja todistamalla aukottomasti henkil\u00f6llisyytens\u00e4.<\/p>\n\n\n\n<p>Tapahtumaan osallistuvalla on ilmoittautumisen yhteydess\u00e4 mahdollisuus kielt\u00e4\u00e4 henkil\u00f6tietojen julkaisu tuloksissa ilmoittamalla siit\u00e4 tapahtuman tulospalveluvastaavalle.<\/p>\n\n\n\n<h2 class=\"wp-block-heading\">10.&nbsp;&nbsp;&nbsp;&nbsp;&nbsp;&nbsp; Oikeus tehd\u00e4 valitus valvontaviranomaiselle<\/h2>\n\n\n\n<p>Rekister\u00f6idyll\u00e4 on oikeus tehd\u00e4 valitus h\u00e4nen henkil\u00f6tietojensa k\u00e4sittelyst\u00e4 valvontaviranomaiselle.<br><\/p>\n\n\n\n<h2 class=\"wp-block-heading\">11.&nbsp;&nbsp;&nbsp;&nbsp;&nbsp;&nbsp; Muut henkil\u00f6tietol\u00e4hteet kuin rekister\u00f6ity itse<\/h2>\n\n\n\n<p>Henkil\u00f6tietoja saadaan kuntosuunnistustapahtumaj\u00e4rjest\u00e4jien pit\u00e4mien tapahtumien tulospalveluohjelman rekisterist\u00e4, Suomen Suunnistusliiton Rastilipun suunnistajarekisterist\u00e4 .<\/p>\n\n\n\n<p><\/p>\n","protected":false},"excerpt":{"rendered":"<p>PorvU kuntosuunnistustapahtumien rekisteri Tietoseloste , muutos 2 p\u00e4ivitetty 24.3.2026 1.&nbsp;&nbsp;&nbsp;&nbsp; Rekisterinpit\u00e4j\u00e4 Porvoon Urheilijat ry, suunnistusjaosto, Hansatie 6 A 1 06150 Porvoo, Porvoonurheilijat.fi\/suunnistus 2.&nbsp;&nbsp;&nbsp;&nbsp; Henkil\u00f6tietojen k\u00e4sittelyn tarkoitukset ja k\u00e4sittelyn oikeusperuste Tietoja k\u00e4ytet\u00e4\u00e4n kuntosuunnistustapahtumien ilmoittautumisten vastaanottamiseen, maaston l\u00e4hteneiden ja maastosta palanneiden seurantaan sek\u00e4 tulosten k\u00e4sittelyyn. Tietoja k\u00e4ytet\u00e4\u00e4n tulosten julkaisemiseen Rastilippu-palvelussa, rata-analyysiohjelmissa (LiveLox). Osallistujien sarjakohtaisia kokonaism\u00e4\u00e4ri\u00e4 k\u00e4ytet\u00e4\u00e4n tilastointiin &hellip; <\/p>\n<p class=\"link-more\"><a href=\"https:\/\/porvoonurheilijat.fi\/suunnistus\/porvu-tietoseloste\/\" class=\"more-link\">Jatka lukemista<span class=\"screen-reader-text\"> &#8221;PorvU tietoseloste&#8221;<\/span><\/a><\/p>\n","protected":false},"author":5,"featured_media":0,"parent":0,"menu_order":0,"comment_status":"closed","ping_status":"closed","template":"","meta":{"footnotes":""},"class_list":["post-1813","page","type-page","status-publish","hentry"],"_links":{"self":[{"href":"https:\/\/porvoonurheilijat.fi\/suunnistus\/wp-json\/wp\/v2\/pages\/1813","targetHints":{"allow":["GET"]}}],"collection":[{"href":"https:\/\/porvoonurheilijat.fi\/suunnistus\/wp-json\/wp\/v2\/pages"}],"about":[{"href":"https:\/\/porvoonurheilijat.fi\/suunnistus\/wp-json\/wp\/v2\/types\/page"}],"author":[{"embeddable":true,"href":"https:\/\/porvoonurheilijat.fi\/suunnistus\/wp-json\/wp\/v2\/users\/5"}],"replies":[{"embeddable":true,"href":"https:\/\/porvoonurheilijat.fi\/suunnistus\/wp-json\/wp\/v2\/comments?post=1813"}],"version-history":[{"count":8,"href":"https:\/\/porvoonurheilijat.fi\/suunnistus\/wp-json\/wp\/v2\/pages\/1813\/revisions"}],"predecessor-version":[{"id":2091,"href":"https:\/\/porvoonurheilijat.fi\/suunnistus\/wp-json\/wp\/v2\/pages\/1813\/revisions\/2091"}],"wp:attachment":[{"href":"https:\/\/porvoonurheilijat.fi\/suunnistus\/wp-json\/wp\/v2\/media?parent=1813"}],"curies":[{"name":"wp","href":"https:\/\/api.w.org\/{rel}","templated":true}]}}