{"id":41,"date":"2024-12-10T14:00:00","date_gmt":"2024-12-10T12:00:00","guid":{"rendered":"http:\/\/porvoonurheilijat.fi\/suunnistus\/?page_id=41"},"modified":"2026-01-05T12:01:13","modified_gmt":"2026-01-05T10:01:13","slug":"yhteystiedot","status":"publish","type":"page","link":"https:\/\/porvoonurheilijat.fi\/suunnistus\/yhteystiedot\/","title":{"rendered":"Yhteystiedot"},"content":{"rendered":"<h2><strong>Suunnistusjaoston toimihenkil\u00f6t 2026<\/strong><\/h2>\n<p>Huom. Korvaa s\u00e4hk\u00f6postiosoitteissa % @-merkill\u00e4<\/p>\n<p><strong>Jaoston tiedot<\/strong><br \/>\nPorvoon Urheilijat \/ Suunnistus, Hansatie 6 A 1, 06150 Porvoo<\/p>\n<p>Pankkiyhteys: (Viite 3900)<br \/>\nPorvoon Osuuspankki, 535 806-4511025<br \/>\nIBAN FI38 5358 0640 5110 25<br \/>\nBIC\/SWIFT OKOYFIHH<\/p>\n<p><strong>Puheenjohtaja \/ Tiedotus <\/strong>\u00a0Ville Saarela<br \/>\n050 462 6438,\u00a0 villesaarela.villesaarela%gmail.com<\/p>\n<p><strong>Sihteeri, rahastonhoitaja\u00a0<\/strong> Matti Harju<br \/>\n044 054 1021, matti.a.harju%gmail.com<\/p>\n<p><strong>\u00a0Kartta- ja ratamestarivastaava <\/strong> Eero Hyv\u00f6nen<br \/>\n040 153 0270,\u00a0 hyvoneer%gmail.com<\/p>\n<p><strong>Kuntosuunnistusvastaava <\/strong>Reijo Nokelainen<br \/>\n040 175 8166,\u00a0 reijo.nokelainen%gmail.com<strong><br \/>\n<\/strong><\/p>\n<p><b>Muut j\u00e4senet<br \/>\n<\/b>&#8211;<\/p>\n<p><strong style=\"font-size: 1rem\">Nuorisovastaava<br \/>\n<\/strong>&#8211;<\/p>\n<p><strong>Emit-kalusto \/ Varasto \/ Tuloslaskenta<\/strong>\u00a0 Jukka Toikkanen<br \/>\n0400 634 374,\u00a0 \u00a0jukka.toikkanen%sulo.fi<\/p>\n<p><strong>Internetsivut:<\/strong>\u00a0 Reijo Nokelainen (my\u00f6s vapepa-yhteyshenkil\u00f6 )<br \/>\n040 175 8166,\u00a0 reijo.nokelainen%gmail.com<\/p>\n","protected":false},"excerpt":{"rendered":"<p>Suunnistusjaoston toimihenkil\u00f6t 2026 Huom. Korvaa s\u00e4hk\u00f6postiosoitteissa % @-merkill\u00e4 Jaoston tiedot Porvoon Urheilijat \/ Suunnistus, Hansatie 6 A 1, 06150 Porvoo Pankkiyhteys: (Viite 3900) Porvoon Osuuspankki, 535 806-4511025 IBAN FI38 5358 0640 5110 25 BIC\/SWIFT OKOYFIHH Puheenjohtaja \/ Tiedotus \u00a0Ville Saarela 050 462 6438,\u00a0 villesaarela.villesaarela%gmail.com Sihteeri, rahastonhoitaja\u00a0 Matti Harju 044 054 1021, matti.a.harju%gmail.com \u00a0Kartta- ja ratamestarivastaava &hellip; <\/p>\n<p class=\"link-more\"><a href=\"https:\/\/porvoonurheilijat.fi\/suunnistus\/yhteystiedot\/\" class=\"more-link\">Jatka lukemista<span class=\"screen-reader-text\"> &#8221;Yhteystiedot&#8221;<\/span><\/a><\/p>\n","protected":false},"author":5,"featured_media":0,"parent":0,"menu_order":7,"comment_status":"closed","ping_status":"closed","template":"","meta":{"footnotes":""},"class_list":["post-41","page","type-page","status-publish","hentry"],"_links":{"self":[{"href":"https:\/\/porvoonurheilijat.fi\/suunnistus\/wp-json\/wp\/v2\/pages\/41","targetHints":{"allow":["GET"]}}],"collection":[{"href":"https:\/\/porvoonurheilijat.fi\/suunnistus\/wp-json\/wp\/v2\/pages"}],"about":[{"href":"https:\/\/porvoonurheilijat.fi\/suunnistus\/wp-json\/wp\/v2\/types\/page"}],"author":[{"embeddable":true,"href":"https:\/\/porvoonurheilijat.fi\/suunnistus\/wp-json\/wp\/v2\/users\/5"}],"replies":[{"embeddable":true,"href":"https:\/\/porvoonurheilijat.fi\/suunnistus\/wp-json\/wp\/v2\/comments?post=41"}],"version-history":[{"count":20,"href":"https:\/\/porvoonurheilijat.fi\/suunnistus\/wp-json\/wp\/v2\/pages\/41\/revisions"}],"predecessor-version":[{"id":2046,"href":"https:\/\/porvoonurheilijat.fi\/suunnistus\/wp-json\/wp\/v2\/pages\/41\/revisions\/2046"}],"wp:attachment":[{"href":"https:\/\/porvoonurheilijat.fi\/suunnistus\/wp-json\/wp\/v2\/media?parent=41"}],"curies":[{"name":"wp","href":"https:\/\/api.w.org\/{rel}","templated":true}]}}