{"id":47,"date":"2017-08-02T11:39:42","date_gmt":"2017-08-02T08:39:42","guid":{"rendered":"http:\/\/porvoonurheilijat.fi\/suunnistus\/?page_id=47"},"modified":"2024-10-27T11:08:31","modified_gmt":"2024-10-27T09:08:31","slug":"kilpailut","status":"publish","type":"page","link":"https:\/\/porvoonurheilijat.fi\/suunnistus\/kilpailut\/","title":{"rendered":"Kilpailut"},"content":{"rendered":"<h1>PorvU j\u00e4rjest\u00e4m\u00e4t kilpailut<\/h1>\n\n\n<p>PorvU:lla ei ole toistaiseksi j\u00e4rjestett\u00e4v\u00e4n\u00e4 kilpailuja Porvoon seudun kuntosuunnistuksia lukuunottamatta.<\/p>\n","protected":false},"excerpt":{"rendered":"<p>PorvU j\u00e4rjest\u00e4m\u00e4t kilpailut PorvU:lla ei ole toistaiseksi j\u00e4rjestett\u00e4v\u00e4n\u00e4 kilpailuja Porvoon seudun kuntosuunnistuksia lukuunottamatta.<\/p>\n","protected":false},"author":5,"featured_media":0,"parent":0,"menu_order":4,"comment_status":"closed","ping_status":"closed","template":"","meta":{"footnotes":""},"class_list":["post-47","page","type-page","status-publish","hentry"],"_links":{"self":[{"href":"https:\/\/porvoonurheilijat.fi\/suunnistus\/wp-json\/wp\/v2\/pages\/47","targetHints":{"allow":["GET"]}}],"collection":[{"href":"https:\/\/porvoonurheilijat.fi\/suunnistus\/wp-json\/wp\/v2\/pages"}],"about":[{"href":"https:\/\/porvoonurheilijat.fi\/suunnistus\/wp-json\/wp\/v2\/types\/page"}],"author":[{"embeddable":true,"href":"https:\/\/porvoonurheilijat.fi\/suunnistus\/wp-json\/wp\/v2\/users\/5"}],"replies":[{"embeddable":true,"href":"https:\/\/porvoonurheilijat.fi\/suunnistus\/wp-json\/wp\/v2\/comments?post=47"}],"version-history":[{"count":3,"href":"https:\/\/porvoonurheilijat.fi\/suunnistus\/wp-json\/wp\/v2\/pages\/47\/revisions"}],"predecessor-version":[{"id":1886,"href":"https:\/\/porvoonurheilijat.fi\/suunnistus\/wp-json\/wp\/v2\/pages\/47\/revisions\/1886"}],"wp:attachment":[{"href":"https:\/\/porvoonurheilijat.fi\/suunnistus\/wp-json\/wp\/v2\/media?parent=47"}],"curies":[{"name":"wp","href":"https:\/\/api.w.org\/{rel}","templated":true}]}}