{"id":59,"date":"2017-08-02T12:00:05","date_gmt":"2017-08-02T09:00:05","guid":{"rendered":"http:\/\/porvoonurheilijat.fi\/suunnistus\/?page_id=59"},"modified":"2023-03-26T15:27:50","modified_gmt":"2023-03-26T12:27:50","slug":"harjoitukset","status":"publish","type":"page","link":"https:\/\/porvoonurheilijat.fi\/suunnistus\/harjoitukset\/","title":{"rendered":"Harjoitukset"},"content":{"rendered":"<h2 class=\"title\"><strong>Harjoitukset<br \/><\/strong><\/h2>\n<p>Viikoittaiset harjoitukset ja muut tapahtumat l\u00f6ytyv\u00e4t <a href=\"https:\/\/porvoonurheilijat.fi\/suunnistus\/tapahtumakalenteri\/\">tapahtumakalenterista<\/a>.<\/p>\n<h2 class=\"title\"><strong>Torstailenkit\u00a0<\/strong><\/h2>\n<p>Torstailenkki\u00e4 kierret\u00e4\u00e4n talvikaudella, ks. <a href=\"http:\/\/torstailenkki.tomaatti.com\" target=\"_blank\" rel=\"noopener noreferrer\">reitti ja aikataulu<\/a>.<br \/>Mukaan voi l\u00e4hte\u00e4 reitin varrelta itselleen parhaiten sopivasta paikasta.<br \/>Lis\u00e4tietoja antaa Eero Hyv\u00f6nen, puh. 040 153 0270.<\/p>\n<p><b>Aikataulu<\/b><\/p>\n<table dir=\"ltr\" style=\"height: 1045px\" border=\"0\" width=\"635\" cellspacing=\"0\" cellpadding=\"0\">\n<tbody>\n<tr>\n<td valign=\"middle\" width=\"40%\" height=\"25\">Paikka<\/td>\n<td valign=\"middle\" width=\"15%\" height=\"25\">Klo<\/td>\n<td valign=\"middle\" width=\"15%\" height=\"25\">Matka-aika\u00a0<\/td>\n<td valign=\"middle\" width=\"15%\" height=\"25\">Matka km<\/td>\n<\/tr>\n<tr>\n<td valign=\"middle\" width=\"40%\" height=\"25\">\n<p><strong>Edupoli, Eestinm\u00e4ki<\/strong><\/p>\n<\/td>\n<td valign=\"middle\" width=\"15%\" height=\"25\">\n<p style=\"text-align: left\" align=\"right\"><strong>17:30:00<\/strong><\/p>\n<\/td>\n<td valign=\"middle\" width=\"15%\" height=\"25\">\u00a0<\/td>\n<td valign=\"middle\" width=\"15%\" height=\"25\">\u00a0<\/td>\n<\/tr>\n<tr>\n<td valign=\"middle\" width=\"40%\" height=\"25\">\u00a0<\/td>\n<td valign=\"middle\" width=\"15%\" height=\"25\">\u00a0<\/td>\n<td valign=\"middle\" width=\"15%\" height=\"25\">18:00<\/td>\n<td valign=\"middle\" width=\"15%\" height=\"25\">2,9<\/td>\n<\/tr>\n<tr>\n<td valign=\"middle\" width=\"40%\" height=\"25\">Vanha silta<\/td>\n<td valign=\"middle\" width=\"15%\" height=\"25\">17:48:00<\/td>\n<td valign=\"middle\" width=\"15%\" height=\"25\">\u00a0<\/td>\n<td valign=\"middle\" width=\"15%\" height=\"25\">\u00a0<\/td>\n<\/tr>\n<tr>\n<td valign=\"middle\" width=\"40%\" height=\"25\">\u00a0<\/td>\n<td valign=\"middle\" width=\"15%\" height=\"25\">\u00a0<\/td>\n<td valign=\"middle\" width=\"15%\" height=\"25\">12:00<\/td>\n<td valign=\"middle\" width=\"15%\" height=\"25\">1,8<\/td>\n<\/tr>\n<tr>\n<td valign=\"middle\" width=\"40%\" height=\"25\">\n<p>Werner S\u00f6derstr\u00f6minkatu<\/p>\n<\/td>\n<td valign=\"middle\" width=\"15%\" height=\"25\">\n<p style=\"text-align: left\" align=\"right\">18:00:00<\/p>\n<\/td>\n<td valign=\"middle\" width=\"15%\" height=\"25\">\u00a0<\/td>\n<td valign=\"middle\" width=\"15%\" height=\"25\">\u00a0<\/td>\n<\/tr>\n<tr>\n<td valign=\"middle\" width=\"40%\" height=\"25\">\u00a0<\/td>\n<td valign=\"middle\" width=\"15%\" height=\"25\">\u00a0<\/td>\n<td valign=\"middle\" width=\"15%\" height=\"25\">05:00<\/td>\n<td valign=\"middle\" width=\"15%\" height=\"25\">0,9<\/td>\n<\/tr>\n<tr>\n<td valign=\"middle\" width=\"40%\" height=\"25\">Loviisantie<\/td>\n<td valign=\"middle\" width=\"15%\" height=\"25\">18:05:00<\/td>\n<td valign=\"middle\" width=\"15%\" height=\"25\">\u00a0<\/td>\n<td valign=\"middle\" width=\"15%\" height=\"25\">\u00a0<\/td>\n<\/tr>\n<tr>\n<td valign=\"middle\" width=\"40%\" height=\"25\">\u00a0<\/td>\n<td valign=\"middle\" width=\"15%\" height=\"25\">\u00a0<\/td>\n<td valign=\"middle\" width=\"15%\" height=\"25\">12:00<\/td>\n<td valign=\"middle\" width=\"15%\" height=\"25\">1,9<\/td>\n<\/tr>\n<tr>\n<td valign=\"middle\" width=\"40%\" height=\"25\">\n<p>Merituulentie\/Kev\u00e4tkummuntie risteys,\u00a0Kev\u00e4tkumpu<\/p>\n<\/td>\n<td valign=\"middle\" width=\"15%\" height=\"25\">\n<p style=\"text-align: left\" align=\"right\">18:17:00<\/p>\n<\/td>\n<td valign=\"middle\" width=\"15%\" height=\"25\">\u00a0<\/td>\n<td valign=\"middle\" width=\"15%\" height=\"25\">\u00a0<\/td>\n<\/tr>\n<tr>\n<td valign=\"middle\" width=\"40%\" height=\"25\">\u00a0<\/td>\n<td valign=\"middle\" width=\"15%\" height=\"25\">\u00a0<\/td>\n<td valign=\"middle\" width=\"15%\" height=\"25\">\n<p style=\"text-align: center\" align=\"right\">09:00<\/p>\n<\/td>\n<td valign=\"middle\" width=\"15%\" height=\"25\">\n<p style=\"text-align: center\" align=\"right\">1,6<\/p>\n<\/td>\n<\/tr>\n<tr>\n<td valign=\"middle\" width=\"40%\" height=\"25\">\n<p>Sairaala, Pihlajatie<\/p>\n<\/td>\n<td valign=\"middle\" width=\"15%\" height=\"25\">\n<p style=\"text-align: left\" align=\"right\">18:26:00<\/p>\n<\/td>\n<td valign=\"middle\" width=\"15%\" height=\"25\">\u00a0<\/td>\n<td valign=\"middle\" width=\"15%\" height=\"25\">\u00a0<\/td>\n<\/tr>\n<tr>\n<td valign=\"middle\" width=\"40%\" height=\"25\">\u00a0<\/td>\n<td valign=\"middle\" width=\"15%\" height=\"25\">\u00a0<\/td>\n<td valign=\"middle\" width=\"15%\" height=\"25\">\n<p style=\"text-align: center\" align=\"right\">16:00<\/p>\n<\/td>\n<td valign=\"middle\" width=\"15%\" height=\"25\">\n<p style=\"text-align: center\" align=\"right\">2,5<\/p>\n<\/td>\n<\/tr>\n<tr>\n<td valign=\"middle\" width=\"40%\" height=\"25\">\n<p>Aleksanterin silta<\/p>\n<\/td>\n<td valign=\"middle\" width=\"15%\" height=\"25\">\n<p style=\"text-align: left\" align=\"right\">18:42:00<\/p>\n<\/td>\n<td valign=\"middle\" width=\"15%\" height=\"25\">\u00a0<\/td>\n<td valign=\"middle\" width=\"15%\" height=\"25\">\u00a0<\/td>\n<\/tr>\n<tr>\n<td valign=\"middle\" width=\"40%\" height=\"25\">\u00a0<\/td>\n<td valign=\"middle\" width=\"15%\" height=\"25\">\u00a0<\/td>\n<td valign=\"middle\" width=\"15%\" height=\"25\">\n<p style=\"text-align: center\" align=\"right\">13:00<\/p>\n<\/td>\n<td valign=\"middle\" width=\"15%\" height=\"25\">\n<p style=\"text-align: center\" align=\"right\">2,2<\/p>\n<\/td>\n<\/tr>\n<tr>\n<td valign=\"middle\" width=\"40%\" height=\"25\">\n<p>Peipontie<\/p>\n<\/td>\n<td valign=\"middle\" width=\"15%\" height=\"25\">\n<p>18:55:00<\/p>\n<\/td>\n<td valign=\"middle\" width=\"15%\" height=\"25\">\u00a0<\/td>\n<td valign=\"middle\" width=\"15%\" height=\"25\">\u00a0<\/td>\n<\/tr>\n<tr>\n<td valign=\"middle\" width=\"40%\" height=\"25\">\u00a0<\/td>\n<td valign=\"middle\" width=\"15%\" height=\"25\">\u00a0<\/td>\n<td style=\"text-align: center\" valign=\"middle\" width=\"15%\" height=\"25\">\n<p>08:00<\/p>\n<\/td>\n<td style=\"text-align: center\" valign=\"middle\" width=\"15%\" height=\"25\">\n<p>1,4<\/p>\n<\/td>\n<\/tr>\n<tr>\n<td valign=\"middle\" width=\"40%\" height=\"25\"><strong>Edupoli, Eestinm\u00e4ki<\/strong><\/td>\n<td valign=\"middle\" width=\"15%\" height=\"25\"><strong>19:03:00<\/strong><\/td>\n<td valign=\"middle\" width=\"15%\" height=\"25\"><strong>1:33:00<\/strong><\/td>\n<td style=\"text-align: center\" valign=\"middle\" width=\"15%\" height=\"25\"><strong>15,3<\/strong><\/td>\n<\/tr>\n<\/tbody>\n<\/table>\n<p>Torstailenkin\u00a0 <a href=\"http:\/\/www.torstailenkki.tomaatti.com\/\" target=\"_blank\" rel=\"noopener noreferrer\">reittikartta<\/a><\/p>\n<hr \/>\n<h2 class=\"title\"><strong>Holkenin sauvalenkit\u00a0<\/strong><\/h2>\n<p>N\u00e4m\u00e4 lenkit ovat ohjelmassa syksyll\u00e4 suunnistuskauden j\u00e4lkeen ja ennen hiihtokauden alkamista sunnuntaisin.<br \/>L\u00e4ht\u00f6 klo 9 Pihlajatien P-paikalta. Lenkin kesto n. 2 h 40 min ja pituus n. 16 km.<\/p>\n\n\n<p> <\/p>\n","protected":false},"excerpt":{"rendered":"<p>Harjoitukset Viikoittaiset harjoitukset ja muut tapahtumat l\u00f6ytyv\u00e4t tapahtumakalenterista. Torstailenkit\u00a0 Torstailenkki\u00e4 kierret\u00e4\u00e4n talvikaudella, ks. reitti ja aikataulu.Mukaan voi l\u00e4hte\u00e4 reitin varrelta itselleen parhaiten sopivasta paikasta.Lis\u00e4tietoja antaa Eero Hyv\u00f6nen, puh. 040 153 0270. Aikataulu Paikka Klo Matka-aika\u00a0 Matka km Edupoli, Eestinm\u00e4ki 17:30:00 \u00a0 \u00a0 \u00a0 \u00a0 18:00 2,9 Vanha silta 17:48:00 \u00a0 \u00a0 \u00a0 \u00a0 12:00 1,8 &hellip; <\/p>\n<p class=\"link-more\"><a href=\"https:\/\/porvoonurheilijat.fi\/suunnistus\/harjoitukset\/\" class=\"more-link\">Jatka lukemista<span class=\"screen-reader-text\"> &#8221;Harjoitukset&#8221;<\/span><\/a><\/p>\n","protected":false},"author":5,"featured_media":0,"parent":0,"menu_order":3,"comment_status":"closed","ping_status":"closed","template":"","meta":{"footnotes":""},"class_list":["post-59","page","type-page","status-publish","hentry"],"_links":{"self":[{"href":"https:\/\/porvoonurheilijat.fi\/suunnistus\/wp-json\/wp\/v2\/pages\/59","targetHints":{"allow":["GET"]}}],"collection":[{"href":"https:\/\/porvoonurheilijat.fi\/suunnistus\/wp-json\/wp\/v2\/pages"}],"about":[{"href":"https:\/\/porvoonurheilijat.fi\/suunnistus\/wp-json\/wp\/v2\/types\/page"}],"author":[{"embeddable":true,"href":"https:\/\/porvoonurheilijat.fi\/suunnistus\/wp-json\/wp\/v2\/users\/5"}],"replies":[{"embeddable":true,"href":"https:\/\/porvoonurheilijat.fi\/suunnistus\/wp-json\/wp\/v2\/comments?post=59"}],"version-history":[{"count":35,"href":"https:\/\/porvoonurheilijat.fi\/suunnistus\/wp-json\/wp\/v2\/pages\/59\/revisions"}],"predecessor-version":[{"id":1454,"href":"https:\/\/porvoonurheilijat.fi\/suunnistus\/wp-json\/wp\/v2\/pages\/59\/revisions\/1454"}],"wp:attachment":[{"href":"https:\/\/porvoonurheilijat.fi\/suunnistus\/wp-json\/wp\/v2\/media?parent=59"}],"curies":[{"name":"wp","href":"https:\/\/api.w.org\/{rel}","templated":true}]}}