{"id":8,"date":"2025-04-09T09:35:00","date_gmt":"2025-04-09T06:35:00","guid":{"rendered":"http:\/\/porvoonurheilijat.int2000.net\/suunnistus\/?page_id=8"},"modified":"2026-04-25T14:57:28","modified_gmt":"2026-04-25T11:57:28","slug":"kuntosuunnistus","status":"publish","type":"page","link":"https:\/\/porvoonurheilijat.fi\/suunnistus\/kuntosuunnistus\/","title":{"rendered":"Kuntosuunnistus"},"content":{"rendered":"\n<h2 class=\"wp-block-heading\"><strong>Porvoon seudun kuntosuunnistukset 2026<\/strong><\/h2>\n\n\n\n<p>Kuntosuunnistukset alkavat 13.4.2026 Haikoossa, ja jatkuvat maanantaisin 21.9.2026 asti k\u00e4sitt\u00e4en 24 tapahtumaa. <br>Kaikki Porvoonseudun kuntosuunnistukset l\u00f6yd\u00e4t <a href=\"https:\/\/irma.suunnistusliitto.fi\/public\/competitioncalendar\/list?year=upcoming&amp;upcoming=SIX_MONTHS&amp;area=13&amp;competition=ALL&amp;type=all&amp;tab=map&amp;previous=undefined\" target=\"_blank\" rel=\"noreferrer noopener\">Rastilippu<\/a> -palvelusta. Karttan\u00e4kym\u00e4st\u00e4 tai kalenterin\u00e4kym\u00e4st\u00e4 halutulta aikajaksolta.<\/p>\n\n\n\n<p><strong>PorvUn j\u00e4rjest\u00e4m\u00e4t tapahtumat 2026:<\/strong><br>Tulokset&nbsp;julkaistaan <a href=\"https:\/\/irma.suunnistusliitto.fi\/public\/competitioncalendar\/list?year=upcoming&amp;upcoming=THREE_MONTHS&amp;area=13&amp;competition=ALL&amp;type=event&amp;tab=map&amp;previous=undefined\" target=\"_blank\" rel=\"noreferrer noopener\">Rastilippu -palvelussa<\/a> kunkin tapahtuman tuloksissa. <br>Ratojen reittianalyysit <img loading=\"lazy\" decoding=\"async\" width=\"229\" height=\"78\" class=\"wp-image-1931\" style=\"width: 100px\" src=\"https:\/\/porvoonurheilijat.fi\/suunnistus\/wp-content\/uploads\/sites\/2\/2025\/03\/Livelox_logo.png\" alt=\"\"> <a href=\"https:\/\/www.livelox.com\/?tab=allEvents&amp;timePeriod=customTimePeriod&amp;from=2026-04-01&amp;to=2026-12-31&amp;country=FIN&amp;q=Porvoon&amp;sorting=time\" target=\"_blank\" rel=\"noreferrer noopener\"> Porvoon seudun kuntosuunnistus<\/a> -haulla.<\/p>\n\n\n\n<p><strong><mark class=\"has-inline-color has-vivid-red-color\">Huom<\/mark><\/strong><mark class=\"has-inline-color has-vivid-red-color\"><strong>.<\/strong><br><\/mark>Rastiv\u00e4liajat n\u00e4kyv\u00e4t vain kirjautumalla Rastilippuun 30.4.2025 tehtyjen muutosten j\u00e4lkeen.<\/p>\n\n\n\n<p>Voit kirjautua Rastilippuun my\u00f6s ilman lisenssinumeroa s-postiosoitteellasi.<\/p>\n\n\n\n<p><strong>Porvoon Urheilijoiden suunnistusjaoston <strong>(PorvU)<\/strong><\/strong> <strong>j\u00e4rjest\u00e4m\u00e4t tapahtumat 2026:<\/strong><\/p>\n\n\n\n<div class=\"wp-block-columns is-layout-flex wp-container-core-columns-is-layout-9d6595d7 wp-block-columns-is-layout-flex\">\n<div class=\"wp-block-column is-layout-flow wp-block-column-is-layout-flow\" style=\"flex-basis:100%\">\n<figure class=\"wp-block-table is-style-stripes has-small-font-size\"><table><thead><tr><th>Pvm<\/th><th class=\"has-text-align-left\" data-align=\"left\">Paikka<\/th><th>Navigointiosoite<\/th><th>Rm<\/th><th>Tulokset<\/th><\/tr><\/thead><tbody><tr><td>13.4.2026<\/td><td class=\"has-text-align-left\" data-align=\"left\">Haikkoo<\/td><td><a href=\"https:\/\/maps.google.com\/?q=Haikkoontie%20218%2C%2006400%20Porvoo%2C%20Suomi\" target=\"_blank\" rel=\"noreferrer noopener\">Haikkoontie 218<\/a><br>Venesatam ja urh.kentt\u00e4<\/td><td>Eero<\/td><td><a href=\"https:\/\/irma.suunnistusliitto.fi\/public\/event\/view\/22068#results\" target=\"_blank\" rel=\"noreferrer noopener\">Tulokset<\/a><br><a href=\"https:\/\/www.livelox.com\/Viewer\/Porvoon-seudun-kuntosuunnistus-Haikkoo-13-4-2026\/A?classId=1126215&amp;live=false&amp;tab=player\" target=\"_blank\" rel=\"noreferrer noopener\">Livelox<\/a><br><\/td><\/tr><tr><td>11.5.2026<\/td><td class=\"has-text-align-left\" data-align=\"left\">Skaftk\u00e4rr(Kev\u00e4tlaakso)<\/td><td><a href=\"https:\/\/maps.app.goo.gl\/uvb8VYCKFztwGXER6\" target=\"_blank\" rel=\"noreferrer noopener\">Vanha Veckj\u00e4rventie (17)<br><\/a>Opastus It\u00e4tuulentielt\u00e4 Vanha Skaftk\u00e4rrintien risteyksest\u00e4<br><strong>Suuunnistajan Kauppa<\/strong> paikalla<br><\/td><td>Reijo<\/td><td><a href=\"https:\/\/irma.suunnistusliitto.fi\/public\/event\/view\/22070\/\">Tulokset<\/a><br>LIvelox<br><\/td><\/tr><tr><td>8.6.2026<\/td><td class=\"has-text-align-left\" data-align=\"left\">Epoo, etel\u00e4<\/td><td><a href=\"https:\/\/maps.google.com\/?q=Epoontie%20522%2C%2006200%20Porvoo%2C%20Suomi\" target=\"_blank\" rel=\"noreferrer noopener\">Epoontie 520<\/a><br>Ent. Vanhainkodin alue<\/td><td>Jukka<\/td><td>Tulokset<br>Livelox<\/td><\/tr><tr><td>29.6.2026<\/td><td class=\"has-text-align-left\" data-align=\"left\">Norike, l\u00e4nsi<\/td><td><a href=\"https:\/\/maps.app.goo.gl\/erERoWutRD159Rmn7\" target=\"_blank\" rel=\"noreferrer noopener\">Ylikentie 734<\/a><br>Ent. hiekkakuoppa<\/td><td>Ville<\/td><td>Tulokset<br>Livelox<\/td><\/tr><tr><td>3.8.2026<\/td><td class=\"has-text-align-left\" data-align=\"left\">Mustijoki<\/td><td><a href=\"https:\/\/maps.app.goo.gl\/r8r1BcDKumkVHeqb8\">Brasaksentie 187, Hoplahdetien risteys<\/a><strong><br>Huom. Tienvarsipys\u00e4k\u00f6inti<\/strong><\/td><td>Eero<\/td><td>Tulokset<br>Livelox<\/td><\/tr><tr><td>14.9.2026<\/td><td class=\"has-text-align-left\" data-align=\"left\">Humla<\/td><td>Humlan maja, <a href=\"https:\/\/maps.google.com\/?q=Rotn%C3%A4sintie%20201%2C%2006200%20Porvoo%2C%20Suomi\" target=\"_blank\" rel=\"noreferrer noopener\">Rotn\u00e4sintie 199<\/a><\/td><td>Matti<\/td><td>Tulokset<br>Livelox<\/td><\/tr><\/tbody><\/table><figcaption class=\"wp-element-caption\">PorvU kuntosuunnistusvastaava:          <a href=\"mailto:reijo.nokelainen@gmail.com\" data-type=\"URL\" target=\"_blank\" rel=\"noreferrer noopener\">Reijo Nokelainen<\/a>, 040-1758166<\/figcaption><\/figure>\n<\/div>\n<\/div>\n\n\n\n<h2 class=\"wp-block-heading\"><strong>Kuntosuunnistus<\/strong><\/h2>\n\n\n\n<p>Porvoon seudun kuntosuunnistusten j\u00e4rjestelyiss\u00e4 ovat mukana Porvoon kaupungin liikuntapalvelut ja tapahtumien j\u00e4rjestelyist\u00e4 vastaavat alueen suunnistusseurat Akilles OK, Askolan Urheilijat, OK Orient sek\u00e4 Porvoon Urheilijat.<\/p>\n\n\n\n<p>Kaikki Porvoon seudun kuntosuunnistukset l\u00f6yd\u00e4t <a href=\"https:\/\/irma.suunnistusliitto.fi\/public\/competitioncalendar\/list?year=upcoming&amp;upcoming=SIX_MONTHS&amp;area=13&amp;tab=map&amp;previous=undefined&amp;competition=ALL&amp;type=event\" target=\"_blank\" rel=\"noreferrer noopener\">Rastilippu-palvelusta<\/a>.<\/p>\n\n\n\n<p>L\u00e4ht\u00f6 klo <strong>17.00<\/strong> -18.30 v\u00e4lisen\u00e4 aikana ja maali sulkeutuu klo 20.00.&nbsp; <br><\/p>\n\n\n\n<p><strong>2026 ei j\u00e4rjestet\u00e4 y\u00f6-kuntosuunnistuksia.<\/strong><\/p>\n\n\n\n<p>Ratavaihtoehtoja on viisi :<br>A (vaativin) 6 km&nbsp;&nbsp;&nbsp;&nbsp;&nbsp;&nbsp;&nbsp;&nbsp;&nbsp;&nbsp;&nbsp;&nbsp;           kartta 1:10 000 tai 1:7500<br>B (vaativa) 4,5 km&nbsp;&nbsp;&nbsp;&nbsp;&nbsp;&nbsp;              kartta 1:7500<br>C (lyhyt normaali) 3 km&nbsp;&nbsp;        kartta 1:7500<br>D (helppo) 2,5 km&nbsp;&nbsp;&nbsp;&nbsp;&nbsp;&nbsp;&nbsp;&nbsp;             kartta 1:7500<br>E (eritt\u00e4in helppo) 1,5-2 km kartta 1:7500<\/p>\n\n\n\n<h4 class=\"wp-block-heading has-black-color has-text-color\">Ilmoittautuminen ja maksut<\/h4>\n\n\n\n<p class=\"has-black-color has-text-color\">Voit ilmoittautua ja maksaa ennakkoon <a href=\"https:\/\/irma.suunnistusliitto.fi\/public\/competitioncalendar\/list?year=upcoming&amp;upcoming=TWO_MONTHS&amp;area=all&amp;competition=ALL&amp;type=all&amp;tab=map&amp;previous=undefined\">rastilippu.fi<\/a> -palvelun kautta tai ilmoittautua ja suorittaa karttamaksun paikan p\u00e4\u00e4ll\u00e4. <br>K\u00e4yt\u00f6ss\u00e4 olevat maksutavat: kortti-\/l\u00e4himaksuna ja MobilePay,&nbsp;ePassi ja Edenred <br>&#8211; liikuntaedut mobiilimaksulla sek\u00e4 k\u00e4teinen.<\/p>\n\n\n\n<p><strong>Karttamaksut<\/strong><\/p>\n\n\n\n<p class=\"has-vivid-red-color has-text-color has-link-color wp-elements-ba8ce2b72be4003e5039716e2b966aca\"><strong>Karttamaksut ovat muttuneet 5.2.2026 alkaen<\/strong><\/p>\n\n\n\n<ul class=\"wp-block-list\">\n<li class=\"has-vivid-red-color has-text-color has-link-color wp-elements-0eb26ceefd791d15cf903b1d26d95c5d\">aikuiset <strong>10<\/strong> \u20ac<\/li>\n\n\n\n<li class=\"has-vivid-red-color has-text-color has-link-color wp-elements-3d6f20ba439e218888baaf354d5e79e2\">16 v ja sit\u00e4 nuoremmat (v. 2010 ja sen j\u00e4lkeen syntyneet) <strong>5 <\/strong>\u20ac<\/li>\n\n\n\n<li>PorvU <strong>j\u00e4senet<\/strong>, ei maksua PU:n j\u00e4rjest\u00e4miss\u00e4 tapahtumissa<\/li>\n<\/ul>\n\n\n\n<figure class=\"wp-block-image size-large\"><a href=\"https:\/\/irma.suunnistusliitto.fi\/public\/competitioncalendar\/list?year=upcoming&amp;upcoming=ONE_WEEK&amp;area=all&amp;competition=ALL&amp;type=all&amp;tab=map&amp;previous=0\" target=\"_blank\" rel=\" noreferrer noopener\"><img loading=\"lazy\" decoding=\"async\" width=\"300\" height=\"78\" src=\"https:\/\/porvoonurheilijat.fi\/suunnistus\/wp-content\/uploads\/sites\/2\/2020\/04\/meilla-toimii-rastilippu-v600x156-px-e1587391215882.png\" alt=\"\" class=\"wp-image-615\" \/><\/a><\/figure>\n\n\n\n<p>Voit my\u00f6s maksaa suoraan t\u00e4st\u00e4 Edenred maksupainikkeeella<\/p>\n\n\n\n<figure class=\"wp-block-image size-full\"><a href=\"https:\/\/myedenred.fi\/affiliate-payment\/52af494b-23f9-40a1-a061-aaf3433417f1\" target=\"_blank\" rel=\"noreferrer noopener\"><img loading=\"lazy\" decoding=\"async\" width=\"300\" height=\"88\" src=\"https:\/\/porvoonurheilijat.fi\/suunnistus\/wp-content\/uploads\/sites\/2\/2024\/02\/MYEdenred.png\" alt=\"\" class=\"wp-image-1754\" \/><\/a><\/figure>\n\n\n\n<div class=\"wp-block-columns is-layout-flex wp-container-core-columns-is-layout-9d6595d7 wp-block-columns-is-layout-flex\">\n<div class=\"wp-block-column is-layout-flow wp-block-column-is-layout-flow\" style=\"flex-basis:100%\">\n<figure class=\"wp-block-image size-large is-resized\"><a href=\"https:\/\/myedenred.fi\/affiliate-payment\/52af494b-23f9-40a1-a061-aaf3433417f1\" target=\"_blank\" rel=\"noreferrer noopener\"><img loading=\"lazy\" decoding=\"async\" width=\"1024\" height=\"658\" src=\"https:\/\/porvoonurheilijat.fi\/suunnistus\/wp-content\/uploads\/sites\/2\/2023\/01\/Edenred_logo_red-1024x658.png\" alt=\"\" class=\"wp-image-1241\" style=\"width:158px;height:102px\" srcset=\"https:\/\/porvoonurheilijat.fi\/suunnistus\/wp-content\/uploads\/sites\/2\/2023\/01\/Edenred_logo_red-1024x658.png 1024w, https:\/\/porvoonurheilijat.fi\/suunnistus\/wp-content\/uploads\/sites\/2\/2023\/01\/Edenred_logo_red-300x193.png 300w, https:\/\/porvoonurheilijat.fi\/suunnistus\/wp-content\/uploads\/sites\/2\/2023\/01\/Edenred_logo_red-768x494.png 768w, https:\/\/porvoonurheilijat.fi\/suunnistus\/wp-content\/uploads\/sites\/2\/2023\/01\/Edenred_logo_red-1536x987.png 1536w, https:\/\/porvoonurheilijat.fi\/suunnistus\/wp-content\/uploads\/sites\/2\/2023\/01\/Edenred_logo_red.png 1722w\" sizes=\"auto, (max-width: 767px) 89vw, (max-width: 1000px) 54vw, (max-width: 1071px) 543px, 580px\" \/><\/a><\/figure>\n<\/div>\n<\/div>\n\n\n\n<figure class=\"wp-block-image size-full is-resized\"><img loading=\"lazy\" decoding=\"async\" width=\"304\" height=\"95\" src=\"https:\/\/porvoonurheilijat.fi\/suunnistus\/wp-content\/uploads\/sites\/2\/2023\/02\/Epassi-Logo.png\" alt=\"\" class=\"wp-image-1402\" style=\"width:142px;height:44px\" srcset=\"https:\/\/porvoonurheilijat.fi\/suunnistus\/wp-content\/uploads\/sites\/2\/2023\/02\/Epassi-Logo.png 304w, https:\/\/porvoonurheilijat.fi\/suunnistus\/wp-content\/uploads\/sites\/2\/2023\/02\/Epassi-Logo-300x94.png 300w\" sizes=\"auto, (max-width: 304px) 100vw, 304px\" \/><\/figure>\n\n\n\n<figure class=\"wp-block-image size-full is-resized\"><img loading=\"lazy\" decoding=\"async\" width=\"500\" height=\"354\" src=\"https:\/\/porvoonurheilijat.fi\/suunnistus\/wp-content\/uploads\/sites\/2\/2023\/02\/MobilePay_Logo_pieni.png\" alt=\"\" class=\"wp-image-1403\" style=\"width:146px;height:103px\" srcset=\"https:\/\/porvoonurheilijat.fi\/suunnistus\/wp-content\/uploads\/sites\/2\/2023\/02\/MobilePay_Logo_pieni.png 500w, https:\/\/porvoonurheilijat.fi\/suunnistus\/wp-content\/uploads\/sites\/2\/2023\/02\/MobilePay_Logo_pieni-300x212.png 300w\" sizes=\"auto, (max-width: 500px) 100vw, 500px\" \/><\/figure>\n\n\n\n<p><strong>Leimaus:<\/strong><br>Emit-leimasimet kaikilla radoilla. Emit-kortteja lainattavissa tapahtumaan maksutta<br>Kadonneesta emitist\u00e4 perit\u00e4\u00e4n 70 \u20ac.<\/p>\n\n\n\n<p><strong>L\u00e4ht\u00f6 ja maali:<\/strong><br>Ilmoittaudu&nbsp;aina l\u00e4hd\u00f6ss\u00e4 ja  maalissa, jottei j\u00e4rjestet\u00e4 turhia etsint\u00f6j\u00e4.<\/p>\n\n\n\n<p>Maali sulkeutuu klo 20:00 <\/p>\n\n\n\n<h4 class=\"wp-block-heading\"><strong>OHJEITA KUNTOSUUNNISTAJALLE<\/strong><\/h4>\n\n\n\n<ul class=\"wp-block-list\">\n<li>Kuntosuunnistukseen osallistutaan omalla vastuulla. <\/li>\n\n\n\n<li>Noudata j\u00e4rjest\u00e4j\u00e4n ja <a href=\"https:\/\/www.suunnistavauusimaa.fi\/harraste\/\" target=\"_blank\" rel=\"noreferrer noopener\">yleisi\u00e4 suunnistuksen ohjeita<\/a>; \n<ul class=\"wp-block-list\">\n<li>\u00e4l\u00e4 mene yleisesti kielletyille alueille, kuten tonteille, viljelyksille tai <br>karttaan erikseen merkityille kielletyille alueille. <\/li>\n<\/ul>\n<\/li>\n\n\n\n<li>Pys\u00e4k\u00f6i autosi j\u00e4rjest\u00e4j\u00e4n opastuksen mukaan ja siten, ettei se haittaa muiden kulkua .<\/li>\n\n\n\n<li>Ilmoittaudu aina l\u00e4hd\u00f6ss\u00e4 ja palattuasi.<\/li>\n\n\n\n<li><a href=\"https:\/\/www.suunnistusliitto.fi\/harraste\/\" target=\"_blank\" rel=\"noreferrer noopener\">Ohjeita suunnistuksen aloittamiseen<\/a> l\u00f6yd\u00e4t Suomen Suunnistusliiton (SSL) harraste sivuilta<\/li>\n<\/ul>\n\n\n\n<h4 class=\"wp-block-heading\">Porvoon kiintorastit<\/h4>\n\n\n\n<p><a href=\"https:\/\/www.porvoo.fi\/kulttuuri-ja-vapaa-aika\/liikunta-ja-ulkoilu\/\" target=\"_blank\" rel=\"noreferrer noopener\">Porvoo kaupungin liikuntapalveluiden<\/a> tarjoamia kiintorasteja l\u00f6ytyy kolmelta alueelta: Joonaanm\u00e4ki, Kokonniemi ja Mustijoki. Kiintorasteja voit kiert\u00e4\u00e4 milloin tahansa ja kartat voit tulostaa itse ao. linkist\u00e4 liikuntapalveluiden sivulta tai noutaa liikuntapalveluiden toimistolta.<br><a rel=\"noreferrer noopener\" href=\"https:\/\/www.porvoo.fi\/kulttuuri-ja-vapaa-aika\/liikunta-ja-ulkoilu\/liikuntaa-ohjatusti-ja-omatoimisesti\/omatoiminen-liikunta\/porvoonseudun-kuntosuunnistus\/porvoon-kaupungin-kiintorastit\/\" target=\"_blank\">Porvoon kiintoratit<\/a><\/p>\n\n\n\n<p><\/p>\n","protected":false},"excerpt":{"rendered":"<p>Porvoon seudun kuntosuunnistukset 2026 Kuntosuunnistukset alkavat 13.4.2026 Haikoossa, ja jatkuvat maanantaisin 21.9.2026 asti k\u00e4sitt\u00e4en 24 tapahtumaa. Kaikki Porvoonseudun kuntosuunnistukset l\u00f6yd\u00e4t Rastilippu -palvelusta. Karttan\u00e4kym\u00e4st\u00e4 tai kalenterin\u00e4kym\u00e4st\u00e4 halutulta aikajaksolta. PorvUn j\u00e4rjest\u00e4m\u00e4t tapahtumat 2026:Tulokset&nbsp;julkaistaan Rastilippu -palvelussa kunkin tapahtuman tuloksissa. Ratojen reittianalyysit Porvoon seudun kuntosuunnistus -haulla. Huom.Rastiv\u00e4liajat n\u00e4kyv\u00e4t vain kirjautumalla Rastilippuun 30.4.2025 tehtyjen muutosten j\u00e4lkeen. Voit kirjautua Rastilippuun my\u00f6s &hellip; <\/p>\n<p class=\"link-more\"><a href=\"https:\/\/porvoonurheilijat.fi\/suunnistus\/kuntosuunnistus\/\" class=\"more-link\">Jatka lukemista<span class=\"screen-reader-text\"> &#8221;Kuntosuunnistus&#8221;<\/span><\/a><\/p>\n","protected":false},"author":5,"featured_media":0,"parent":0,"menu_order":0,"comment_status":"closed","ping_status":"closed","template":"","meta":{"footnotes":""},"class_list":["post-8","page","type-page","status-publish","hentry"],"_links":{"self":[{"href":"https:\/\/porvoonurheilijat.fi\/suunnistus\/wp-json\/wp\/v2\/pages\/8","targetHints":{"allow":["GET"]}}],"collection":[{"href":"https:\/\/porvoonurheilijat.fi\/suunnistus\/wp-json\/wp\/v2\/pages"}],"about":[{"href":"https:\/\/porvoonurheilijat.fi\/suunnistus\/wp-json\/wp\/v2\/types\/page"}],"author":[{"embeddable":true,"href":"https:\/\/porvoonurheilijat.fi\/suunnistus\/wp-json\/wp\/v2\/users\/5"}],"replies":[{"embeddable":true,"href":"https:\/\/porvoonurheilijat.fi\/suunnistus\/wp-json\/wp\/v2\/comments?post=8"}],"version-history":[{"count":323,"href":"https:\/\/porvoonurheilijat.fi\/suunnistus\/wp-json\/wp\/v2\/pages\/8\/revisions"}],"predecessor-version":[{"id":2109,"href":"https:\/\/porvoonurheilijat.fi\/suunnistus\/wp-json\/wp\/v2\/pages\/8\/revisions\/2109"}],"wp:attachment":[{"href":"https:\/\/porvoonurheilijat.fi\/suunnistus\/wp-json\/wp\/v2\/media?parent=8"}],"curies":[{"name":"wp","href":"https:\/\/api.w.org\/{rel}","templated":true}]}}