{"id":124,"date":"2017-08-02T21:33:00","date_gmt":"2017-08-02T18:33:00","guid":{"rendered":"http:\/\/porvoonurheilijat.fi\/voimistelu\/?page_id=124"},"modified":"2024-08-07T09:29:29","modified_gmt":"2024-08-07T06:29:29","slug":"ilmoittautuminen","status":"publish","type":"page","link":"https:\/\/porvoonurheilijat.fi\/voimistelu\/ilmoittautuminen\/","title":{"rendered":"Ilmoittautuminen ja s\u00e4\u00e4nn\u00f6t"},"content":{"rendered":"<p><strong>ILMOITTAUTUMINEN PORVOON URHEILIJOIDEN VOIMISTELURYHMIIN<\/strong><\/p>\n<p>Lue alla olevat ohjeet huolellisesti. Huoltajan tulee tehd\u00e4 alle 18 v. lapsen ilmoittautuminen. Ilmoittaessasi lapsesi ryhm\u00e4\u00e4n hyv\u00e4ksyt alla olevat peruutusehdot ja muut s\u00e4\u00e4nn\u00f6t.<\/p>\n<p><strong>OHJEET UUSILLE ILMOITTAUTUJILLE<\/strong><br \/>\n1. Rekister\u00f6i ensin itsesi <a href=\"https:\/\/www.jasentieto.fi\/public\/Login.aspx?sid=189\">HOIKA-J\u00c4RJESTELM\u00c4SS\u00c4<\/a><br \/>\n2. Lis\u00e4\u00e4 lapsesi sinun alik\u00e4ytt\u00e4j\u00e4ksesi j\u00e4rjestelm\u00e4ss\u00e4 \u201dOmat tiedot\u201d-sivulla klikkaamalla \u201dUuden alik\u00e4ytt\u00e4j\u00e4n rekister\u00f6inti\u201d. Voit ilmoittaa useamman lapsen alik\u00e4ytt\u00e4jiksesi. Lis\u00e4\u00e4 lapsen tietoihin oma s\u00e4hk\u00f6postiosoitteesi ja oma puhelinnumerosi, mik\u00e4li haluat, ett\u00e4 mahdolliset tuntimuutokset ja muut tiedotteet tulevat sinulle eik\u00e4 lapselle. Laskut tulevat aina ylik\u00e4ytt\u00e4j\u00e4n eli sinun s\u00e4hk\u00f6postiisi.<br \/>\n<strong>Huom! Voit rekister\u00f6ity\u00e4 j\u00e4rjestelm\u00e4\u00e4n ja lis\u00e4t\u00e4 lapsesi alik\u00e4ytt\u00e4j\u00e4ksesi milloin tahansa, mutta ryhmiin p\u00e4\u00e4see ilmoittautumaan vain ilmoittautumisen ollessa auki.<\/strong><br \/>\n3. Klikkaa vasemmassa laidassa olevaa \u201dIlmoittautuminen\u201d-linkki\u00e4 ja ilmoita lapsesi haluttuun ryhm\u00e4\u00e4n (<em>Huom! \u00c4l\u00e4 ilmoita itse\u00e4si!<\/em>).<br \/>\n4. J\u00e4rjestelm\u00e4 muodostaa ilmoittautumisen yhteydess\u00e4 laskun, joka toimitetaan heti s\u00e4hk\u00f6postiisi. Tarkista roskapostikansio, mik\u00e4li et saa laskua. Voit tarkistella laskun tietoja my\u00f6s j\u00e4rjestelm\u00e4ss\u00e4.<em> (Huom! Ilmoittautumista ei tapahdu, jos laskua ei muodosteta ilmoittautumisen yhteydess\u00e4.)<\/em><br \/>\n5. Mik\u00e4li lapsesi on oikeutettu sisarusalennukseen, ilmoita siit\u00e4 voimistelu.porvoonurheilijat(at)gmail.com ja lis\u00e4\u00e4mme sisarusalennuksen laskulle\/laskuille.<\/p>\n<p><strong>OHJEET VANHOILLE ILMOITTAUTUJILLE<\/strong><br \/>\nMik\u00e4li lapsesi on voimistellut Porvoon Urheilijoissa , tee n\u00e4in:<\/p>\n<p>1. Kirjaudu sis\u00e4\u00e4n <a href=\"https:\/\/www.jasentieto.fi\/public\/Login.aspx?sid=189\">HOIKA-J\u00c4RJESTELM\u00c4\u00c4N<\/a><br \/>\n2. Klikkaa vasemmassa laidassa olevaa \u201dIlmoittautuminen\u201d-linkki\u00e4 ja ilmoita lapsesi haluttuun ryhm\u00e4\u00e4n <em>(Huom! \u00c4l\u00e4 ilmoita itse\u00e4si!)<\/em>.<br \/>\n3. J\u00e4rjestelm\u00e4 muodostaa ilmoittautumisen yhteydess\u00e4 laskun, joka toimitetaan heti s\u00e4hk\u00f6postiisi. Tarkista roskapostikansio, mik\u00e4li et saa laskua. Voit tarkistella laskun tietoja my\u00f6s j\u00e4rjestelm\u00e4ss\u00e4. <em>(Huom! Ilmoittautumista ei tapahdu, jos laskua ei muodosteta ilmoittautumisen yhteydess\u00e4.)<\/em><br \/>\n4. Mik\u00e4li lapsesi on oikeutettu sisarusalennukseen, ilmoita siit\u00e4 voimistelu.porvoonurheilijat(at)gmail.com ja lis\u00e4\u00e4mme sisarusalennuksen laskulle\/laskuille.<\/p>\n<p>Mik\u00e4li lapsesi on voimistellut Porvoon Urheilijoissa <strong>ennen viimekautta<\/strong>, tee n\u00e4in:<\/p>\n<p>1. Rekister\u00f6i ensin itsesi <a href=\"https:\/\/www.jasentieto.fi\/public\/Login.aspx?sid=189\">HOIKA-J\u00c4RJESTELM\u00c4SS\u00c4<\/a>.<br \/>\n2. Pyyd\u00e4 lapsesi liitt\u00e4mist\u00e4 alik\u00e4ytt\u00e4j\u00e4ksesi laittamalla siit\u00e4 tieto osoitteeseen voimistelu.porvoonurheilijat(at)gmail.com. Ilmoita samalla mihin ryhm\u00e4\u00e4n haluat lapsesi ilmoittaa ja teemme ilmoittautumisen puolestasi. Saat vahvistuksen ja laskun s\u00e4hk\u00f6postiisi. T\u00e4m\u00e4n j\u00e4lkeen p\u00e4\u00e4set j\u00e4rjestelm\u00e4ss\u00e4 mm. muokkaamaan yhteystietoja tarvittaessa.<\/p>\n<p>VARAPAIKAT<br \/>\nRyhm\u00e4n t\u00e4ytty\u00e4 ja varapaikkatilanteen salliessa voit ilmoittautua varapaikalle Hoika-j\u00e4rjestelm\u00e4ss\u00e4. Otamme yhteytt\u00e4, mik\u00e4li paikka vapautuu.<\/p>\n<p>PERUUTUSEHDOT<br \/>\nKahden kokeilukerran j\u00e4lkeen, ennen laskun er\u00e4\u00e4ntymist\u00e4, ilmoittautumisen voi peruuttaa s\u00e4hk\u00f6postitse osoitteeseen voimistelu.porvoonurheilijat(at)gmail.com. Vahvistamme peruutuksen ja maksuvelvollisuus raukeaa. <strong>Mik\u00e4li peruutusta ei tule laskun er\u00e4p\u00e4iv\u00e4\u00e4n menness\u00e4, katsomme j\u00e4senen jatkavan harrastusta ja kauden maksu tulee maksaa.<\/strong> My\u00f6hemmin kesken kauden tehdyist\u00e4 peruutuksista ei anneta hyvityst\u00e4 kauden maksussa. Ainoastaan s\u00e4hk\u00f6postitse tehdyt peruutukset huomioidaan. Peruutusta ei voi tehd\u00e4 ohjaajalle edes kirjallisesti eik\u00e4 sit\u00e4 voi tehd\u00e4 Hoika-j\u00e4rjestelm\u00e4ss\u00e4. Treenikerroista poisj\u00e4\u00e4minen ei ole peruutus.<\/p>\n<p>YKSITT\u00c4ISET POISSAOLOT<br \/>\nYksitt\u00e4isist\u00e4 kerroista poisj\u00e4\u00e4misest\u00e4 ilmoitetaan suoraan kyseisen ryhm\u00e4n ohjaajalle. Hyvityst\u00e4 k\u00e4ytt\u00e4m\u00e4tt\u00f6miksi j\u00e4\u00e4neist\u00e4 treenikerroista ei anneta.<\/p>\n<p>MAKSUHUOMAUTUKSET<br \/>\nMaksuhuomautuksista perimme 5 EUR suuruisen huomautuslis\u00e4n per huomautus. Jos laskua ei kahdesta maksuhuomautuksesta huolimatta makseta, siirr\u00e4mme saatavan perint\u00e4toimiston hoidettavaksi.<\/p>\n<p>ILMOITTAUTUMINEN KESKEN KAUDEN<br \/>\nMik\u00e4li ryhmiss\u00e4 on tilaa, niihin voi ilmoittautua kesken kauden. Hyvityst\u00e4 k\u00e4ytt\u00e4m\u00e4tt\u00f6miksi j\u00e4\u00e4neist\u00e4 treenikerroista ei anneta.\u00a0Tiedustele paikkatilannetta s\u00e4hk\u00f6postitse voimistelu.porvoonurheilijat(at)gmail.com.<\/p>\n<p>ILMOITTAUTUMINEN KEV\u00c4\u00c4LLE 2025<br \/>\nKev\u00e4\u00e4lle ilmoittaudutaan erikseen. Lopettamisesta pit\u00e4\u00e4 laittaa ilmoitus osoitteeseen voimistelu.porvoonurheilijat(at)gmail.com.<\/p>\n<p>Ilmoittautuminen kev\u00e4\u00e4n ryhmiin aukeaa tammikuussa Hoika-j\u00e4rjestelm\u00e4ss\u00e4. S\u00e4hk\u00f6postitse ei voi ilmoittautua.<\/p>\n<p>YHTEYSTIETOJEN MUUTOS<br \/>\nP\u00e4ivit\u00e4 omat ja lapsesi muuttuneet yhteystiedot Hoika-j\u00e4rjestelm\u00e4ss\u00e4. Jos s\u00e4hk\u00f6postiosoitteesi muuttuu, uudesta s\u00e4hk\u00f6postiosoitteestasi tulee uusi k\u00e4ytt\u00e4j\u00e4tunnuksesi uusien tietojen tallennuksen j\u00e4lkeen.<\/p>\n<p>TAPATURMAVAKUUTUS<br \/>\nPorvoon Urheilijoiden voimistelujaoston j\u00e4senmaksuun sis\u00e4ltyy Jumppaturva-vakuutus. Pohjolan ja Suomen Voimisteluliiton Jumppaturva-vakuutus on harrastejumppareiden tapaturmavakuutus. Vakuutus korvaa esim. ryhm\u00e4liikuntatunneilla, esiintymisiss\u00e4 ja n\u00e4yt\u00f6ksiss\u00e4 sattuneet tapaturmat.<\/p>\n<p>UNOHTUIKO SALASANA?<br \/>\nVoit tilata uuden salasanan Hoika-j\u00e4rjestelm\u00e4n sis\u00e4\u00e4nkirjautumissivulta.<\/p>\n<p>MUUT ONGELMATILANTEET<br \/>\nOta yhteys voimistelu.porvoonurheilijat(at)gmail.com.<\/p>\n<p>Ohjeita p\u00e4ivitetty 7.8.2024.<\/p>\n","protected":false},"excerpt":{"rendered":"<p>ILMOITTAUTUMINEN PORVOON URHEILIJOIDEN VOIMISTELURYHMIIN Lue alla olevat ohjeet huolellisesti. Huoltajan tulee tehd\u00e4 alle 18 v. lapsen ilmoittautuminen. Ilmoittaessasi lapsesi ryhm\u00e4\u00e4n hyv\u00e4ksyt alla olevat peruutusehdot ja muut s\u00e4\u00e4nn\u00f6t. OHJEET UUSILLE ILMOITTAUTUJILLE 1. Rekister\u00f6i ensin itsesi HOIKA-J\u00c4RJESTELM\u00c4SS\u00c4 2. Lis\u00e4\u00e4 lapsesi sinun alik\u00e4ytt\u00e4j\u00e4ksesi j\u00e4rjestelm\u00e4ss\u00e4 \u201dOmat tiedot\u201d-sivulla klikkaamalla \u201dUuden alik\u00e4ytt\u00e4j\u00e4n rekister\u00f6inti\u201d. Voit ilmoittaa useamman lapsen alik\u00e4ytt\u00e4jiksesi. Lis\u00e4\u00e4 lapsen tietoihin &hellip; <\/p>\n<p class=\"link-more\"><a href=\"https:\/\/porvoonurheilijat.fi\/voimistelu\/ilmoittautuminen\/\" class=\"more-link\">Jatka lukemista<span class=\"screen-reader-text\"> &#8221;Ilmoittautuminen ja s\u00e4\u00e4nn\u00f6t&#8221;<\/span><\/a><\/p>\n","protected":false},"author":3,"featured_media":0,"parent":0,"menu_order":0,"comment_status":"closed","ping_status":"closed","template":"","meta":{"footnotes":""},"class_list":["post-124","page","type-page","status-publish","hentry"],"_links":{"self":[{"href":"https:\/\/porvoonurheilijat.fi\/voimistelu\/wp-json\/wp\/v2\/pages\/124","targetHints":{"allow":["GET"]}}],"collection":[{"href":"https:\/\/porvoonurheilijat.fi\/voimistelu\/wp-json\/wp\/v2\/pages"}],"about":[{"href":"https:\/\/porvoonurheilijat.fi\/voimistelu\/wp-json\/wp\/v2\/types\/page"}],"author":[{"embeddable":true,"href":"https:\/\/porvoonurheilijat.fi\/voimistelu\/wp-json\/wp\/v2\/users\/3"}],"replies":[{"embeddable":true,"href":"https:\/\/porvoonurheilijat.fi\/voimistelu\/wp-json\/wp\/v2\/comments?post=124"}],"version-history":[{"count":19,"href":"https:\/\/porvoonurheilijat.fi\/voimistelu\/wp-json\/wp\/v2\/pages\/124\/revisions"}],"predecessor-version":[{"id":1045,"href":"https:\/\/porvoonurheilijat.fi\/voimistelu\/wp-json\/wp\/v2\/pages\/124\/revisions\/1045"}],"wp:attachment":[{"href":"https:\/\/porvoonurheilijat.fi\/voimistelu\/wp-json\/wp\/v2\/media?parent=124"}],"curies":[{"name":"wp","href":"https:\/\/api.w.org\/{rel}","templated":true}]}}