{"id":50,"date":"2017-08-01T20:57:08","date_gmt":"2017-08-01T17:57:08","guid":{"rendered":"http:\/\/porvoonurheilijat.fi\/voimistelu\/?page_id=50"},"modified":"2020-06-14T13:13:06","modified_gmt":"2020-06-14T10:13:06","slug":"yhteystiedot","status":"publish","type":"page","link":"https:\/\/porvoonurheilijat.fi\/voimistelu\/yhteystiedot\/","title":{"rendered":"Yhteystiedot"},"content":{"rendered":"<p><strong>Voimistelujaoston yhteystiedot ja vastuuhenkil\u00f6t:<\/strong><\/p>\n<p>S\u00e4hk\u00f6postiosoitteet:<br \/>\n<strong>Telinevoimistelu ja pienten lasten voimisteluryhm\u00e4t:<\/strong> voimistelu.porvoonurheilijat(at)gmail.com<br \/>\n<strong>Joukkuevoimistelu: <\/strong>Vastuuvalmentaja Laura Sandberg laura.sandberg30(at)gmail.com<\/p>\n<p><strong>Puheenjohtaja:<\/strong> Mira Oras, puh. 040-5686629<br \/>\n<strong>Sihteeri:<\/strong> &#8211;<br \/>\n<strong>Rahastonhoitaja:<\/strong> Satu Pekkala<\/p>\n<p><a href=\"https:\/\/porvoonurheilijat.fi\/voimistelu\/\">Takaisin etusivulle.<\/a><\/p>\n","protected":false},"excerpt":{"rendered":"<p>Voimistelujaoston yhteystiedot ja vastuuhenkil\u00f6t: S\u00e4hk\u00f6postiosoitteet: Telinevoimistelu ja pienten lasten voimisteluryhm\u00e4t: voimistelu.porvoonurheilijat(at)gmail.com Joukkuevoimistelu: Vastuuvalmentaja Laura Sandberg laura.sandberg30(at)gmail.com Puheenjohtaja: Mira Oras, puh. 040-5686629 Sihteeri: &#8211; Rahastonhoitaja: Satu Pekkala Takaisin etusivulle.<\/p>\n","protected":false},"author":3,"featured_media":0,"parent":0,"menu_order":0,"comment_status":"closed","ping_status":"closed","template":"","meta":{"footnotes":""},"class_list":["post-50","page","type-page","status-publish","hentry"],"_links":{"self":[{"href":"https:\/\/porvoonurheilijat.fi\/voimistelu\/wp-json\/wp\/v2\/pages\/50","targetHints":{"allow":["GET"]}}],"collection":[{"href":"https:\/\/porvoonurheilijat.fi\/voimistelu\/wp-json\/wp\/v2\/pages"}],"about":[{"href":"https:\/\/porvoonurheilijat.fi\/voimistelu\/wp-json\/wp\/v2\/types\/page"}],"author":[{"embeddable":true,"href":"https:\/\/porvoonurheilijat.fi\/voimistelu\/wp-json\/wp\/v2\/users\/3"}],"replies":[{"embeddable":true,"href":"https:\/\/porvoonurheilijat.fi\/voimistelu\/wp-json\/wp\/v2\/comments?post=50"}],"version-history":[{"count":6,"href":"https:\/\/porvoonurheilijat.fi\/voimistelu\/wp-json\/wp\/v2\/pages\/50\/revisions"}],"predecessor-version":[{"id":480,"href":"https:\/\/porvoonurheilijat.fi\/voimistelu\/wp-json\/wp\/v2\/pages\/50\/revisions\/480"}],"wp:attachment":[{"href":"https:\/\/porvoonurheilijat.fi\/voimistelu\/wp-json\/wp\/v2\/media?parent=50"}],"curies":[{"name":"wp","href":"https:\/\/api.w.org\/{rel}","templated":true}]}}