{"id":52,"date":"2017-08-01T21:00:46","date_gmt":"2017-08-01T18:00:46","guid":{"rendered":"http:\/\/porvoonurheilijat.fi\/voimistelu\/?page_id=52"},"modified":"2017-08-01T21:14:35","modified_gmt":"2017-08-01T18:14:35","slug":"toiminta-ajatus","status":"publish","type":"page","link":"https:\/\/porvoonurheilijat.fi\/voimistelu\/toiminta-ajatus\/","title":{"rendered":"Toiminta-ajatus"},"content":{"rendered":"<p>Harjoitusten tavoitteena on voimistelun perusteisiin tutustuttaminen, erilaisten voimisteluv\u00e4lineiden ja oman kehon kokonaisvaltainen k\u00e4ytt\u00e4minen, sek\u00e4 suoda lapsille iloinen tapa liikkua. Monipuolisten harjoitusten my\u00f6t\u00e4 lasten motorinen kehitys edistyy, liikeradat laajenevat, tasapaino sek\u00e4 lihasryhmien hallinta kehittyv\u00e4t ja vahvistuvat. Toiminnan tavoitteena on antaa lapsille my\u00f6nteinen ja iloinen liikunnallinen kokemus sek\u00e4 kasvattaa heit\u00e4 toimimaan ryhm\u00e4ss\u00e4.<\/p>\n<p><a href=\"https:\/\/porvoonurheilijat.fi\/voimistelu\/\">Takaisin etusivulle.<\/a><\/p>\n<p>&nbsp;<\/p>\n","protected":false},"excerpt":{"rendered":"<p>Harjoitusten tavoitteena on voimistelun perusteisiin tutustuttaminen, erilaisten voimisteluv\u00e4lineiden ja oman kehon kokonaisvaltainen k\u00e4ytt\u00e4minen, sek\u00e4 suoda lapsille iloinen tapa liikkua. Monipuolisten harjoitusten my\u00f6t\u00e4 lasten motorinen kehitys edistyy, liikeradat laajenevat, tasapaino sek\u00e4 lihasryhmien hallinta kehittyv\u00e4t ja vahvistuvat. Toiminnan tavoitteena on antaa lapsille my\u00f6nteinen ja iloinen liikunnallinen kokemus sek\u00e4 kasvattaa heit\u00e4 toimimaan ryhm\u00e4ss\u00e4. Takaisin etusivulle. &nbsp;<\/p>\n","protected":false},"author":3,"featured_media":0,"parent":0,"menu_order":0,"comment_status":"closed","ping_status":"closed","template":"","meta":{"footnotes":""},"class_list":["post-52","page","type-page","status-publish","hentry"],"_links":{"self":[{"href":"https:\/\/porvoonurheilijat.fi\/voimistelu\/wp-json\/wp\/v2\/pages\/52","targetHints":{"allow":["GET"]}}],"collection":[{"href":"https:\/\/porvoonurheilijat.fi\/voimistelu\/wp-json\/wp\/v2\/pages"}],"about":[{"href":"https:\/\/porvoonurheilijat.fi\/voimistelu\/wp-json\/wp\/v2\/types\/page"}],"author":[{"embeddable":true,"href":"https:\/\/porvoonurheilijat.fi\/voimistelu\/wp-json\/wp\/v2\/users\/3"}],"replies":[{"embeddable":true,"href":"https:\/\/porvoonurheilijat.fi\/voimistelu\/wp-json\/wp\/v2\/comments?post=52"}],"version-history":[{"count":3,"href":"https:\/\/porvoonurheilijat.fi\/voimistelu\/wp-json\/wp\/v2\/pages\/52\/revisions"}],"predecessor-version":[{"id":60,"href":"https:\/\/porvoonurheilijat.fi\/voimistelu\/wp-json\/wp\/v2\/pages\/52\/revisions\/60"}],"wp:attachment":[{"href":"https:\/\/porvoonurheilijat.fi\/voimistelu\/wp-json\/wp\/v2\/media?parent=52"}],"curies":[{"name":"wp","href":"https:\/\/api.w.org\/{rel}","templated":true}]}}