{"id":71,"date":"2017-08-01T21:33:33","date_gmt":"2017-08-01T18:33:33","guid":{"rendered":"http:\/\/porvoonurheilijat.fi\/voimistelu\/?page_id=71"},"modified":"2017-08-01T21:41:00","modified_gmt":"2017-08-01T18:41:00","slug":"vakuutus","status":"publish","type":"page","link":"https:\/\/porvoonurheilijat.fi\/voimistelu\/vakuutus\/","title":{"rendered":"Vakuutus"},"content":{"rendered":"<p>Porvoon Urheilijoiden voimistelujaoston j\u00e4senmaksuun sis\u00e4ltyy Jumppaturva-vakuutus. Pohjolan ja Suomen Voimisteluliiton Jumppaturva-vakuutus on harrastejumppareiden tapaturmavakuutus. Vakuutus korvaa esim. ryhm\u00e4liikuntatunneilla, esiintymisiss\u00e4 ja n\u00e4yt\u00f6ksiss\u00e4 sattuneet tapaturmat.<\/p>\n<p>Pohjolan yhteysty\u00f6hoitolaitokset l\u00f6yd\u00e4t <a href=\"https:\/\/www.pohjola.fi\/pohjola\/henkiloasiakkaat\/vahingot\/kumppanuusverkostot\/hoitolaitokset-ja-yhteystiedot-paikkakunnittain?cid=331623660&amp;srcpl=3\">t\u00e4\u00e4lt\u00e4<\/a>.\u00a0Ilmoituksen voi tehd\u00e4 my\u00f6s puhelimitse Pohjolaan, p. 0303 0303.<\/p>\n<p><a href=\"https:\/\/porvoonurheilijat.fi\/voimistelu\/\">Takaisin etusivulle.<\/a><\/p>\n","protected":false},"excerpt":{"rendered":"<p>Porvoon Urheilijoiden voimistelujaoston j\u00e4senmaksuun sis\u00e4ltyy Jumppaturva-vakuutus. Pohjolan ja Suomen Voimisteluliiton Jumppaturva-vakuutus on harrastejumppareiden tapaturmavakuutus. Vakuutus korvaa esim. ryhm\u00e4liikuntatunneilla, esiintymisiss\u00e4 ja n\u00e4yt\u00f6ksiss\u00e4 sattuneet tapaturmat. Pohjolan yhteysty\u00f6hoitolaitokset l\u00f6yd\u00e4t t\u00e4\u00e4lt\u00e4.\u00a0Ilmoituksen voi tehd\u00e4 my\u00f6s puhelimitse Pohjolaan, p. 0303 0303. Takaisin etusivulle.<\/p>\n","protected":false},"author":3,"featured_media":0,"parent":0,"menu_order":0,"comment_status":"closed","ping_status":"closed","template":"","meta":{"footnotes":""},"class_list":["post-71","page","type-page","status-publish","hentry"],"_links":{"self":[{"href":"https:\/\/porvoonurheilijat.fi\/voimistelu\/wp-json\/wp\/v2\/pages\/71","targetHints":{"allow":["GET"]}}],"collection":[{"href":"https:\/\/porvoonurheilijat.fi\/voimistelu\/wp-json\/wp\/v2\/pages"}],"about":[{"href":"https:\/\/porvoonurheilijat.fi\/voimistelu\/wp-json\/wp\/v2\/types\/page"}],"author":[{"embeddable":true,"href":"https:\/\/porvoonurheilijat.fi\/voimistelu\/wp-json\/wp\/v2\/users\/3"}],"replies":[{"embeddable":true,"href":"https:\/\/porvoonurheilijat.fi\/voimistelu\/wp-json\/wp\/v2\/comments?post=71"}],"version-history":[{"count":2,"href":"https:\/\/porvoonurheilijat.fi\/voimistelu\/wp-json\/wp\/v2\/pages\/71\/revisions"}],"predecessor-version":[{"id":74,"href":"https:\/\/porvoonurheilijat.fi\/voimistelu\/wp-json\/wp\/v2\/pages\/71\/revisions\/74"}],"wp:attachment":[{"href":"https:\/\/porvoonurheilijat.fi\/voimistelu\/wp-json\/wp\/v2\/media?parent=71"}],"curies":[{"name":"wp","href":"https:\/\/api.w.org\/{rel}","templated":true}]}}