{"id":1106,"date":"2018-08-10T15:24:50","date_gmt":"2018-08-10T12:24:50","guid":{"rendered":"http:\/\/porvoonurheilijat.fi\/yleisurheilu\/?page_id=1106"},"modified":"2026-04-21T12:38:10","modified_gmt":"2026-04-21T09:38:10","slug":"yleiurheilujuniorit","status":"publish","type":"page","link":"https:\/\/porvoonurheilijat.fi\/yleisurheilu\/lasten-harjoitusryhmat\/yleiurheilujuniorit\/","title":{"rendered":"YLEISURHEILU JUNIORIT"},"content":{"rendered":"<p><strong>2017 &#8211; 2019 SYNTYNEILLE<\/strong><\/p>\n<p>T\u00e4ss\u00e4 ryhm\u00e4ss\u00e4 opetellaan perusliikuntataitoja, eri yleisurheilulajien harjoittelua ja totutellaan monipuolisiin yleisurheilun osaharjoitteisiin. Kannustamme my\u00f6s paikallisiin kilpailuihin osallistumista ja harjoittelemaan kilpailemista omien treenikavereiden kanssa.<\/p>\n<p>Suunnitellut kes\u00e4n harjoitukset: maanantai klo 11:30, tiistai klo 16:30, \u00a0torstai klo 16:30. Harjoituksia yht. 2-3<\/p>\n<p>Harjoituksiin mukaan aina ulkoiluun juoksulenkkarit, sis\u00e4lle erikseen puhtaat lenkkarit ja juomapullo. Saappaat j\u00e4\u00e4 kotiin my\u00f6s sateella, mukana kassissa kuivat sukat, sek\u00e4 kuiva paita. Kaikissa harjoituksissa lapsilla on urheilurauha; eli vanhemmat, lemmikit ja sisarukset j\u00e4\u00e4v\u00e4t kent\u00e4n \/ areenan ulkopuolelle.\u00a0<\/p>\n<p>Pid\u00e4t\u00e4mme oikeudet muutoksiin. Jokaiseen harjoitukseen ilmoittaudutaan myClubissa, johon p\u00e4ivittyv\u00e4t mahdolliset muutokset ja peruutukset.\u00a0<\/p>\n<h4><a href=\"https:\/\/pu.myclub.fi\/events\/10412576?pagination%5Bper%5D=50&amp;pagination%5Bpage%5D=1\">UUSILLE ILMOITTAUTUMINEN KES\u00c4KAUDESTA ALKAEN<\/a><\/h4>\n\n\n<\/p>\n<p>Voiko alaik\u00e4inen ilmoittautua ryhm\u00e4\u00e4n? -Otamme ik\u00e4ryhmiin vain kyseisen\u00e4 vuonna syntyneit\u00e4, t\u00e4m\u00e4 koskee kaikkia ryhmi\u00e4mme.<\/p>\n<p>\n\n\n\n<\/p>\n<p>J\u00e4rjest\u00e4ttek\u00f6 kokeilukertoja ennen ilmoittautumista? -Kokeilukertoja emme j\u00e4rjest\u00e4. Yleisurheilu on eritt\u00e4in monipuolinen laji, mist\u00e4 on vaikea saada yhdell\u00e4 kokeilukerralla k\u00e4sityst\u00e4.\u00a0My\u00f6s omaan ryhm\u00e4\u00e4n tutustuminen vie lapsilla enemm\u00e4n aikaa. Tasapuolisuuden nimiss\u00e4 kaikki osallistuvat\u00a0ilmoittautumis- ja maksuehtojen mukaisesti.\u00a0<\/p>\n<p>\n\n\n\n<\/p>\n<p>Onko ilmoittautuminen toistaiseksi voimassa oleva? -Kaikkien Hippo- ja YU-ryhmien kohdalla kyll\u00e4. Luethan aina ilmoittautumis- ja maksuehdot huolella.<\/p>\n<p>\n\n\n<\/p>\n\n\n<p><\/p>\n","protected":false},"excerpt":{"rendered":"<p>2017 &#8211; 2019 SYNTYNEILLE T\u00e4ss\u00e4 ryhm\u00e4ss\u00e4 opetellaan perusliikuntataitoja, eri yleisurheilulajien harjoittelua ja totutellaan monipuolisiin yleisurheilun osaharjoitteisiin. Kannustamme my\u00f6s paikallisiin kilpailuihin osallistumista ja harjoittelemaan kilpailemista omien treenikavereiden kanssa. Suunnitellut kes\u00e4n harjoitukset: maanantai klo 11:30, tiistai klo 16:30, \u00a0torstai klo 16:30. Harjoituksia yht. 2-3 Harjoituksiin mukaan aina ulkoiluun juoksulenkkarit, sis\u00e4lle erikseen puhtaat lenkkarit ja juomapullo. Saappaat j\u00e4\u00e4 &hellip; <a href=\"https:\/\/porvoonurheilijat.fi\/yleisurheilu\/lasten-harjoitusryhmat\/yleiurheilujuniorit\/\" class=\"more-link\">Jatka artikkeliin <span class=\"screen-reader-text\">YLEISURHEILU JUNIORIT<\/span><\/a><\/p>\n","protected":false},"author":4,"featured_media":0,"parent":7,"menu_order":7,"comment_status":"closed","ping_status":"closed","template":"templates\/full-width-page.php","meta":{"footnotes":""},"class_list":["post-1106","page","type-page","status-publish","hentry","no-featured-image"],"_links":{"self":[{"href":"https:\/\/porvoonurheilijat.fi\/yleisurheilu\/wp-json\/wp\/v2\/pages\/1106","targetHints":{"allow":["GET"]}}],"collection":[{"href":"https:\/\/porvoonurheilijat.fi\/yleisurheilu\/wp-json\/wp\/v2\/pages"}],"about":[{"href":"https:\/\/porvoonurheilijat.fi\/yleisurheilu\/wp-json\/wp\/v2\/types\/page"}],"author":[{"embeddable":true,"href":"https:\/\/porvoonurheilijat.fi\/yleisurheilu\/wp-json\/wp\/v2\/users\/4"}],"replies":[{"embeddable":true,"href":"https:\/\/porvoonurheilijat.fi\/yleisurheilu\/wp-json\/wp\/v2\/comments?post=1106"}],"version-history":[{"count":78,"href":"https:\/\/porvoonurheilijat.fi\/yleisurheilu\/wp-json\/wp\/v2\/pages\/1106\/revisions"}],"predecessor-version":[{"id":4125,"href":"https:\/\/porvoonurheilijat.fi\/yleisurheilu\/wp-json\/wp\/v2\/pages\/1106\/revisions\/4125"}],"up":[{"embeddable":true,"href":"https:\/\/porvoonurheilijat.fi\/yleisurheilu\/wp-json\/wp\/v2\/pages\/7"}],"wp:attachment":[{"href":"https:\/\/porvoonurheilijat.fi\/yleisurheilu\/wp-json\/wp\/v2\/media?parent=1106"}],"curies":[{"name":"wp","href":"https:\/\/api.w.org\/{rel}","templated":true}]}}