{"id":1584,"date":"2019-03-30T14:41:38","date_gmt":"2019-03-30T12:41:38","guid":{"rendered":"http:\/\/porvoonurheilijat.fi\/yleisurheilu\/?page_id=1584"},"modified":"2019-03-30T16:01:05","modified_gmt":"2019-03-30T14:01:05","slug":"suomenkylan-testijuoksun-tulokset-30-3-2019","status":"publish","type":"page","link":"https:\/\/porvoonurheilijat.fi\/yleisurheilu\/kilpailut\/5km-suomenkylan-testijuoksu\/suomenkylan-testijuoksun-tulokset-30-3-2019\/","title":{"rendered":"Suomenkyl\u00e4n testijuoksun tulokset 30.3.2019"},"content":{"rendered":"\n<h2 class=\"wp-block-heading\">Suomenkyl\u00e4n testijuoksu 5km<\/h2>\n\n\n\n<p><strong>Miehet, 5km<\/strong><br><\/p>\n\n\n\n<ol class=\"wp-block-list\"><li>Ville Lehtoniemi    16,37<\/li><li>Jani Str\u00f6msholm 16,40<\/li><li>Asmo Ahola  17,48<\/li><li>Janne V\u00e4is\u00e4nen  17,57<\/li><li>Kim L\u00f6nnstr\u00f6m   18,11<\/li><li>Jan Bremer  18,26<\/li><li>Jari Uusitalo   18,36<\/li><li>Benjamin Bj\u00f6rkell   19,03<\/li><li>Timo Lepp\u00e4korpi 19,06<\/li><li>Niko Lindberg   19,21<\/li><li>Keijo Niemi 19,24<\/li><li>Sam Fransman    19,34<\/li><li>Joona Heikker\u00f6  19,45<\/li><li>Kari Hietamies  19,51<\/li><li>Santtu Erkkil\u00e4  19,52<\/li><li>Jan Alden   19,54<\/li><li>Vesa-Matti Masalin  20,27<\/li><li>Jari Pekonen    20,27<\/li><li>Tommy Ekblom 20,53<\/li><li>Eero Koskela    20,55<\/li><li>Heimo K\u00e4rkk\u00e4inen    21,35<\/li><li>Kenneth Sola    21,37<\/li><li>Pertti J\u00e4ppinen 21,53<\/li><li>Miika M\u00e4ntyniemi    22,18<\/li><li>Tuomo Oikarinen 22,26<\/li><li>Arto Koskelainen    22,38<\/li><li>Saku Lehtoniemi 24,16<\/li><li>Raimo Myrtenblad    26,52<\/li><\/ol>\n\n\n\n<p><strong>Naiset, 5km<\/strong><br><\/p>\n\n\n\n<ol class=\"wp-block-list\"><li>Melissa L\u00f6nstr\u00f6m    20,38<\/li><li>Johanna Kiiski  21,24<\/li><li>Sari Peltonen   21,47<\/li><li>Katja Mattila   22,34<\/li><li>Eevu Lassenius  22,38<\/li><li>Sirpa Nordling  22,44<\/li><li>Pernilla B\u00f6hling    23,51<\/li><li>Johanna \u00d6hman   24,46<\/li><li>Karla Still 24,47<\/li><li>Sisko Koskela   24,52<\/li><li>Isa Myrtenblad  27,31<\/li><li>Hanna Lindholm  27,49<\/li><li>Hele-Mai Veskim\u00e4e   27,53<\/li><li>Heli Karlsson   30,39<\/li><li>Hanna Jokkala   32,26<br>\nIlman ajanottoa: Niina Per\u00e4l\u00e4    <\/li><\/ol>\n\n\n\n<hr class=\"wp-block-separator\" \/>\n\n\n\n<h2 class=\"wp-block-heading\">Avoimet PU:n mestaruusmaantiejuoksut sarjoissa 7-13v.<\/h2>\n\n\n\n<p><strong>Tyt\u00f6t 7v, 0,5km<\/strong><br><\/p>\n\n\n\n<ol class=\"wp-block-list\"><li>Lilian Kuismanen    2,14<\/li><li>Seela Sund  2,17<\/li><li>Vera Hamina 2,33<\/li><li>Lotta Veskim\u00e4e  2,52<\/li><\/ol>\n\n\n\n<p><strong>Pojat 9v, 1km<\/strong><br><\/p>\n\n\n\n<ol class=\"wp-block-list\"><li>Luka Soiramo    4,17<\/li><li>Alex Leiramo    4,40<\/li><\/ol>\n\n\n\n<p><strong>Tyt\u00f6t 9v, 1km<\/strong><br><\/p>\n\n\n\n<ol class=\"wp-block-list\"><li>Amanda Ahlgren  4,06<\/li><li>Ella Tuparinne  4,29<\/li><li>Kaisla Rouvila  4,30<\/li><li>Saana Uotila    5,14<\/li><\/ol>\n\n\n\n<p><strong>Pojat 11v, 1,5km<\/strong><br><\/p>\n\n\n\n<ol class=\"wp-block-list\"><li>Anton Myrtenblad    5,46<\/li><li>Alex Ahlgren    5,59<\/li><li>Eduard Gutaj    7,40<\/li><\/ol>\n\n\n\n<p><strong>Tyt\u00f6t 11v, 1,5km<\/strong><br><\/p>\n\n\n\n<ol class=\"wp-block-list\"><li>Aino Pirhonen   6,19<\/li><li>Brenda Jalkanen 6,34<\/li><li>Emma Hamina 6,37<\/li><li>Alissa V\u00e4nsk\u00e4   6,38<\/li><li>Elli Mattila    6,52<\/li><li>Enni Jokkala    7,08<\/li><li>Ada Myrtenblad  7,42<\/li><li>Sara Tuparinne  8,49<\/li><\/ol>\n\n\n\n<p><strong>Pojat 13v, 2km<\/strong><br><\/p>\n\n\n\n<ol class=\"wp-block-list\"><li>Niilo M\u00f6ls\u00e4 7,58<\/li><li>Matias Palom\u00e4ki 9,23<\/li><\/ol>\n\n\n\n<p><strong>Tyt\u00f6t 13v, 2km<\/strong><br><\/p>\n\n\n\n<ol class=\"wp-block-list\"><li>Sara Koskela    8,31<\/li><li>Aino Jokkala    8,53<\/li><li>Minni Gr\u00f6nlund  9,13<\/li><li>Inari Uotila    9,34<\/li><li>Anni Kiiski 9,38<br>\nUlkopuolella kilpailun: Aino Lindroos    8,31<\/li><\/ol>\n\n\n\n<p><br><\/p>\n","protected":false},"excerpt":{"rendered":"<p>Suomenkyl\u00e4n testijuoksu 5km Miehet, 5km Ville Lehtoniemi 16,37 Jani Str\u00f6msholm 16,40 Asmo Ahola 17,48 Janne V\u00e4is\u00e4nen 17,57 Kim L\u00f6nnstr\u00f6m 18,11 Jan Bremer 18,26 Jari Uusitalo 18,36 Benjamin Bj\u00f6rkell 19,03 Timo Lepp\u00e4korpi 19,06 Niko Lindberg 19,21 Keijo Niemi 19,24 Sam Fransman 19,34 Joona Heikker\u00f6 19,45 Kari Hietamies 19,51 Santtu Erkkil\u00e4 19,52 Jan Alden 19,54 Vesa-Matti Masalin &hellip; <a href=\"https:\/\/porvoonurheilijat.fi\/yleisurheilu\/kilpailut\/5km-suomenkylan-testijuoksu\/suomenkylan-testijuoksun-tulokset-30-3-2019\/\" class=\"more-link\">Jatka artikkeliin <span class=\"screen-reader-text\">Suomenkyl\u00e4n testijuoksun tulokset 30.3.2019<\/span><\/a><\/p>\n","protected":false},"author":4,"featured_media":1588,"parent":671,"menu_order":1,"comment_status":"closed","ping_status":"closed","template":"","meta":{"footnotes":""},"class_list":["post-1584","page","type-page","status-publish","has-post-thumbnail","hentry"],"_links":{"self":[{"href":"https:\/\/porvoonurheilijat.fi\/yleisurheilu\/wp-json\/wp\/v2\/pages\/1584","targetHints":{"allow":["GET"]}}],"collection":[{"href":"https:\/\/porvoonurheilijat.fi\/yleisurheilu\/wp-json\/wp\/v2\/pages"}],"about":[{"href":"https:\/\/porvoonurheilijat.fi\/yleisurheilu\/wp-json\/wp\/v2\/types\/page"}],"author":[{"embeddable":true,"href":"https:\/\/porvoonurheilijat.fi\/yleisurheilu\/wp-json\/wp\/v2\/users\/4"}],"replies":[{"embeddable":true,"href":"https:\/\/porvoonurheilijat.fi\/yleisurheilu\/wp-json\/wp\/v2\/comments?post=1584"}],"version-history":[{"count":3,"href":"https:\/\/porvoonurheilijat.fi\/yleisurheilu\/wp-json\/wp\/v2\/pages\/1584\/revisions"}],"predecessor-version":[{"id":1589,"href":"https:\/\/porvoonurheilijat.fi\/yleisurheilu\/wp-json\/wp\/v2\/pages\/1584\/revisions\/1589"}],"up":[{"embeddable":true,"href":"https:\/\/porvoonurheilijat.fi\/yleisurheilu\/wp-json\/wp\/v2\/pages\/671"}],"wp:featuredmedia":[{"embeddable":true,"href":"https:\/\/porvoonurheilijat.fi\/yleisurheilu\/wp-json\/wp\/v2\/media\/1588"}],"wp:attachment":[{"href":"https:\/\/porvoonurheilijat.fi\/yleisurheilu\/wp-json\/wp\/v2\/media?parent=1584"}],"curies":[{"name":"wp","href":"https:\/\/api.w.org\/{rel}","templated":true}]}}