{"id":20,"date":"2017-07-24T13:26:12","date_gmt":"2017-07-24T10:26:12","guid":{"rendered":"http:\/\/porvoonurheilijat.int2000.net\/yleisurheilu\/?page_id=20"},"modified":"2022-04-08T10:47:37","modified_gmt":"2022-04-08T07:47:37","slug":"aikuisten-harrasteryhmat-uusimaa-juoksee","status":"publish","type":"page","link":"https:\/\/porvoonurheilijat.fi\/yleisurheilu\/aikuiset\/aikuisten-harrasteryhmat-uusimaa-juoksee\/","title":{"rendered":"Aikuisten harrasteryhm\u00e4t (Uusimaa Juoksee)"},"content":{"rendered":"<h2>Porukassa olet vahvempi!<\/h2>\n<p>J\u00e4rjest\u00e4mme kaikille avoimia aikuisten Yhteistreenej\u00e4 monta kertaa viikossa. Treeneiss\u00e4 on aina valittavana omaan makuun sopiva ryhm\u00e4. Kaikki t\u00e4m\u00e4 rennolla mielell\u00e4, mutta osaavien valmentajien ohjauksessa ja Suomen parhaiden juoksuasiantuntijoiden hiomilla treenikonsepteilla.<\/p>\n<p>Tule mukaan sellaisena kuin olet ja koukutu!<\/p>\n<h2>Lis\u00e4tiedot ja ilmoittautuminen:<\/h2>\n<h2><a href=\"https:\/\/uusimaajuoksee.fi\/\" target=\"_blank\" rel=\"noopener\">www.uusimaajuoksee.fi<\/a><\/h2>\n","protected":false},"excerpt":{"rendered":"<p>Porukassa olet vahvempi! J\u00e4rjest\u00e4mme kaikille avoimia aikuisten Yhteistreenej\u00e4 monta kertaa viikossa. Treeneiss\u00e4 on aina valittavana omaan makuun sopiva ryhm\u00e4. Kaikki t\u00e4m\u00e4 rennolla mielell\u00e4, mutta osaavien valmentajien ohjauksessa ja Suomen parhaiden juoksuasiantuntijoiden hiomilla treenikonsepteilla. Tule mukaan sellaisena kuin olet ja koukutu! Lis\u00e4tiedot ja ilmoittautuminen: www.uusimaajuoksee.fi<\/p>\n","protected":false},"author":4,"featured_media":109,"parent":14,"menu_order":1,"comment_status":"closed","ping_status":"closed","template":"templates\/full-width-page.php","meta":{"footnotes":""},"class_list":["post-20","page","type-page","status-publish","has-post-thumbnail","hentry"],"_links":{"self":[{"href":"https:\/\/porvoonurheilijat.fi\/yleisurheilu\/wp-json\/wp\/v2\/pages\/20","targetHints":{"allow":["GET"]}}],"collection":[{"href":"https:\/\/porvoonurheilijat.fi\/yleisurheilu\/wp-json\/wp\/v2\/pages"}],"about":[{"href":"https:\/\/porvoonurheilijat.fi\/yleisurheilu\/wp-json\/wp\/v2\/types\/page"}],"author":[{"embeddable":true,"href":"https:\/\/porvoonurheilijat.fi\/yleisurheilu\/wp-json\/wp\/v2\/users\/4"}],"replies":[{"embeddable":true,"href":"https:\/\/porvoonurheilijat.fi\/yleisurheilu\/wp-json\/wp\/v2\/comments?post=20"}],"version-history":[{"count":5,"href":"https:\/\/porvoonurheilijat.fi\/yleisurheilu\/wp-json\/wp\/v2\/pages\/20\/revisions"}],"predecessor-version":[{"id":2987,"href":"https:\/\/porvoonurheilijat.fi\/yleisurheilu\/wp-json\/wp\/v2\/pages\/20\/revisions\/2987"}],"up":[{"embeddable":true,"href":"https:\/\/porvoonurheilijat.fi\/yleisurheilu\/wp-json\/wp\/v2\/pages\/14"}],"wp:featuredmedia":[{"embeddable":true,"href":"https:\/\/porvoonurheilijat.fi\/yleisurheilu\/wp-json\/wp\/v2\/media\/109"}],"wp:attachment":[{"href":"https:\/\/porvoonurheilijat.fi\/yleisurheilu\/wp-json\/wp\/v2\/media?parent=20"}],"curies":[{"name":"wp","href":"https:\/\/api.w.org\/{rel}","templated":true}]}}