{"id":2240,"date":"2020-09-02T22:07:56","date_gmt":"2020-09-02T19:07:56","guid":{"rendered":"http:\/\/porvoonurheilijat.fi\/yleisurheilu\/?page_id=2240"},"modified":"2025-12-11T15:01:18","modified_gmt":"2025-12-11T13:01:18","slug":"minihippo-yleisurheilukoulu-2021-syntyneet","status":"publish","type":"page","link":"https:\/\/porvoonurheilijat.fi\/yleisurheilu\/hippo-yleisurheilukoulu\/minihippo-yleisurheilukoulu-2021-syntyneet\/","title":{"rendered":"Minihippo -yleisurheilukoulu, 2021 syntyneet"},"content":{"rendered":"\n<p>Lasten Minihippo-yleisurheilukoulu 2021 syntyneille monipuolisesta liikkumisesta kiinnostuneille lapsille, vanhemman kanssa. Tutustumme leikin varjolla eri yleisurheilulajeihin, opimme monipuolisia motorisia taitoja, ryhm\u00e4ss\u00e4 toimimista ja iloista liikkumista. Harjoituksissa on jokaisella lapsella mukana vanhempi\/aikuinen, joka tukee ja auttaa osallistuen my\u00f6s itse harjoitukseen. Huoli pois, p\u00e4rj\u00e4\u00e4tte mukana kyll\u00e4. \ud83d\ude42<\/p>\n\n\n\n<p>Talven harjoittelukausi: Hippo harjoitukset keskiviikkoisin klo 18:15 &#8211; 19:00 ja lauantaisin klo 10:00 &#8211; 10:50 Uusimaa Areenalla.<\/p>\n\n\n\n<p>Lis\u00e4tiedot treeneist\u00e4 oman ryhm\u00e4n myClubissa. Jokainen minihippo-urheilija ilmoittautuu jokaiseen harjoitukseen myClubin kautta KYLL\u00c4\/EI.<\/p>\n\n\n\n<p>Harjoituksiin mukaan aina puhtaat lenkkarit, juomapullo. Hippo harjoituksissa talvikaudella ollaan sis\u00e4ll\u00e4. Lukuunottamatta harjoituksiin osallistuvaa aikuista harjoituksissa lapsilla on urheilurauha; eli puolisot, lemmikit ja sisarukset j\u00e4\u00e4v\u00e4t kent\u00e4n \/ areenan ulkopuolelle. \ud83d\ude42<\/p>\n\n\n\n<p>Alla linkki ilmoittautumiseen uusille urheilijoille. Mik\u00e4li ryhm\u00e4 on t\u00e4ynn\u00e4, k\u00e4rsiv\u00e4llisyytt\u00e4 ja seuratkaa tilannetta mahdollisten vapautuvien paikkojen osalta.<\/p>\n\n\n\n<p><strong><a href=\"https:\/\/pu.myclub.fi\/events\/9890218?pagination%5Bper%5D=50&amp;pagination%5Bpage%5D=1\"> ILMOITTAUTUMISLINKKI ALKAEN KEV\u00c4TKAUDESTA &#8211; MINIHIPPO 2021<\/a><\/strong><\/p>\n\n\n\n<p><\/p>\n\n\n\n<p>Kysymykset\/tiedustelut:<br> Mahdolliset kysymykset ja tiedustelut Minihippo-yleisurheilukouluun liittyen voi l\u00e4hett\u00e4\u00e4 seuraavaan osoitteeseen:  <a href=\"mailto:hippoyleisurheilukoulu.pu@gmail.com\">hippoyleisurheilukoulu.pu@gmail.com<\/a> <\/p>\n\n\n\n<p>FAQ<\/p>\n\n\n\n<p>Voiko alaik\u00e4inen ilmoittautua ryhm\u00e4\u00e4n? -Otamme ik\u00e4ryhmiin vain kyseisen\u00e4 vuonna syntyneit\u00e4, t\u00e4m\u00e4 koskee kaikkia ryhmi\u00e4mme. <\/p>\n\n\n\n<p>J\u00e4rjest\u00e4ttek\u00f6 kokeilukertoja ennen ilmoittautumista? -Kokeilukertoja emme j\u00e4rjest\u00e4. Yleisurheilu on eritt\u00e4in monipuolinen laji, mist\u00e4 on vaikea saada yhdell\u00e4 kokeilukerralla k\u00e4sityst\u00e4.&nbsp;My\u00f6s omaan ryhm\u00e4\u00e4n tutustuminen vie lapsilla enemm\u00e4n aikaa. Tasapuolisuuden nimiss\u00e4 kaikki osallistuvat&nbsp;ilmoittautumis- ja maksuehtojen mukaisesti.&nbsp;<\/p>\n\n\n\n<p>Onko ilmoittautuminen toistaiseksi voimassa oleva? -Kaikkien Hippo- ja YU-ryhmien kohdalla kyll\u00e4. Luethan aina ilmoittautumis- ja maksuehdot huolella.<\/p>\n","protected":false},"excerpt":{"rendered":"<p>Lasten Minihippo-yleisurheilukoulu 2021 syntyneille monipuolisesta liikkumisesta kiinnostuneille lapsille, vanhemman kanssa. Tutustumme leikin varjolla eri yleisurheilulajeihin, opimme monipuolisia motorisia taitoja, ryhm\u00e4ss\u00e4 toimimista ja iloista liikkumista. Harjoituksissa on jokaisella lapsella mukana vanhempi\/aikuinen, joka tukee ja auttaa osallistuen my\u00f6s itse harjoitukseen. Huoli pois, p\u00e4rj\u00e4\u00e4tte mukana kyll\u00e4. \ud83d\ude42 Talven harjoittelukausi: Hippo harjoitukset keskiviikkoisin klo 18:15 &#8211; 19:00 ja lauantaisin &hellip; <a href=\"https:\/\/porvoonurheilijat.fi\/yleisurheilu\/hippo-yleisurheilukoulu\/minihippo-yleisurheilukoulu-2021-syntyneet\/\" class=\"more-link\">Jatka artikkeliin <span class=\"screen-reader-text\">Minihippo -yleisurheilukoulu, 2021 syntyneet<\/span><\/a><\/p>\n","protected":false},"author":4,"featured_media":0,"parent":4,"menu_order":0,"comment_status":"closed","ping_status":"closed","template":"templates\/full-width-page.php","meta":{"footnotes":""},"class_list":["post-2240","page","type-page","status-publish","hentry","no-featured-image"],"_links":{"self":[{"href":"https:\/\/porvoonurheilijat.fi\/yleisurheilu\/wp-json\/wp\/v2\/pages\/2240","targetHints":{"allow":["GET"]}}],"collection":[{"href":"https:\/\/porvoonurheilijat.fi\/yleisurheilu\/wp-json\/wp\/v2\/pages"}],"about":[{"href":"https:\/\/porvoonurheilijat.fi\/yleisurheilu\/wp-json\/wp\/v2\/types\/page"}],"author":[{"embeddable":true,"href":"https:\/\/porvoonurheilijat.fi\/yleisurheilu\/wp-json\/wp\/v2\/users\/4"}],"replies":[{"embeddable":true,"href":"https:\/\/porvoonurheilijat.fi\/yleisurheilu\/wp-json\/wp\/v2\/comments?post=2240"}],"version-history":[{"count":53,"href":"https:\/\/porvoonurheilijat.fi\/yleisurheilu\/wp-json\/wp\/v2\/pages\/2240\/revisions"}],"predecessor-version":[{"id":4070,"href":"https:\/\/porvoonurheilijat.fi\/yleisurheilu\/wp-json\/wp\/v2\/pages\/2240\/revisions\/4070"}],"up":[{"embeddable":true,"href":"https:\/\/porvoonurheilijat.fi\/yleisurheilu\/wp-json\/wp\/v2\/pages\/4"}],"wp:attachment":[{"href":"https:\/\/porvoonurheilijat.fi\/yleisurheilu\/wp-json\/wp\/v2\/media?parent=2240"}],"curies":[{"name":"wp","href":"https:\/\/api.w.org\/{rel}","templated":true}]}}