{"id":2243,"date":"2020-09-02T22:14:35","date_gmt":"2020-09-02T19:14:35","guid":{"rendered":"http:\/\/porvoonurheilijat.fi\/yleisurheilu\/?page_id=2243"},"modified":"2025-12-11T15:02:48","modified_gmt":"2025-12-11T13:02:48","slug":"hippo-yleisurheilukoulu-2019-syntyneille-2","status":"publish","type":"page","link":"https:\/\/porvoonurheilijat.fi\/yleisurheilu\/hippo-yleisurheilukoulu\/hippo-yleisurheilukoulu-2019-syntyneille-2\/","title":{"rendered":"Hippo-yleisurheilukoulu, 2019 syntyneet"},"content":{"rendered":"\n<p>Hippo-yleisurheilukoulu 2019 syntyneille monipuolisesta liikkumisesta kiinnostuneille lapsille. Tutustumme leikin varjolla eri yleisurheilulajeihin, opimme monipuolisia motorisia taitoja, ryhm\u00e4ss\u00e4 toimimista ja iloista liikkumista.<\/p>\n\n\n\n<p>Talven harjoittelukausi alkaa vko 37\/38. Hippo harjoitukset keskiviikkoisin klo 18:15 \u2013 19:00 ja lauantaisin klo 10:00 \u2013 10:50 Uusimaa Areenalla.<\/p>\n\n\n\n<p>Lis\u00e4tiedot treeneist\u00e4 oman ryhm\u00e4n myClubissa. Jokainen hippo-urheilija ilmoittautuu jokaiseen harjoitukseen myClubin kautta KYLL\u00c4\/EI.<\/p>\n\n\n\n<p>Harjoituksiin mukaan aina puhtaat lenkkarit, juomapullo. Hippo harjoituksissa talvikaudella ollaan sis\u00e4ll\u00e4. Hippo 2019 urheilevat jo itsen\u00e4isesti, ilman omaa aikuista ja harjoituksissa lapsilla on urheilurauha; eli puolisot, lemmikit ja sisarukset j\u00e4\u00e4v\u00e4t kent\u00e4n \/ areenan ulkopuolelle.&nbsp;<\/p>\n\n\n\n<p>Alla linkki ilmoittautumiseen UUSILLE URHEILIJOILLE. Mik\u00e4li ryhm\u00e4 on t\u00e4ynn\u00e4, k\u00e4rsiv\u00e4llisyytt\u00e4 ja seuratkaa tilannetta mahdollisten vapautuvien paikkojen osalta.<\/p>\n\n\n\n<p><strong><a href=\"https:\/\/pu.myclub.fi\/events\/9890215?pagination%5Bper%5D=50&amp;pagination%5Bpage%5D=1\">ILMOITTAUTUMISLINKKI ALKAEN KEV\u00c4TKAUDESTA &#8211; HIPPO 2019<\/a><\/strong><\/p>\n\n\n\n<p>Kysymykset\/tiedustelut:<\/p>\n\n\n\n<p>Mahdolliset kysymykset ja tiedustelut Hippo-yleisurheilukouluun liittyen voi l\u00e4hett\u00e4\u00e4 seuraavaan osoitteeseen: <a href=\"mailto:hippoyleisurheilukoulu.pu@gmail.com\">hippoyleisurheilukoulu.pu@gmail.com<\/a><\/p>\n\n\n\n<p>FAQ<\/p>\n\n\n\n<p>Voiko alaik\u00e4inen ilmoittautua ryhm\u00e4\u00e4n? -Otamme ik\u00e4ryhmiin vain kyseisen\u00e4 vuonna syntyneit\u00e4, t\u00e4m\u00e4 koskee kaikkia ryhmi\u00e4mme.<\/p>\n\n\n\n<p>J\u00e4rjest\u00e4ttek\u00f6 kokeilukertoja ennen ilmoittautumista? -Kokeilukertoja emme j\u00e4rjest\u00e4. Yleisurheilu on eritt\u00e4in monipuolinen laji, mist\u00e4 on vaikea saada yhdell\u00e4 kokeilukerralla k\u00e4sityst\u00e4.&nbsp;My\u00f6s omaan ryhm\u00e4\u00e4n tutustuminen vie lapsilla enemm\u00e4n aikaa. Tasapuolisuuden nimiss\u00e4 kaikki osallistuvat&nbsp;ilmoittautumis- ja maksuehtojen mukaisesti.&nbsp;<\/p>\n\n\n\n<p>Onko ilmoittautuminen toistaiseksi voimassa oleva? -Kaikkien Hippo- ja YU-ryhmien kohdalla kyll\u00e4. Luethan aina ilmoittautumis- ja maksuehdot huolella.<\/p>\n","protected":false},"excerpt":{"rendered":"<p>Hippo-yleisurheilukoulu 2019 syntyneille monipuolisesta liikkumisesta kiinnostuneille lapsille. Tutustumme leikin varjolla eri yleisurheilulajeihin, opimme monipuolisia motorisia taitoja, ryhm\u00e4ss\u00e4 toimimista ja iloista liikkumista. Talven harjoittelukausi alkaa vko 37\/38. Hippo harjoitukset keskiviikkoisin klo 18:15 \u2013 19:00 ja lauantaisin klo 10:00 \u2013 10:50 Uusimaa Areenalla. Lis\u00e4tiedot treeneist\u00e4 oman ryhm\u00e4n myClubissa. Jokainen hippo-urheilija ilmoittautuu jokaiseen harjoitukseen myClubin kautta KYLL\u00c4\/EI. Harjoituksiin &hellip; <a href=\"https:\/\/porvoonurheilijat.fi\/yleisurheilu\/hippo-yleisurheilukoulu\/hippo-yleisurheilukoulu-2019-syntyneille-2\/\" class=\"more-link\">Jatka artikkeliin <span class=\"screen-reader-text\">Hippo-yleisurheilukoulu, 2019 syntyneet<\/span><\/a><\/p>\n","protected":false},"author":4,"featured_media":0,"parent":4,"menu_order":0,"comment_status":"closed","ping_status":"closed","template":"templates\/full-width-page.php","meta":{"footnotes":""},"class_list":["post-2243","page","type-page","status-publish","hentry","no-featured-image"],"_links":{"self":[{"href":"https:\/\/porvoonurheilijat.fi\/yleisurheilu\/wp-json\/wp\/v2\/pages\/2243","targetHints":{"allow":["GET"]}}],"collection":[{"href":"https:\/\/porvoonurheilijat.fi\/yleisurheilu\/wp-json\/wp\/v2\/pages"}],"about":[{"href":"https:\/\/porvoonurheilijat.fi\/yleisurheilu\/wp-json\/wp\/v2\/types\/page"}],"author":[{"embeddable":true,"href":"https:\/\/porvoonurheilijat.fi\/yleisurheilu\/wp-json\/wp\/v2\/users\/4"}],"replies":[{"embeddable":true,"href":"https:\/\/porvoonurheilijat.fi\/yleisurheilu\/wp-json\/wp\/v2\/comments?post=2243"}],"version-history":[{"count":50,"href":"https:\/\/porvoonurheilijat.fi\/yleisurheilu\/wp-json\/wp\/v2\/pages\/2243\/revisions"}],"predecessor-version":[{"id":4072,"href":"https:\/\/porvoonurheilijat.fi\/yleisurheilu\/wp-json\/wp\/v2\/pages\/2243\/revisions\/4072"}],"up":[{"embeddable":true,"href":"https:\/\/porvoonurheilijat.fi\/yleisurheilu\/wp-json\/wp\/v2\/pages\/4"}],"wp:attachment":[{"href":"https:\/\/porvoonurheilijat.fi\/yleisurheilu\/wp-json\/wp\/v2\/media?parent=2243"}],"curies":[{"name":"wp","href":"https:\/\/api.w.org\/{rel}","templated":true}]}}