{"id":2430,"date":"2021-04-22T20:37:28","date_gmt":"2021-04-22T17:37:28","guid":{"rendered":"https:\/\/porvoonurheilijat.fi\/yleisurheilu\/?page_id=2430"},"modified":"2026-04-21T12:33:11","modified_gmt":"2026-04-21T09:33:11","slug":"hippo-yleisurheilukoulu-2021-syntyneille","status":"publish","type":"page","link":"https:\/\/porvoonurheilijat.fi\/yleisurheilu\/hippo-yleisurheilukoulu\/hippo-yleisurheilukoulu-2021-syntyneille\/","title":{"rendered":"Hippo-yleisurheilukoulu, 2021 syntyneet"},"content":{"rendered":"\n<p>Hippo-yleisurheilukoulu monipuolisesta liikkumisesta kiinnostuneille lapsille. Tutustumme leikin varjolla eri yleisurheilulajeihin, opimme monipuolisia motorisia taitoja, ryhm\u00e4ss\u00e4 toimimista ja iloista liikkumista. <\/p>\n\n\n\n<p>Kes\u00e4n harjoittelukausi;  tiistaisin ja torstaisin klo 17:00 &#8211; 17:50 Keskusurheilukent\u00e4ll\u00e4.<\/p>\n\n\n\n<p>Lis\u00e4tiedot treeneist\u00e4 oman ryhm\u00e4n myClubissa. Jokainen hippo-urheilija ilmoittautuu jokaiseen harjoitukseen myClubin kautta KYLL\u00c4\/EI.<\/p>\n\n\n\n<p>Harjoituksiin mukaan lenkkarit, juomapullo. Kes\u00e4kaudella ryhm\u00e4 harjoittelee itsen\u00e4isesti ilman omaa aikuista. Kauden alkupuolella lis\u00e4tuesta voi keskustella ryhm\u00e4n ohjaajan kanssa. Lapsilla on harjoituksissa urheilurauha; eli vanhemmat, lemmikit ja sisarukset j\u00e4\u00e4v\u00e4t kent\u00e4n \/ areenan ulkopuolelle.&nbsp;<\/p>\n\n\n\n<p>Alla linkki ilmoittautumiseen UUSILLE URHEILIJOILLE. Mik\u00e4li ryhm\u00e4 on t\u00e4ynn\u00e4, k\u00e4rsiv\u00e4llisyytt\u00e4 ja seuratkaa siis tilannetta mahdollisten vapautuvien paikkojen osalta.<\/p>\n\n\n\n<p><strong> <a href=\"https:\/\/pu.myclub.fi\/events\/10412582?pagination%5Bper%5D=50&amp;pagination%5Bpage%5D=1\">ILMOITTAUTUMINEN ALKAEN KES\u00c4KAUDESTA &#8211;  HIPPO 2021<\/a><\/strong><\/p>\n\n\n\n<p>Kysymykset\/tiedustelut:<\/p>\n\n\n\n<p>Mahdolliset kysymykset ja tiedustelut Hippo-yleisurheilukouluun liittyen voi l\u00e4hett\u00e4\u00e4 seuraavaan osoitteeseen:&nbsp;<a href=\"mailto:hippoyleisurheilukoulu.pu@gmail.com\">hippoyleisurheilukoulu.pu@gmail.com<\/a><\/p>\n\n\n\n<p>FAQ<\/p>\n\n\n\n<p>Voiko alaik\u00e4inen ilmoittautua ryhm\u00e4\u00e4n? -Otamme ik\u00e4ryhmiin vain kyseisen\u00e4 vuonna syntyneit\u00e4, t\u00e4m\u00e4 koskee kaikkia ryhmi\u00e4mme.<\/p>\n\n\n\n<p>J\u00e4rjest\u00e4ttek\u00f6 kokeilukertoja ennen ilmoittautumista? -Kokeilukertoja emme j\u00e4rjest\u00e4. Yleisurheilu on eritt\u00e4in monipuolinen laji, mist\u00e4 on vaikea saada yhdell\u00e4 kokeilukerralla k\u00e4sityst\u00e4.&nbsp;My\u00f6s omaan ryhm\u00e4\u00e4n tutustuminen vie lapsilla enemm\u00e4n aikaa. Tasapuolisuuden nimiss\u00e4 kaikki osallistuvat&nbsp;ilmoittautumis- ja maksuehtojen mukaisesti.&nbsp;<\/p>\n\n\n\n<p>Onko ilmoittautuminen toistaiseksi voimassa oleva? -Kaikkien Hippo- ja YU-ryhmien kohdalla kyll\u00e4. Luethan aina ilmoittautumis- ja maksuehdot huolella.<\/p>\n","protected":false},"excerpt":{"rendered":"<p>Hippo-yleisurheilukoulu monipuolisesta liikkumisesta kiinnostuneille lapsille. Tutustumme leikin varjolla eri yleisurheilulajeihin, opimme monipuolisia motorisia taitoja, ryhm\u00e4ss\u00e4 toimimista ja iloista liikkumista. Kes\u00e4n harjoittelukausi; tiistaisin ja torstaisin klo 17:00 &#8211; 17:50 Keskusurheilukent\u00e4ll\u00e4. Lis\u00e4tiedot treeneist\u00e4 oman ryhm\u00e4n myClubissa. Jokainen hippo-urheilija ilmoittautuu jokaiseen harjoitukseen myClubin kautta KYLL\u00c4\/EI. Harjoituksiin mukaan lenkkarit, juomapullo. Kes\u00e4kaudella ryhm\u00e4 harjoittelee itsen\u00e4isesti ilman omaa aikuista. Kauden alkupuolella &hellip; <a href=\"https:\/\/porvoonurheilijat.fi\/yleisurheilu\/hippo-yleisurheilukoulu\/hippo-yleisurheilukoulu-2021-syntyneille\/\" class=\"more-link\">Jatka artikkeliin <span class=\"screen-reader-text\">Hippo-yleisurheilukoulu, 2021 syntyneet<\/span><\/a><\/p>\n","protected":false},"author":10,"featured_media":0,"parent":4,"menu_order":0,"comment_status":"closed","ping_status":"closed","template":"templates\/full-width-page.php","meta":{"footnotes":""},"class_list":["post-2430","page","type-page","status-publish","hentry","no-featured-image"],"_links":{"self":[{"href":"https:\/\/porvoonurheilijat.fi\/yleisurheilu\/wp-json\/wp\/v2\/pages\/2430","targetHints":{"allow":["GET"]}}],"collection":[{"href":"https:\/\/porvoonurheilijat.fi\/yleisurheilu\/wp-json\/wp\/v2\/pages"}],"about":[{"href":"https:\/\/porvoonurheilijat.fi\/yleisurheilu\/wp-json\/wp\/v2\/types\/page"}],"author":[{"embeddable":true,"href":"https:\/\/porvoonurheilijat.fi\/yleisurheilu\/wp-json\/wp\/v2\/users\/10"}],"replies":[{"embeddable":true,"href":"https:\/\/porvoonurheilijat.fi\/yleisurheilu\/wp-json\/wp\/v2\/comments?post=2430"}],"version-history":[{"count":53,"href":"https:\/\/porvoonurheilijat.fi\/yleisurheilu\/wp-json\/wp\/v2\/pages\/2430\/revisions"}],"predecessor-version":[{"id":4122,"href":"https:\/\/porvoonurheilijat.fi\/yleisurheilu\/wp-json\/wp\/v2\/pages\/2430\/revisions\/4122"}],"up":[{"embeddable":true,"href":"https:\/\/porvoonurheilijat.fi\/yleisurheilu\/wp-json\/wp\/v2\/pages\/4"}],"wp:attachment":[{"href":"https:\/\/porvoonurheilijat.fi\/yleisurheilu\/wp-json\/wp\/v2\/media?parent=2430"}],"curies":[{"name":"wp","href":"https:\/\/api.w.org\/{rel}","templated":true}]}}