{"id":671,"date":"2018-03-22T21:19:31","date_gmt":"2018-03-22T19:19:31","guid":{"rendered":"http:\/\/porvoonurheilijat.fi\/yleisurheilu\/?page_id=671"},"modified":"2025-05-21T10:59:52","modified_gmt":"2025-05-21T07:59:52","slug":"5km-suomenkylan-testijuoksu","status":"publish","type":"page","link":"https:\/\/porvoonurheilijat.fi\/yleisurheilu\/kilpailut\/5km-suomenkylan-testijuoksu\/","title":{"rendered":"Suomenkyl\u00e4n testijuoksu 5km"},"content":{"rendered":"<h2><a href=\"https:\/\/porvoonurheilijat.fi\/yleisurheilu\/kilpailut\/5km-suomenkylan-testijuoksu\/suomenkylan-testijuoksun-16-10-tulokset\/\">Tulokset 16.10.2021<\/a><\/h2>\n<h2><a href=\"https:\/\/porvoonurheilijat.fi\/yleisurheilu\/kilpailut\/5km-suomenkylan-testijuoksu-aunelan-testijuoksun-perinteen-jatkaja-la-7-4-2018\/suomenkylan-testijuoksun-tulokset-30-3-2019\/\">Tulokset 30.3.2019<\/a><\/h2>\n<h2><a href=\"https:\/\/porvoonurheilijat.fi\/yleisurheilu\/kilpailut\/5km-suomenkylan-testijuoksu-aunelan-testijuoksun-perinteen-jatkaja-la-7-4-2018\/suomenkylan-testijuoksun-tulokset-7-4-2018\/\">Tulokset 7.4.2018<\/a><\/h2>\n<hr \/>\n<h3><span style=\"color: #000000\"><strong>SEURAAVA TESTIJUOKSU PIDET\u00c4\u00c4N xx.xx.xxxx<\/strong><\/span><\/h3>\n<p>Porvoon Urheilijoiden vuonna 2018 uudistunut testijuoksu juostaan j\u00e4lleen. Reitti on tarkkaan mitattu 5km, maisemiltaan kaunis ja nautittava mutta tarjoten kuitenkin haasteita my\u00f6s kovempaankin otatukseen itsens\u00e4 kanssa!<\/p>\n<ul>\n<li><strong>Suomenkyl\u00e4n testijuoksu 5km \/ 3km (Aunelan testijuoksun perinteen jatkaja)\u00a0<\/strong><\/li>\n<li><strong>Avoimet PU:n mestaruusmaantiejuoksut sarjoissa T\/P 7v \/ 9v \/ 11v \/13v \/15v<\/strong><\/li>\n<\/ul>\n<p>Tervetuloa mukaan kaikki uudet innokkaat sek\u00e4 vanhat konkarit!<\/p>\n<p>Tapahtuma on maksuton!<\/p>\n<p><strong>L\u00e4ht\u00f6paikka:<\/strong><\/p>\n<p><a href=\"https:\/\/www.google.fi\/maps\/place\/Suomenkyl%C3%A4ntie+27-29,+06100+Porvoo\/@60.4069906,25.6458876,294m\/data=!3m2!1e3!4b1!4m13!1m7!3m6!1s0x4691f69c20e573df:0xe4f29bcafae8bbc0!2sJernb%C3%B6lentie,+06100+Porvoo!3b1!8m2!3d60.4069166!4d25.6608028!3m4!1s0x4691f69a76eb30dd:0xdbcc2a95dc549194!8m2!3d60.4069906!4d25.6475353?hl=fi\">Google Maps<\/a><\/p>\n<p><strong>Reitti:<\/strong><\/p>\n<p>Suomenkyl\u00e4ntien ja Puolukkapolun risteyksest\u00e4 py\u00f6r\u00e4tiet\u00e4 2,5km Suomenkyl\u00e4n suuntaan ja takaisin<\/p>\n<p><strong>Alustava aikataulu:<\/strong><\/p>\n<ul>\n<li>Klo 11:00 T\/P 7v 500m<\/li>\n<li>Klo 11:05 T\/P 9v 1,0km<\/li>\n<li>Klo 11:15 T\/P 11v 1,5km<\/li>\n<li>Klo 11:30 N\/M 5,0km TAI 3,0 km sek\u00e4 T\/P 13v 2,0 km ja T\/P 15v 3,0km<\/li>\n<\/ul>\n<p><strong>Ilmoittautuminen:<\/strong><\/p>\n<ul>\n<li>Lapset 7-11v viimeist\u00e4\u00e4n <strong>10:45<\/strong> menness\u00e4<\/li>\n<li>5km juoksijat sek\u00e4 T\/P 13v klo <strong>10:45<\/strong> menness\u00e4<\/li>\n<\/ul>\n<p><strong>Palkinnot<\/strong><\/p>\n<p>Nuorten sarjoissa kilpaillaan avoimet PU:n mestaruusmaantiet ja palkitaan sarjoittain 3 parasta tytt\u00f6\u00e4 ja poikaa mahdollisimman pian maaliin tulon j\u00e4lkeen<\/p>\n<p>Aunelan testijuoksujen tulokset ja tilastot 1970-2017 l\u00f6yd\u00e4t t\u00e4\u00e4lt\u00e4 (sivun alareunasta):<\/p>\n<p><a href=\"https:\/\/porvoonurheilijat.fi\/yleisurheilu\/tilastot\/\">https:\/\/porvoonurheilijat.fi\/yleisurheilu\/tilastot\/<\/a><\/p>\n<h3>Tommy Ekblomin saatesanat:<\/h3>\n<p>Aunelan testijuoksun reittienn\u00e4tyksen haltija &amp; Porvoon Urheilijat ry:n puheenjohtaja Tommy Ekblom kutsuu kaikki porvoolaiset juoksun harrastajat testaamaan kuntoaan ja jatkamaan perinteit\u00e4 7.4.2018 ensimm\u00e4ist\u00e4 kertaa juostavaan Suomenkyl\u00e4n testijuoksuun:<\/p>\n<p>Viimeisten 48 vuoden kuluessa legendaarisella Aunelan testilenkill\u00e4 on ollut vankka sija porvoolaisten juoksijoiden keskuudessa. Juoksemalla testijuoksu joka kev\u00e4t samalla reitill\u00e4 suunnilleen samoihin aikoihin maalis- huhtikuun vaihteessa on pystytty seuraamaan kuntotason kehityst\u00e4 verrattuna edellisten vuosien kev\u00e4\u00e4n tilanteeseen. Aunelan testijuoksun rataprofiili on palvellut hyvin kev\u00e4\u00e4n m\u00e4kikauden teemaa sis\u00e4lt\u00e4en sopivasti pari haastavaa \u201dnyppyl\u00e4\u00e4\u201d reitin varrella.<\/p>\n<p>Omalla urallani Aunelan testijuoksut olivat aina varma kev\u00e4\u00e4n merkki. Niit\u00e4 saatettiin juosta kolmekin kertaa kev\u00e4\u00e4n aikana. Parhaimmillaan testit olivat silloin, kun karsittiin seuran juoksijoita SM-maantieviestiin. Joukkueeseen hinku oli kova, sill\u00e4 PU oli monesti etuk\u00e4teissuosikki palkintopallille. Valintakriteerit oli ly\u00f6ty lukkoon jo aikaisessa vaiheessa tammikuussa Karhunkorven pitkill\u00e4 sunnuntailenkeill\u00e4.<\/p>\n<p>Vaikka Aunelan testijuoksujen historia on hieno ja t\u00e4ynn\u00e4 nostalgian aaltoja nostattavia muistoja, tulee el\u00e4m\u00e4ss\u00e4 toisinaan vastaan tilanteita jolloin on aika katsoa eteenp\u00e4in. Aunelan kierros ei ole en\u00e4\u00e4 sama kuin sen historian alkuaikoina. Silloin p\u00e4\u00e4si vet\u00e4m\u00e4\u00e4n kukkatalon ja sairaalan kurvit kohtalaisen loivina, niin ett\u00e4 niihin tarvinnut jarruttaa. Liikennett\u00e4k\u00e4\u00e4n ei siihen aikaan ollut kovinkaan paljoa, joten juoksijat uskalsivat vet\u00e4\u00e4 kurvit suoriksi viimeist\u00e4\u00e4n silloin, kun l\u00e4hdettiin laskemaan Joonanm\u00e4elt\u00e4 kohti uimahallia.<\/p>\n<p>T\u00e4m\u00e4n p\u00e4iv\u00e4n tilanteessa on ehdottomasti otettava huomioon turvallisuusn\u00e4k\u00f6kulma. Haluaisimme n\u00e4hd\u00e4 koko PU-perheen ja my\u00f6s muiden l\u00e4hiseudun kest\u00e4vyysjuoksijoiden ja kest\u00e4vyysurheilijoiden osallistuvan kev\u00e4\u00e4ll\u00e4 j\u00e4rjestett\u00e4v\u00e4\u00e4n testijuoksuun. Perinteinen Aunelan reitti, sis\u00e4lt\u00e4en useita risteyksi\u00e4 ja vaarallisia tienylityksi\u00e4, ei vain en\u00e4\u00e4 nyky\u00e4\u00e4n sovellu t\u00e4h\u00e4n tarkoitukseen.<\/p>\n<p>T\u00e4st\u00e4 syyst\u00e4 teemme muutoksia ja viemme kev\u00e4\u00e4n testijuoksun uudelle reitille. L\u00e4ht\u00f6 tulee tapahtumaan J\u00e4rnb\u00f6lest\u00e4 joen rannalta ja reitti suuntautuu py\u00f6r\u00e4tiet\u00e4 pitkin kohti Suomenkyl\u00e4\u00e4. Reitill\u00e4 on kauniita maalaismaisemia sek\u00e4 sopivasti kumpuilevaa maastoa, mik\u00e4 sopii kev\u00e4\u00e4n teemaan. Ja mik\u00e4 t\u00e4rkeint\u00e4, juoksijat kirmaisevat edestakaisella reitill\u00e4 koko matkan py\u00f6r\u00e4tiell\u00e4, poissa autojen seasta.<\/p>\n<p>Eik\u00e4 testijuoksujen merkitys ole muuttunut mihink\u00e4\u00e4n, niit\u00e4 tarvitaan. Niill\u00e4 on hyv\u00e4 mitata talvella tehdyn ty\u00f6n tulosta ja arvioida sen perusteella tulevan kes\u00e4kauden mahdollisuuksia sek\u00e4 tulevissa harjoituksissa k\u00e4ytett\u00e4vi\u00e4 vauhteja. Tarvittaessa voi tehd\u00e4 viel\u00e4 korjausliikkeit\u00e4kin kev\u00e4\u00e4n suunnitelmiin.Testijuoksut ovat samalla my\u00f6s mainioita hapenoton harjoituksia ennen varsinaisen kilpailukauden alkamista ja testijuoksuihin latautuu yleens\u00e4 paremmin kuin viikon perustreeneihin.<\/p>\n<p>Rakennetaan t\u00e4st\u00e4 isolla joukolla Aunelan veroinen traditio nyt ja tulevina vuosina ja otetaan irti se harjoituksellinen hy\u00f6ty, mink\u00e4 hyv\u00e4 testijuoksu voi tarjota!<\/p>\n<p>Ollaan silloin yhdess\u00e4 l\u00e4ht\u00f6viivalla!<\/p>\n<p>Terveisin<\/p>\n<p>Tommy Ekblom<br \/>\npuheenjohtaja<br \/>\nPorvoon Urheilijat ry<\/p>\n","protected":false},"excerpt":{"rendered":"<p>Tulokset 16.10.2021 Tulokset 30.3.2019 Tulokset 7.4.2018 SEURAAVA TESTIJUOKSU PIDET\u00c4\u00c4N xx.xx.xxxx Porvoon Urheilijoiden vuonna 2018 uudistunut testijuoksu juostaan j\u00e4lleen. Reitti on tarkkaan mitattu 5km, maisemiltaan kaunis ja nautittava mutta tarjoten kuitenkin haasteita my\u00f6s kovempaankin otatukseen itsens\u00e4 kanssa! Suomenkyl\u00e4n testijuoksu 5km \/ 3km (Aunelan testijuoksun perinteen jatkaja)\u00a0 Avoimet PU:n mestaruusmaantiejuoksut sarjoissa T\/P 7v \/ 9v \/ 11v &hellip; <a href=\"https:\/\/porvoonurheilijat.fi\/yleisurheilu\/kilpailut\/5km-suomenkylan-testijuoksu\/\" class=\"more-link\">Jatka artikkeliin <span class=\"screen-reader-text\">Suomenkyl\u00e4n testijuoksu 5km<\/span><\/a><\/p>\n","protected":false},"author":4,"featured_media":741,"parent":24,"menu_order":0,"comment_status":"closed","ping_status":"closed","template":"","meta":{"footnotes":""},"class_list":["post-671","page","type-page","status-publish","has-post-thumbnail","hentry"],"_links":{"self":[{"href":"https:\/\/porvoonurheilijat.fi\/yleisurheilu\/wp-json\/wp\/v2\/pages\/671","targetHints":{"allow":["GET"]}}],"collection":[{"href":"https:\/\/porvoonurheilijat.fi\/yleisurheilu\/wp-json\/wp\/v2\/pages"}],"about":[{"href":"https:\/\/porvoonurheilijat.fi\/yleisurheilu\/wp-json\/wp\/v2\/types\/page"}],"author":[{"embeddable":true,"href":"https:\/\/porvoonurheilijat.fi\/yleisurheilu\/wp-json\/wp\/v2\/users\/4"}],"replies":[{"embeddable":true,"href":"https:\/\/porvoonurheilijat.fi\/yleisurheilu\/wp-json\/wp\/v2\/comments?post=671"}],"version-history":[{"count":31,"href":"https:\/\/porvoonurheilijat.fi\/yleisurheilu\/wp-json\/wp\/v2\/pages\/671\/revisions"}],"predecessor-version":[{"id":3991,"href":"https:\/\/porvoonurheilijat.fi\/yleisurheilu\/wp-json\/wp\/v2\/pages\/671\/revisions\/3991"}],"up":[{"embeddable":true,"href":"https:\/\/porvoonurheilijat.fi\/yleisurheilu\/wp-json\/wp\/v2\/pages\/24"}],"wp:featuredmedia":[{"embeddable":true,"href":"https:\/\/porvoonurheilijat.fi\/yleisurheilu\/wp-json\/wp\/v2\/media\/741"}],"wp:attachment":[{"href":"https:\/\/porvoonurheilijat.fi\/yleisurheilu\/wp-json\/wp\/v2\/media?parent=671"}],"curies":[{"name":"wp","href":"https:\/\/api.w.org\/{rel}","templated":true}]}}