{"id":740,"date":"2018-04-07T18:48:47","date_gmt":"2018-04-07T15:48:47","guid":{"rendered":"http:\/\/porvoonurheilijat.fi\/yleisurheilu\/?page_id=740"},"modified":"2018-04-07T19:18:49","modified_gmt":"2018-04-07T16:18:49","slug":"suomenkylan-testijuoksun-tulokset-7-4-2018","status":"publish","type":"page","link":"https:\/\/porvoonurheilijat.fi\/yleisurheilu\/kilpailut\/5km-suomenkylan-testijuoksu\/suomenkylan-testijuoksun-tulokset-7-4-2018\/","title":{"rendered":"Suomenkyl\u00e4n testijuoksun tulokset 7.4.2018"},"content":{"rendered":"<h2>Suomenkyl\u00e4n testijuoksu 5km<\/h2>\n<p><strong>Miehet, 5km<\/strong><br \/>\n1. Ville Lehtoniemi 16,49<br \/>\n2. Carl Bj\u00f6rkendahl 17,04<br \/>\n3. Viki Kankkonen 17,49<br \/>\n4. Kim L\u00f6nstr\u00f6m 18,14<br \/>\n5. Joona Heikker\u00f6 19,29<br \/>\n6. Benjamin Bj\u00f6rkell 19,39<br \/>\n7. Kari Hietamies 19,40<br \/>\n8. Vesa-Matti Masalin 20,00<br \/>\n9. Jan Alden 20,29<br \/>\n10. Heimo K\u00e4rkk\u00e4inen 20,44<br \/>\n11. Tommy Ekblom 20,50<br \/>\n12. Jari Pekonen 20,51<br \/>\n13. Peter Heikker\u00f6 21,17<br \/>\n14. Marko Peitsoma 21,27<br \/>\n15. Aulis Salo 21,35<br \/>\n16. Toni Nurmivaara 24,11<br \/>\n17. Leif Karlsson 24,43<br \/>\n18. Pekka Jatkola 24,55<br \/>\n19. Vesa Lindell 26,43<br \/>\n20. Raimo Myrtenblad 30,36<\/p>\n<p><strong>Naiset, 5km<\/strong><br \/>\n1. Sara Kuivisto 17,39<br \/>\n2. Lina Romberg 20,25<br \/>\n3. Ada Kiiski 22,52<br \/>\n4. Sirpa Nordling 23,01<br \/>\n5. Seija Nurmi 23,29<br \/>\n6. Michaela Gr\u00e4sbeck 24,58<br \/>\n7. Tuija Hovilehto 25,38<br \/>\n8. Antje Kleylein 26,42<br \/>\n9. Hele-Mai Veskim\u00e4e 27,34<br \/>\n10. Isa Myrtenblad 31,41<br \/>\n11. Hanna Jokkala 32,20<\/p>\n<p>&nbsp;<\/p>\n<hr \/>\n<h2><\/h2>\n<h2>Avoimet PU:n mestaruusmaantiejuoksut sarjoissa 7-13v.<\/h2>\n<p><strong>Pojat 7v, 0,5km<\/strong><br \/>\n1. Elias Mattila 2,09<\/p>\n<p><strong>Tyt\u00f6t 7v, 0,5km<\/strong><br \/>\n1. Ella Tuparinne 2,12<br \/>\n2. Saana Uotila 2,18<br \/>\n3. Nala Lassenius 3,21<\/p>\n<p><strong>Pojat 9v, 1km<\/strong><br \/>\n1. Mats Veskim\u00e4e 4,17<br \/>\n2. Jonne Lindholm 4,17<br \/>\n3. Leo Kouki 4,28<br \/>\n4. Alex Leiramo 4,47<br \/>\n5. Luka Soiramo 5,03<\/p>\n<p><strong>Tyt\u00f6t 9v, 1km<\/strong><br \/>\n1. Maiju M\u00e4itt\u00e4l\u00e4 4,47<br \/>\n2. Enni Jokkala 4,54<br \/>\n3. Sara Tuparinne 5,08<br \/>\n4. Elli Mattila 5,10<br \/>\n5. Ada Myrtenblad 5,11<\/p>\n<p><strong>Pojat 11v, 1,5km<\/strong><br \/>\n1. Lauri Kortej\u00e4rvi 6,02<br \/>\n2. Anton Myrtenblad 6,15<br \/>\n3. Jonne Saraniemi 6,18<br \/>\n4. Jaakko Kankkonen 6,19<br \/>\n5. Vili Kouki 6,20<br \/>\n6. Veli Lindroos 7,18<\/p>\n<p><strong>Tyt\u00f6t 11v, 1,5km<\/strong><br \/>\n1. Hertta Turunen 6,12<br \/>\n2. Alisa Kiiski 6,20<br \/>\n3. Saana Knoop 6,25<br \/>\n4. Brenda Jalkanen 6,36<br \/>\n5. Aino Pirhonen 6,37<br \/>\n6. Aino Jokkala 6,52<br \/>\n7. Anni Kiiski 7,10<br \/>\n8. Miisa M\u00e4itt\u00e4l\u00e4 7,26<\/p>\n<p><strong>Pojat 13v, 2km<\/strong><br \/>\n1. Niilo M\u00f6ls\u00e4 8,20<\/p>\n<p><strong>Tyt\u00f6t 13v, 2km<\/strong><br \/>\n1. Aino Lindroos 8,31<br \/>\n2. Sara Koskela 8,42<br \/>\n3. Saara Eriksson 8,55<br \/>\n4. Suvi Knoop 9,09<br \/>\n5. Inari Uotila 9,20<br \/>\n6. Iida Hyv\u00e4rinen 9,22<br \/>\n7. Jenny Eriksson 9,28<\/p>\n","protected":false},"excerpt":{"rendered":"<p>Suomenkyl\u00e4n testijuoksu 5km Miehet, 5km 1. Ville Lehtoniemi 16,49 2. Carl Bj\u00f6rkendahl 17,04 3. Viki Kankkonen 17,49 4. Kim L\u00f6nstr\u00f6m 18,14 5. Joona Heikker\u00f6 19,29 6. Benjamin Bj\u00f6rkell 19,39 7. Kari Hietamies 19,40 8. Vesa-Matti Masalin 20,00 9. Jan Alden 20,29 10. Heimo K\u00e4rkk\u00e4inen 20,44 11. Tommy Ekblom 20,50 12. Jari Pekonen 20,51 13. Peter &hellip; <a href=\"https:\/\/porvoonurheilijat.fi\/yleisurheilu\/kilpailut\/5km-suomenkylan-testijuoksu\/suomenkylan-testijuoksun-tulokset-7-4-2018\/\" class=\"more-link\">Jatka artikkeliin <span class=\"screen-reader-text\">Suomenkyl\u00e4n testijuoksun tulokset 7.4.2018<\/span><\/a><\/p>\n","protected":false},"author":4,"featured_media":741,"parent":671,"menu_order":0,"comment_status":"closed","ping_status":"closed","template":"","meta":{"footnotes":""},"class_list":["post-740","page","type-page","status-publish","has-post-thumbnail","hentry"],"_links":{"self":[{"href":"https:\/\/porvoonurheilijat.fi\/yleisurheilu\/wp-json\/wp\/v2\/pages\/740","targetHints":{"allow":["GET"]}}],"collection":[{"href":"https:\/\/porvoonurheilijat.fi\/yleisurheilu\/wp-json\/wp\/v2\/pages"}],"about":[{"href":"https:\/\/porvoonurheilijat.fi\/yleisurheilu\/wp-json\/wp\/v2\/types\/page"}],"author":[{"embeddable":true,"href":"https:\/\/porvoonurheilijat.fi\/yleisurheilu\/wp-json\/wp\/v2\/users\/4"}],"replies":[{"embeddable":true,"href":"https:\/\/porvoonurheilijat.fi\/yleisurheilu\/wp-json\/wp\/v2\/comments?post=740"}],"version-history":[{"count":3,"href":"https:\/\/porvoonurheilijat.fi\/yleisurheilu\/wp-json\/wp\/v2\/pages\/740\/revisions"}],"predecessor-version":[{"id":746,"href":"https:\/\/porvoonurheilijat.fi\/yleisurheilu\/wp-json\/wp\/v2\/pages\/740\/revisions\/746"}],"up":[{"embeddable":true,"href":"https:\/\/porvoonurheilijat.fi\/yleisurheilu\/wp-json\/wp\/v2\/pages\/671"}],"wp:featuredmedia":[{"embeddable":true,"href":"https:\/\/porvoonurheilijat.fi\/yleisurheilu\/wp-json\/wp\/v2\/media\/741"}],"wp:attachment":[{"href":"https:\/\/porvoonurheilijat.fi\/yleisurheilu\/wp-json\/wp\/v2\/media?parent=740"}],"curies":[{"name":"wp","href":"https:\/\/api.w.org\/{rel}","templated":true}]}}