{"id":88,"date":"2017-07-26T10:47:42","date_gmt":"2017-07-26T07:47:42","guid":{"rendered":"http:\/\/porvoonurheilijat.int2000.net\/yleisurheilu\/?page_id=88"},"modified":"2026-04-09T15:47:23","modified_gmt":"2026-04-09T12:47:23","slug":"lisatietoja-maksuista","status":"publish","type":"page","link":"https:\/\/porvoonurheilijat.fi\/yleisurheilu\/lisatietoja-maksuista\/","title":{"rendered":"Lis\u00e4tietoja maksuista"},"content":{"rendered":"<p>Maksut pohjautuvat SUL:n suositusten mukaisesti ik\u00e4\u00e4n ja harrastus m\u00e4\u00e4riin. Harjoitusmaksut on maksettava viimeist\u00e4\u00e4n er\u00e4p\u00e4iv\u00e4n\u00e4, laskutusasioiden jatkohoito on ulkoistettu Vismalle.<\/p>\n<p><strong>Maksutaulukko kes\u00e4kaudesta <\/strong><strong>2026 alkaen:<\/strong><\/p>\n<table style=\"height: 282px\" border=\"1\" width=\"739\">\n<tbody>\n<tr>\n<td style=\"text-align: center\" width=\"197\"><strong>Ryhm\u00e4<\/strong><\/td>\n<td style=\"text-align: center\" width=\"160\"><strong>Viikkoharjoituksia<\/strong><\/td>\n<td style=\"text-align: center\" width=\"125\"><strong>Maksut<\/strong><\/td>\n<\/tr>\n<tr>\n<td style=\"text-align: center\" width=\"197\">\u00a0<\/td>\n<td style=\"text-align: center\" width=\"160\">\u00a0<\/td>\n<td style=\"text-align: center\" width=\"125\">\u00a0<\/td>\n<\/tr>\n<tr>\n<td style=\"text-align: center\" width=\"197\">MiniHippo YU-koulu 2022 synt.<\/td>\n<td style=\"text-align: center\" width=\"160\">2<\/td>\n<td style=\"text-align: center\" width=\"125\">125 \/ maksukausi<\/td>\n<\/tr>\n<tr>\n<td style=\"text-align: center\" width=\"197\">Hippo YU-koulu, 2020-2021 synt.<\/td>\n<td style=\"text-align: center\" width=\"160\">2<\/td>\n<td style=\"text-align: center\" width=\"125\">125 \/ maksukausi<\/td>\n<\/tr>\n<tr>\n<td style=\"text-align: center\" width=\"197\">Yleisurheilu Junior 2017-2019<\/td>\n<td style=\"text-align: center\" width=\"160\">2-3<\/td>\n<td style=\"text-align: center\" width=\"125\">190 \/ maksukausi<\/td>\n<\/tr>\n<tr>\n<td style=\"text-align: center\" width=\"197\">Yleisurheilu 2013-2016<\/td>\n<td style=\"text-align: center\" width=\"160\">3-4<\/td>\n<td style=\"text-align: center\" width=\"125\">230 \/ maksukausi<\/td>\n<\/tr>\n<tr>\n<td style=\"text-align: center\" width=\"197\">Yleisurheilu Teho*<\/td>\n<td style=\"text-align: center\" width=\"160\">2-5<\/td>\n<td style=\"text-align: center\" width=\"125\">260 \/ maksukausi<\/td>\n<\/tr>\n<tr>\n<td style=\"text-align: center\" width=\"197\">Juoksuryhm\u00e4*<\/td>\n<td style=\"text-align: center\" width=\"160\">2-6<\/td>\n<td style=\"text-align: center\" width=\"125\">250 \/ maksukausi<\/td>\n<\/tr>\n<tr>\n<td style=\"text-align: center\" width=\"197\">Nuorisovalmennus*<\/td>\n<td style=\"text-align: center\" width=\"160\">r\u00e4\u00e4t\u00e4l\u00f6ity ohjelma<\/td>\n<td style=\"text-align: center\" width=\"125\">r\u00e4\u00e4t\u00e4l\u00f6ity maksu \/alk. 260<\/td>\n<\/tr>\n<\/tbody>\n<\/table>\n<ul>*Yu teho \/ juoksuryhm\u00e4 \/ nuorisovalmennus vain yhteydenoton kautta, ei suoraa ilmoittautumista.<\/ul>\n<ul>\n<li>Ilmoittautuminen kaikkiin harjoitusryhmiin on toistaiseksi voimassa oleva ja laskutetaan 4kk jaksoissa (tammi-huhti, touko-elo, syys-joulu). Mik\u00e4li ilmoittautumisen jatkossa haluaa perua, tulee se tehd\u00e4 viimeist\u00e4\u00e4n seitsem\u00e4n (7) p\u00e4iv\u00e4\u00e4 ennen uuden 4kk jakson alkua l\u00e4hett\u00e4m\u00e4ll\u00e4 s\u00e4hk\u00f6postia osoitteeseen: <a href=\"mailto:hippoyleisurheilukoulu.pu@gmail.com\">hippoyleisurheilukoulu.pu@gmail.com<\/a>\u00a0<\/li>\n<li>Perhealennus: Minihippo- ja Hippo-yleisurheilukoulun maksusta 10\u20ac\/4kk , YU-ryhmien maksusta ja valmennusryhmien maksuista 40\u20ac\/4kk.<\/li>\n<li>Perheen korkein maksu maksetaan kokonaisuudessaan, alennukset sit\u00e4 seuraavista maksuista.<\/li>\n<li>Lis\u00e4ksi kunkin vuoden ensimm\u00e4isen laskun yhteydess\u00e4 laskutetaan PU:n j\u00e4senmaksu 2026 25\u20ac.<\/li>\n<li>Lasten harjoitusryhmiss\u00e4, sek\u00e4 Valmennusryhmiss\u00e4 syyskauden yhteydess\u00e4 laskutetaan, my\u00f6s Suomen Urheiluliiton Lisenssimaksu vuodelle 2026 (30.9.2026 asti, alkaen 1.10.2025). Lasten lisenssi A 2013-2018 syntyneet 34\u20ac, Lasten lisenssi B 2019 syntyneet ja nuoremmat 18\u20ac, Nuorten lisenssi 2012-2009 44\u20ac, ja 2008 ja vanhemmat 54\u20ac. Lisenssi on pakollinen kaikissa SUL:n alaisissa kilpailuissa ja sis\u00e4lt\u00e4\u00e4 2013-syntyneill\u00e4 ja nuoremmilla, my\u00f6s tapaturmavakuutuksen. 2012-syntyneill\u00e4 ja vanhemmilla vakuutus lis\u00e4maksusta. Seura maksaa lisenssit kaikille keskitetysti.<\/li>\n<li>Ensimm\u00e4ist\u00e4 kertaan mukaan tulevalle ensimm\u00e4inen yleisurheilulisenssi:\n<ul>\n<li>UUSI: Lasten Tervetuloa yleisurheiluun \u2013lisenssi 2013\u20132018 syntyneelle ensimm\u00e4isen yleisurheilulisenssin hankkivalle: 18 \u20ac (vastaa Lasten lisenssi A:ta, sis\u00e4lt\u00e4\u00e4 Sporttiturvan)<\/li>\n<li>UUSI: Nuorten Tervetuloa yleisurheiluun -lisenssi 2009\u20132012-syntyneelle ensimm\u00e4isen yleisurheilulisenssin hankkivalle: 18 \u20ac (vastaa Nuorten lisenssi\u00e4, ei sis\u00e4ll\u00e4 Sporttiturvaa)\u00a0<\/li>\n<\/ul>\n<\/li>\n<\/ul>\n<p style=\"text-align: left\">\u00a0 \u00a0 \u00a0 Lisenssiasiat tarkistetaan joka maksukaudelle erikseen liitolta.<\/p>\n<ul>\n<li>My\u00f6s Hippo-yleisurheilukoulujen vuoden ensimm\u00e4isen laskun yhteydess\u00e4 laskutetaan Lasten lisenssimaksu (B) 18\u20ac. Mik\u00e4li lapsella on jo asiaankuuluva vakuutusturva hankittuna oman vakuutuksen kautta, voitte halutessanne j\u00e4tt\u00e4\u00e4 lisenssin maksamatta. Merkitk\u00e4\u00e4 t\u00e4ll\u00f6in vastaava alennusrivi laskulle ilmoittautumisen yhteydess\u00e4. Pyyd\u00e4mme huomioimaan, ett\u00e4 t\u00e4ll\u00f6in vastuu vakuutusturvasta siirtyy teille.<\/li>\n<li>Kilpailulisenssin ja vakuutuksen voimassaolo edellytt\u00e4\u00e4 urheilijan kirjaamista suomisport j\u00e4rjestelm\u00e4n ohjeen mukaan.<\/li>\n<li>Mik\u00e4li olet uusi j\u00e4sen, ensimm\u00e4isen laskun yhteydess\u00e4 sinulta laskutetaan maksukauden lis\u00e4ksi, sek\u00e4 lisenssi ett\u00e4 seuran j\u00e4senmaksu.<\/li>\n<li>Tutustu lisenssin sis\u00e4lt\u00e4m\u00e4n tapaturmavakuutuksen\u00a0Vakuutusehtoihin t\u00e4\u00e4ll\u00e4:<br \/><a href=\"https:\/\/www.yleisurheilu.fi\/seurat\/yleisurheilulisenssit\/\">http:\/\/www.yleisurheilu.fi\/seurat\/yleisurheilulisenssit\/lisenssivakuutus<\/a><\/li>\n<\/ul>\n<p>Kaikki yhteydenpito, sek\u00e4 mahdollinen osallistumisen peruuttaminen ehtojen mukaan osoitteeseen: hippoyleisurheilukoulu.pu@gmail.com<\/p>\n<p>Kaikkien harjoitusten osalta seuran Valmentajat muodostavat harjoitus-kokonaisuudet; miten ja kenen kanssa ryhm\u00e4t harjoittelee. Jos suunnitelluista harjoituksista, tai ryhmist\u00e4 haluaa esitt\u00e4\u00e4 kysymyksi\u00e4 ennen uuden kauden alkua: hippoyleisurheilukoulu.pu@gmail.com\u00a0<\/p>\n\n\n<p>Valmentajat eiv\u00e4t vastaanota peruutuksia. Osallistumisen peruutusta ei voi suorittaa myClubissa ja myClub j\u00e4rjestelm\u00e4n viestit eiv\u00e4t tue vastaamista.<\/p>\n","protected":false},"excerpt":{"rendered":"<p>Maksut pohjautuvat SUL:n suositusten mukaisesti ik\u00e4\u00e4n ja harrastus m\u00e4\u00e4riin. Harjoitusmaksut on maksettava viimeist\u00e4\u00e4n er\u00e4p\u00e4iv\u00e4n\u00e4, laskutusasioiden jatkohoito on ulkoistettu Vismalle. Maksutaulukko kes\u00e4kaudesta 2026 alkaen: Ryhm\u00e4 Viikkoharjoituksia Maksut \u00a0 \u00a0 \u00a0 MiniHippo YU-koulu 2022 synt. 2 125 \/ maksukausi Hippo YU-koulu, 2020-2021 synt. 2 125 \/ maksukausi Yleisurheilu Junior 2017-2019 2-3 190 \/ maksukausi Yleisurheilu 2013-2016 3-4 &hellip; <a href=\"https:\/\/porvoonurheilijat.fi\/yleisurheilu\/lisatietoja-maksuista\/\" class=\"more-link\">Jatka artikkeliin <span class=\"screen-reader-text\">Lis\u00e4tietoja maksuista<\/span><\/a><\/p>\n","protected":false},"author":4,"featured_media":0,"parent":0,"menu_order":0,"comment_status":"closed","ping_status":"closed","template":"templates\/full-width-page.php","meta":{"footnotes":""},"class_list":["post-88","page","type-page","status-publish","hentry","no-featured-image"],"_links":{"self":[{"href":"https:\/\/porvoonurheilijat.fi\/yleisurheilu\/wp-json\/wp\/v2\/pages\/88","targetHints":{"allow":["GET"]}}],"collection":[{"href":"https:\/\/porvoonurheilijat.fi\/yleisurheilu\/wp-json\/wp\/v2\/pages"}],"about":[{"href":"https:\/\/porvoonurheilijat.fi\/yleisurheilu\/wp-json\/wp\/v2\/types\/page"}],"author":[{"embeddable":true,"href":"https:\/\/porvoonurheilijat.fi\/yleisurheilu\/wp-json\/wp\/v2\/users\/4"}],"replies":[{"embeddable":true,"href":"https:\/\/porvoonurheilijat.fi\/yleisurheilu\/wp-json\/wp\/v2\/comments?post=88"}],"version-history":[{"count":115,"href":"https:\/\/porvoonurheilijat.fi\/yleisurheilu\/wp-json\/wp\/v2\/pages\/88\/revisions"}],"predecessor-version":[{"id":4101,"href":"https:\/\/porvoonurheilijat.fi\/yleisurheilu\/wp-json\/wp\/v2\/pages\/88\/revisions\/4101"}],"wp:attachment":[{"href":"https:\/\/porvoonurheilijat.fi\/yleisurheilu\/wp-json\/wp\/v2\/media?parent=88"}],"curies":[{"name":"wp","href":"https:\/\/api.w.org\/{rel}","templated":true}]}}